{"id":910,"date":"2024-05-13T22:37:33","date_gmt":"2024-05-14T01:37:33","guid":{"rendered":"https:\/\/glovesup.com.br\/?post_type=product&#038;p=910"},"modified":"2025-10-13T17:15:21","modified_gmt":"2025-10-13T20:15:21","slug":"bompack-prope-tnt-branco-tamanho-unico-c-100","status":"publish","type":"product","link":"https:\/\/glovesup.com.br\/index.php\/produto\/bompack-prope-tnt-branco-tamanho-unico-c-100\/","title":{"rendered":"BOMPACK -PROPE TNT BRANCO \/ tamanho \u00fanico &#8211; c\/100"},"content":{"rendered":"<section class=\"KS6Dwf\">\n<div class=\"AspnF\">\n<div class=\"BfIk5d\">\n<div>\n<div class=\"Zh8lCd\">\n<p class=\"sh-ds__desc\"><span class=\"sh-ds__trunc\"><span class=\"sh-ds__trunc-txt translate-content\">Prop\u00e9 TNT Branco Tamanho \u00danico C\/100 Unidades Bompack.A Sapatilha Prop\u00e9 \u00e9 fabricado em tecido n\u00e3o tecido, com el\u00e1stico em suas bordas.<\/span><\/span><\/p>\n<\/div>\n<\/div>\n<\/div>\n<\/div>\n<\/section>\n<section id=\"reviews\" class=\"KS6Dwf\">\n<div class=\"AMxILd\"><\/div>\n<\/section>\n","protected":false},"excerpt":{"rendered":"<p>Prop\u00e9 TNT Branco Tamanho \u00danico C\/100 Unidades Bompack.A Sapatilha Prop\u00e9 \u00e9 fabricado em tecido n\u00e3o tecido, com el\u00e1stico em suas bordas.<\/p>\n","protected":false},"featured_media":913,"comment_status":"open","ping_status":"closed","template":"","meta":{"_joinchat":[]},"product_brand":[],"product_cat":[52,85,83],"product_tag":[],"class_list":{"0":"post-910","1":"product","2":"type-product","3":"status-publish","4":"has-post-thumbnail","6":"product_cat-bompack","7":"product_cat-bompack-complementos","8":"product_cat-acessorios-descartaveis-2","10":"first","11":"instock","12":"shipping-taxable","13":"purchasable","14":"product-type-simple"},"yoast_head":"<!-- This site is optimized with the Yoast SEO plugin v24.3 - https:\/\/yoast.com\/wordpress\/plugins\/seo\/ -->\n<title>BOMPACK -PROPE TNT BRANCO \/ tamanho \u00fanico - c\/100 - GLOVES&#039;UP<\/title>\n<meta name=\"robots\" content=\"index, follow, max-snippet:-1, max-image-preview:large, max-video-preview:-1\" \/>\n<link rel=\"canonical\" href=\"https:\/\/glovesup.com.br\/index.php\/produto\/bompack-prope-tnt-branco-tamanho-unico-c-100\/\" \/>\n<meta property=\"og:locale\" content=\"pt_BR\" \/>\n<meta property=\"og:type\" content=\"article\" \/>\n<meta property=\"og:title\" content=\"BOMPACK -PROPE TNT BRANCO \/ tamanho \u00fanico - c\/100 - GLOVES&#039;UP\" \/>\n<meta property=\"og:description\" content=\"Prop\u00e9 TNT Branco Tamanho \u00danico C\/100 Unidades Bompack.A Sapatilha Prop\u00e9 \u00e9 fabricado em tecido n\u00e3o tecido, com el\u00e1stico em suas bordas.\" \/>\n<meta property=\"og:url\" content=\"https:\/\/glovesup.com.br\/index.php\/produto\/bompack-prope-tnt-branco-tamanho-unico-c-100\/\" \/>\n<meta property=\"og:site_name\" content=\"GLOVES&#039;UP\" \/>\n<meta property=\"article:modified_time\" content=\"2025-10-13T20:15:21+00:00\" \/>\n<meta property=\"og:image\" content=\"https:\/\/glovesup.com.br\/wp-content\/uploads\/2024\/05\/PROPE-1.png\" \/>\n\t<meta property=\"og:image:width\" content=\"243\" \/>\n\t<meta property=\"og:image:height\" content=\"262\" \/>\n\t<meta property=\"og:image:type\" content=\"image\/png\" \/>\n<meta name=\"twitter:card\" content=\"summary_large_image\" \/>\n<meta name=\"twitter:label1\" content=\"Est. tempo de leitura\" \/>\n\t<meta name=\"twitter:data1\" content=\"1 minuto\" \/>\n<script type=\"application\/ld+json\" class=\"yoast-schema-graph\">{\"@context\":\"https:\/\/schema.org\",\"@graph\":[{\"@type\":\"WebPage\",\"@id\":\"https:\/\/glovesup.com.br\/index.php\/produto\/bompack-prope-tnt-branco-tamanho-unico-c-100\/\",\"url\":\"https:\/\/glovesup.com.br\/index.php\/produto\/bompack-prope-tnt-branco-tamanho-unico-c-100\/\",\"name\":\"BOMPACK -PROPE TNT BRANCO \/ tamanho \u00fanico - c\/100 - GLOVES&#039;UP\",\"isPartOf\":{\"@id\":\"https:\/\/glovesup.com.br\/#website\"},\"primaryImageOfPage\":{\"@id\":\"https:\/\/glovesup.com.br\/index.php\/produto\/bompack-prope-tnt-branco-tamanho-unico-c-100\/#primaryimage\"},\"image\":{\"@id\":\"https:\/\/glovesup.com.br\/index.php\/produto\/bompack-prope-tnt-branco-tamanho-unico-c-100\/#primaryimage\"},\"thumbnailUrl\":\"https:\/\/glovesup.com.br\/wp-content\/uploads\/2024\/05\/PROPE-1.png\",\"datePublished\":\"2024-05-14T01:37:33+00:00\",\"dateModified\":\"2025-10-13T20:15:21+00:00\",\"breadcrumb\":{\"@id\":\"https:\/\/glovesup.com.br\/index.php\/produto\/bompack-prope-tnt-branco-tamanho-unico-c-100\/#breadcrumb\"},\"inLanguage\":\"pt-BR\",\"potentialAction\":[{\"@type\":\"ReadAction\",\"target\":[\"https:\/\/glovesup.com.br\/index.php\/produto\/bompack-prope-tnt-branco-tamanho-unico-c-100\/\"]}]},{\"@type\":\"ImageObject\",\"inLanguage\":\"pt-BR\",\"@id\":\"https:\/\/glovesup.com.br\/index.php\/produto\/bompack-prope-tnt-branco-tamanho-unico-c-100\/#primaryimage\",\"url\":\"https:\/\/glovesup.com.br\/wp-content\/uploads\/2024\/05\/PROPE-1.png\",\"contentUrl\":\"https:\/\/glovesup.com.br\/wp-content\/uploads\/2024\/05\/PROPE-1.png\",\"width\":243,\"height\":262},{\"@type\":\"BreadcrumbList\",\"@id\":\"https:\/\/glovesup.com.br\/index.php\/produto\/bompack-prope-tnt-branco-tamanho-unico-c-100\/#breadcrumb\",\"itemListElement\":[{\"@type\":\"ListItem\",\"position\":1,\"name\":\"In\u00edcio\",\"item\":\"https:\/\/glovesup.com.br\/\"},{\"@type\":\"ListItem\",\"position\":2,\"name\":\"LOJA\",\"item\":\"https:\/\/glovesup.com.br\/\"},{\"@type\":\"ListItem\",\"position\":3,\"name\":\"BOMPACK -PROPE TNT BRANCO \/ tamanho \u00fanico &#8211; c\/100\"}]},{\"@type\":\"WebSite\",\"@id\":\"https:\/\/glovesup.com.br\/#website\",\"url\":\"https:\/\/glovesup.com.br\/\",\"name\":\"Gloves\\\"UP_Conhe\u00e7a Nossos Produto!\",\"description\":\"As Melhores Marcas de Luvas do Mercado para Voc\u00ea! QUALIDADE\/CUSTO BENEF\u00cdCIO S\u00d3 AQUI!!\",\"publisher\":{\"@id\":\"https:\/\/glovesup.com.br\/#organization\"},\"alternateName\":\"Gloves\\\"UP_Conhe\u00e7a Nossos Produto!\",\"potentialAction\":[{\"@type\":\"SearchAction\",\"target\":{\"@type\":\"EntryPoint\",\"urlTemplate\":\"https:\/\/glovesup.com.br\/?s={search_term_string}\"},\"query-input\":{\"@type\":\"PropertyValueSpecification\",\"valueRequired\":true,\"valueName\":\"search_term_string\"}}],\"inLanguage\":\"pt-BR\"},{\"@type\":\"Organization\",\"@id\":\"https:\/\/glovesup.com.br\/#organization\",\"name\":\"GLOVESUP\",\"url\":\"https:\/\/glovesup.com.br\/\",\"logo\":{\"@type\":\"ImageObject\",\"inLanguage\":\"pt-BR\",\"@id\":\"https:\/\/glovesup.com.br\/#\/schema\/logo\/image\/\",\"url\":\"https:\/\/glovesup.com.br\/wp-content\/uploads\/2024\/05\/cropped-WhatsApp-Image-2024-05-12-at-21.29.57-2.jpeg\",\"contentUrl\":\"https:\/\/glovesup.com.br\/wp-content\/uploads\/2024\/05\/cropped-WhatsApp-Image-2024-05-12-at-21.29.57-2.jpeg\",\"width\":55,\"height\":55,\"caption\":\"GLOVESUP\"},\"image\":{\"@id\":\"https:\/\/glovesup.com.br\/#\/schema\/logo\/image\/\"},\"sameAs\":[\"https:\/\/www.instagram.com\/glovesup.distribuidora\/\"]}]}<\/script>\n<!-- \/ Yoast SEO plugin. -->","yoast_head_json":{"title":"BOMPACK -PROPE TNT BRANCO \/ tamanho \u00fanico - c\/100 - GLOVES&#039;UP","robots":{"index":"index","follow":"follow","max-snippet":"max-snippet:-1","max-image-preview":"max-image-preview:large","max-video-preview":"max-video-preview:-1"},"canonical":"https:\/\/glovesup.com.br\/index.php\/produto\/bompack-prope-tnt-branco-tamanho-unico-c-100\/","og_locale":"pt_BR","og_type":"article","og_title":"BOMPACK -PROPE TNT BRANCO \/ tamanho \u00fanico - c\/100 - GLOVES&#039;UP","og_description":"Prop\u00e9 TNT Branco Tamanho \u00danico C\/100 Unidades Bompack.A Sapatilha Prop\u00e9 \u00e9 fabricado em tecido n\u00e3o tecido, com el\u00e1stico em suas bordas.","og_url":"https:\/\/glovesup.com.br\/index.php\/produto\/bompack-prope-tnt-branco-tamanho-unico-c-100\/","og_site_name":"GLOVES&#039;UP","article_modified_time":"2025-10-13T20:15:21+00:00","og_image":[{"width":243,"height":262,"url":"https:\/\/glovesup.com.br\/wp-content\/uploads\/2024\/05\/PROPE-1.png","type":"image\/png"}],"twitter_card":"summary_large_image","twitter_misc":{"Est. tempo de leitura":"1 minuto"},"schema":{"@context":"https:\/\/schema.org","@graph":[{"@type":"WebPage","@id":"https:\/\/glovesup.com.br\/index.php\/produto\/bompack-prope-tnt-branco-tamanho-unico-c-100\/","url":"https:\/\/glovesup.com.br\/index.php\/produto\/bompack-prope-tnt-branco-tamanho-unico-c-100\/","name":"BOMPACK -PROPE TNT BRANCO \/ tamanho \u00fanico - c\/100 - GLOVES&#039;UP","isPartOf":{"@id":"https:\/\/glovesup.com.br\/#website"},"primaryImageOfPage":{"@id":"https:\/\/glovesup.com.br\/index.php\/produto\/bompack-prope-tnt-branco-tamanho-unico-c-100\/#primaryimage"},"image":{"@id":"https:\/\/glovesup.com.br\/index.php\/produto\/bompack-prope-tnt-branco-tamanho-unico-c-100\/#primaryimage"},"thumbnailUrl":"https:\/\/glovesup.com.br\/wp-content\/uploads\/2024\/05\/PROPE-1.png","datePublished":"2024-05-14T01:37:33+00:00","dateModified":"2025-10-13T20:15:21+00:00","breadcrumb":{"@id":"https:\/\/glovesup.com.br\/index.php\/produto\/bompack-prope-tnt-branco-tamanho-unico-c-100\/#breadcrumb"},"inLanguage":"pt-BR","potentialAction":[{"@type":"ReadAction","target":["https:\/\/glovesup.com.br\/index.php\/produto\/bompack-prope-tnt-branco-tamanho-unico-c-100\/"]}]},{"@type":"ImageObject","inLanguage":"pt-BR","@id":"https:\/\/glovesup.com.br\/index.php\/produto\/bompack-prope-tnt-branco-tamanho-unico-c-100\/#primaryimage","url":"https:\/\/glovesup.com.br\/wp-content\/uploads\/2024\/05\/PROPE-1.png","contentUrl":"https:\/\/glovesup.com.br\/wp-content\/uploads\/2024\/05\/PROPE-1.png","width":243,"height":262},{"@type":"BreadcrumbList","@id":"https:\/\/glovesup.com.br\/index.php\/produto\/bompack-prope-tnt-branco-tamanho-unico-c-100\/#breadcrumb","itemListElement":[{"@type":"ListItem","position":1,"name":"In\u00edcio","item":"https:\/\/glovesup.com.br\/"},{"@type":"ListItem","position":2,"name":"LOJA","item":"https:\/\/glovesup.com.br\/"},{"@type":"ListItem","position":3,"name":"BOMPACK -PROPE TNT BRANCO \/ tamanho \u00fanico &#8211; c\/100"}]},{"@type":"WebSite","@id":"https:\/\/glovesup.com.br\/#website","url":"https:\/\/glovesup.com.br\/","name":"Gloves\"UP_Conhe\u00e7a Nossos Produto!","description":"As Melhores Marcas de Luvas do Mercado para Voc\u00ea! QUALIDADE\/CUSTO BENEF\u00cdCIO S\u00d3 AQUI!!","publisher":{"@id":"https:\/\/glovesup.com.br\/#organization"},"alternateName":"Gloves\"UP_Conhe\u00e7a Nossos Produto!","potentialAction":[{"@type":"SearchAction","target":{"@type":"EntryPoint","urlTemplate":"https:\/\/glovesup.com.br\/?s={search_term_string}"},"query-input":{"@type":"PropertyValueSpecification","valueRequired":true,"valueName":"search_term_string"}}],"inLanguage":"pt-BR"},{"@type":"Organization","@id":"https:\/\/glovesup.com.br\/#organization","name":"GLOVESUP","url":"https:\/\/glovesup.com.br\/","logo":{"@type":"ImageObject","inLanguage":"pt-BR","@id":"https:\/\/glovesup.com.br\/#\/schema\/logo\/image\/","url":"https:\/\/glovesup.com.br\/wp-content\/uploads\/2024\/05\/cropped-WhatsApp-Image-2024-05-12-at-21.29.57-2.jpeg","contentUrl":"https:\/\/glovesup.com.br\/wp-content\/uploads\/2024\/05\/cropped-WhatsApp-Image-2024-05-12-at-21.29.57-2.jpeg","width":55,"height":55,"caption":"GLOVESUP"},"image":{"@id":"https:\/\/glovesup.com.br\/#\/schema\/logo\/image\/"},"sameAs":["https:\/\/www.instagram.com\/glovesup.distribuidora\/"]}]}},"jetpack_sharing_enabled":true,"_links":{"self":[{"href":"https:\/\/glovesup.com.br\/index.php\/wp-json\/wp\/v2\/product\/910","targetHints":{"allow":["GET"]}}],"collection":[{"href":"https:\/\/glovesup.com.br\/index.php\/wp-json\/wp\/v2\/product"}],"about":[{"href":"https:\/\/glovesup.com.br\/index.php\/wp-json\/wp\/v2\/types\/product"}],"replies":[{"embeddable":true,"href":"https:\/\/glovesup.com.br\/index.php\/wp-json\/wp\/v2\/comments?post=910"}],"wp:featuredmedia":[{"embeddable":true,"href":"https:\/\/glovesup.com.br\/index.php\/wp-json\/wp\/v2\/media\/913"}],"wp:attachment":[{"href":"https:\/\/glovesup.com.br\/index.php\/wp-json\/wp\/v2\/media?parent=910"}],"wp:term":[{"taxonomy":"product_brand","embeddable":true,"href":"https:\/\/glovesup.com.br\/index.php\/wp-json\/wp\/v2\/product_brand?post=910"},{"taxonomy":"product_cat","embeddable":true,"href":"https:\/\/glovesup.com.br\/index.php\/wp-json\/wp\/v2\/product_cat?post=910"},{"taxonomy":"product_tag","embeddable":true,"href":"https:\/\/glovesup.com.br\/index.php\/wp-json\/wp\/v2\/product_tag?post=910"}],"curies":[{"name":"wp","href":"https:\/\/api.w.org\/{rel}","templated":true}]}}