{"id":906,"date":"2024-05-13T22:03:08","date_gmt":"2024-05-14T01:03:08","guid":{"rendered":"https:\/\/glovesup.com.br\/?post_type=product&#038;p=906"},"modified":"2026-01-22T18:18:46","modified_gmt":"2026-01-22T21:18:46","slug":"nobre-mascara-rosa-cirurgica-tripla-c-elastico-50-uni","status":"publish","type":"product","link":"https:\/\/glovesup.com.br\/index.php\/produto\/nobre-mascara-rosa-cirurgica-tripla-c-elastico-50-uni\/","title":{"rendered":"NOBRE &#8211; M\u00c1SCARA ROSA CIR\u00daRGICA TRIPLA C\/EL\u00c1STICO \u201350 UNI"},"content":{"rendered":"<p>A M\u00e1scara Cir\u00fargica Tripla Nobre \u00e9 indicada para prote\u00e7\u00e3o de\u00a0profissionais<br \/>\ne de pacientes durante o tratamento e procedimentos\u00a0cir\u00fargicos e n\u00e3o<br \/>\ncir\u00fargicos.<br \/>\nCont\u00e9m filtro para reten\u00e7\u00e3o bacteriol\u00f3gica,\u00a0proporcionando seguran\u00e7a<br \/>\ne conforto ao usu\u00e1rio.<\/p>\n","protected":false},"excerpt":{"rendered":"<p>A M\u00e1scara Cir\u00fargica Tripla Nobre \u00e9 indicada para prote\u00e7\u00e3o de\u00a0profissionais e de pacientes durante o tratamento e procedimentos\u00a0cir\u00fargicos e n\u00e3o cir\u00fargicos. Cont\u00e9m filtro para reten\u00e7\u00e3o bacteriol\u00f3gica,\u00a0proporcionando seguran\u00e7a e conforto ao usu\u00e1rio.<\/p>\n","protected":false},"featured_media":907,"comment_status":"open","ping_status":"closed","template":"","meta":{"_joinchat":[]},"product_brand":[],"product_cat":[83,72,84,74],"product_tag":[],"class_list":{"0":"post-906","1":"product","2":"type-product","3":"status-publish","4":"has-post-thumbnail","6":"product_cat-acessorios-descartaveis-2","7":"product_cat-nobre","8":"product_cat-nobre-complementos","9":"product_cat-nobre-latex-com-po","11":"first","12":"instock","13":"shipping-taxable","14":"purchasable","15":"product-type-simple"},"yoast_head":"<!-- This site is optimized with the Yoast SEO plugin v24.3 - https:\/\/yoast.com\/wordpress\/plugins\/seo\/ -->\n<title>NOBRE - M\u00c1SCARA ROSA CIR\u00daRGICA TRIPLA C\/EL\u00c1STICO \u201350 UNI - GLOVES&#039;UP<\/title>\n<meta name=\"robots\" content=\"index, follow, max-snippet:-1, max-image-preview:large, max-video-preview:-1\" \/>\n<link rel=\"canonical\" href=\"https:\/\/glovesup.com.br\/index.php\/produto\/nobre-mascara-rosa-cirurgica-tripla-c-elastico-50-uni\/\" \/>\n<meta property=\"og:locale\" content=\"pt_BR\" \/>\n<meta property=\"og:type\" content=\"article\" \/>\n<meta property=\"og:title\" content=\"NOBRE - M\u00c1SCARA ROSA CIR\u00daRGICA TRIPLA C\/EL\u00c1STICO \u201350 UNI - GLOVES&#039;UP\" \/>\n<meta property=\"og:description\" content=\"A M\u00e1scara Cir\u00fargica Tripla Nobre \u00e9 indicada para prote\u00e7\u00e3o de\u00a0profissionais e de pacientes durante o tratamento e procedimentos\u00a0cir\u00fargicos e n\u00e3o cir\u00fargicos. Cont\u00e9m filtro para reten\u00e7\u00e3o bacteriol\u00f3gica,\u00a0proporcionando seguran\u00e7a e conforto ao usu\u00e1rio.\" \/>\n<meta property=\"og:url\" content=\"https:\/\/glovesup.com.br\/index.php\/produto\/nobre-mascara-rosa-cirurgica-tripla-c-elastico-50-uni\/\" \/>\n<meta property=\"og:site_name\" content=\"GLOVES&#039;UP\" \/>\n<meta property=\"article:modified_time\" content=\"2026-01-22T21:18:46+00:00\" \/>\n<meta property=\"og:image\" content=\"https:\/\/glovesup.com.br\/wp-content\/uploads\/2024\/05\/CX-ROSA-NOBRE.png\" \/>\n\t<meta property=\"og:image:width\" content=\"292\" \/>\n\t<meta property=\"og:image:height\" content=\"175\" \/>\n\t<meta property=\"og:image:type\" content=\"image\/png\" \/>\n<meta name=\"twitter:card\" content=\"summary_large_image\" \/>\n<script type=\"application\/ld+json\" class=\"yoast-schema-graph\">{\"@context\":\"https:\/\/schema.org\",\"@graph\":[{\"@type\":\"WebPage\",\"@id\":\"https:\/\/glovesup.com.br\/index.php\/produto\/nobre-mascara-rosa-cirurgica-tripla-c-elastico-50-uni\/\",\"url\":\"https:\/\/glovesup.com.br\/index.php\/produto\/nobre-mascara-rosa-cirurgica-tripla-c-elastico-50-uni\/\",\"name\":\"NOBRE - M\u00c1SCARA ROSA CIR\u00daRGICA TRIPLA C\/EL\u00c1STICO \u201350 UNI - GLOVES&#039;UP\",\"isPartOf\":{\"@id\":\"https:\/\/glovesup.com.br\/#website\"},\"primaryImageOfPage\":{\"@id\":\"https:\/\/glovesup.com.br\/index.php\/produto\/nobre-mascara-rosa-cirurgica-tripla-c-elastico-50-uni\/#primaryimage\"},\"image\":{\"@id\":\"https:\/\/glovesup.com.br\/index.php\/produto\/nobre-mascara-rosa-cirurgica-tripla-c-elastico-50-uni\/#primaryimage\"},\"thumbnailUrl\":\"https:\/\/glovesup.com.br\/wp-content\/uploads\/2024\/05\/CX-ROSA-NOBRE.png\",\"datePublished\":\"2024-05-14T01:03:08+00:00\",\"dateModified\":\"2026-01-22T21:18:46+00:00\",\"breadcrumb\":{\"@id\":\"https:\/\/glovesup.com.br\/index.php\/produto\/nobre-mascara-rosa-cirurgica-tripla-c-elastico-50-uni\/#breadcrumb\"},\"inLanguage\":\"pt-BR\",\"potentialAction\":[{\"@type\":\"ReadAction\",\"target\":[\"https:\/\/glovesup.com.br\/index.php\/produto\/nobre-mascara-rosa-cirurgica-tripla-c-elastico-50-uni\/\"]}]},{\"@type\":\"ImageObject\",\"inLanguage\":\"pt-BR\",\"@id\":\"https:\/\/glovesup.com.br\/index.php\/produto\/nobre-mascara-rosa-cirurgica-tripla-c-elastico-50-uni\/#primaryimage\",\"url\":\"https:\/\/glovesup.com.br\/wp-content\/uploads\/2024\/05\/CX-ROSA-NOBRE.png\",\"contentUrl\":\"https:\/\/glovesup.com.br\/wp-content\/uploads\/2024\/05\/CX-ROSA-NOBRE.png\",\"width\":292,\"height\":175},{\"@type\":\"BreadcrumbList\",\"@id\":\"https:\/\/glovesup.com.br\/index.php\/produto\/nobre-mascara-rosa-cirurgica-tripla-c-elastico-50-uni\/#breadcrumb\",\"itemListElement\":[{\"@type\":\"ListItem\",\"position\":1,\"name\":\"In\u00edcio\",\"item\":\"https:\/\/glovesup.com.br\/\"},{\"@type\":\"ListItem\",\"position\":2,\"name\":\"LOJA\",\"item\":\"https:\/\/glovesup.com.br\/\"},{\"@type\":\"ListItem\",\"position\":3,\"name\":\"NOBRE &#8211; M\u00c1SCARA ROSA CIR\u00daRGICA TRIPLA C\/EL\u00c1STICO \u201350 UNI\"}]},{\"@type\":\"WebSite\",\"@id\":\"https:\/\/glovesup.com.br\/#website\",\"url\":\"https:\/\/glovesup.com.br\/\",\"name\":\"Gloves\\\"UP_Conhe\u00e7a Nossos Produto!\",\"description\":\"As Melhores Marcas de Luvas do Mercado para Voc\u00ea! QUALIDADE\/CUSTO BENEF\u00cdCIO S\u00d3 AQUI!!\",\"publisher\":{\"@id\":\"https:\/\/glovesup.com.br\/#organization\"},\"alternateName\":\"Gloves\\\"UP_Conhe\u00e7a Nossos Produto!\",\"potentialAction\":[{\"@type\":\"SearchAction\",\"target\":{\"@type\":\"EntryPoint\",\"urlTemplate\":\"https:\/\/glovesup.com.br\/?s={search_term_string}\"},\"query-input\":{\"@type\":\"PropertyValueSpecification\",\"valueRequired\":true,\"valueName\":\"search_term_string\"}}],\"inLanguage\":\"pt-BR\"},{\"@type\":\"Organization\",\"@id\":\"https:\/\/glovesup.com.br\/#organization\",\"name\":\"GLOVESUP\",\"url\":\"https:\/\/glovesup.com.br\/\",\"logo\":{\"@type\":\"ImageObject\",\"inLanguage\":\"pt-BR\",\"@id\":\"https:\/\/glovesup.com.br\/#\/schema\/logo\/image\/\",\"url\":\"https:\/\/glovesup.com.br\/wp-content\/uploads\/2024\/05\/cropped-WhatsApp-Image-2024-05-12-at-21.29.57-2.jpeg\",\"contentUrl\":\"https:\/\/glovesup.com.br\/wp-content\/uploads\/2024\/05\/cropped-WhatsApp-Image-2024-05-12-at-21.29.57-2.jpeg\",\"width\":55,\"height\":55,\"caption\":\"GLOVESUP\"},\"image\":{\"@id\":\"https:\/\/glovesup.com.br\/#\/schema\/logo\/image\/\"},\"sameAs\":[\"https:\/\/www.instagram.com\/glovesup.distribuidora\/\"]}]}<\/script>\n<!-- \/ Yoast SEO plugin. -->","yoast_head_json":{"title":"NOBRE - M\u00c1SCARA ROSA CIR\u00daRGICA TRIPLA C\/EL\u00c1STICO \u201350 UNI - GLOVES&#039;UP","robots":{"index":"index","follow":"follow","max-snippet":"max-snippet:-1","max-image-preview":"max-image-preview:large","max-video-preview":"max-video-preview:-1"},"canonical":"https:\/\/glovesup.com.br\/index.php\/produto\/nobre-mascara-rosa-cirurgica-tripla-c-elastico-50-uni\/","og_locale":"pt_BR","og_type":"article","og_title":"NOBRE - M\u00c1SCARA ROSA CIR\u00daRGICA TRIPLA C\/EL\u00c1STICO \u201350 UNI - GLOVES&#039;UP","og_description":"A M\u00e1scara Cir\u00fargica Tripla Nobre \u00e9 indicada para prote\u00e7\u00e3o de\u00a0profissionais e de pacientes durante o tratamento e procedimentos\u00a0cir\u00fargicos e n\u00e3o cir\u00fargicos. Cont\u00e9m filtro para reten\u00e7\u00e3o bacteriol\u00f3gica,\u00a0proporcionando seguran\u00e7a e conforto ao usu\u00e1rio.","og_url":"https:\/\/glovesup.com.br\/index.php\/produto\/nobre-mascara-rosa-cirurgica-tripla-c-elastico-50-uni\/","og_site_name":"GLOVES&#039;UP","article_modified_time":"2026-01-22T21:18:46+00:00","og_image":[{"width":292,"height":175,"url":"https:\/\/glovesup.com.br\/wp-content\/uploads\/2024\/05\/CX-ROSA-NOBRE.png","type":"image\/png"}],"twitter_card":"summary_large_image","schema":{"@context":"https:\/\/schema.org","@graph":[{"@type":"WebPage","@id":"https:\/\/glovesup.com.br\/index.php\/produto\/nobre-mascara-rosa-cirurgica-tripla-c-elastico-50-uni\/","url":"https:\/\/glovesup.com.br\/index.php\/produto\/nobre-mascara-rosa-cirurgica-tripla-c-elastico-50-uni\/","name":"NOBRE - M\u00c1SCARA ROSA CIR\u00daRGICA TRIPLA C\/EL\u00c1STICO \u201350 UNI - GLOVES&#039;UP","isPartOf":{"@id":"https:\/\/glovesup.com.br\/#website"},"primaryImageOfPage":{"@id":"https:\/\/glovesup.com.br\/index.php\/produto\/nobre-mascara-rosa-cirurgica-tripla-c-elastico-50-uni\/#primaryimage"},"image":{"@id":"https:\/\/glovesup.com.br\/index.php\/produto\/nobre-mascara-rosa-cirurgica-tripla-c-elastico-50-uni\/#primaryimage"},"thumbnailUrl":"https:\/\/glovesup.com.br\/wp-content\/uploads\/2024\/05\/CX-ROSA-NOBRE.png","datePublished":"2024-05-14T01:03:08+00:00","dateModified":"2026-01-22T21:18:46+00:00","breadcrumb":{"@id":"https:\/\/glovesup.com.br\/index.php\/produto\/nobre-mascara-rosa-cirurgica-tripla-c-elastico-50-uni\/#breadcrumb"},"inLanguage":"pt-BR","potentialAction":[{"@type":"ReadAction","target":["https:\/\/glovesup.com.br\/index.php\/produto\/nobre-mascara-rosa-cirurgica-tripla-c-elastico-50-uni\/"]}]},{"@type":"ImageObject","inLanguage":"pt-BR","@id":"https:\/\/glovesup.com.br\/index.php\/produto\/nobre-mascara-rosa-cirurgica-tripla-c-elastico-50-uni\/#primaryimage","url":"https:\/\/glovesup.com.br\/wp-content\/uploads\/2024\/05\/CX-ROSA-NOBRE.png","contentUrl":"https:\/\/glovesup.com.br\/wp-content\/uploads\/2024\/05\/CX-ROSA-NOBRE.png","width":292,"height":175},{"@type":"BreadcrumbList","@id":"https:\/\/glovesup.com.br\/index.php\/produto\/nobre-mascara-rosa-cirurgica-tripla-c-elastico-50-uni\/#breadcrumb","itemListElement":[{"@type":"ListItem","position":1,"name":"In\u00edcio","item":"https:\/\/glovesup.com.br\/"},{"@type":"ListItem","position":2,"name":"LOJA","item":"https:\/\/glovesup.com.br\/"},{"@type":"ListItem","position":3,"name":"NOBRE &#8211; M\u00c1SCARA ROSA CIR\u00daRGICA TRIPLA C\/EL\u00c1STICO \u201350 UNI"}]},{"@type":"WebSite","@id":"https:\/\/glovesup.com.br\/#website","url":"https:\/\/glovesup.com.br\/","name":"Gloves\"UP_Conhe\u00e7a Nossos Produto!","description":"As Melhores Marcas de Luvas do Mercado para Voc\u00ea! QUALIDADE\/CUSTO BENEF\u00cdCIO S\u00d3 AQUI!!","publisher":{"@id":"https:\/\/glovesup.com.br\/#organization"},"alternateName":"Gloves\"UP_Conhe\u00e7a Nossos Produto!","potentialAction":[{"@type":"SearchAction","target":{"@type":"EntryPoint","urlTemplate":"https:\/\/glovesup.com.br\/?s={search_term_string}"},"query-input":{"@type":"PropertyValueSpecification","valueRequired":true,"valueName":"search_term_string"}}],"inLanguage":"pt-BR"},{"@type":"Organization","@id":"https:\/\/glovesup.com.br\/#organization","name":"GLOVESUP","url":"https:\/\/glovesup.com.br\/","logo":{"@type":"ImageObject","inLanguage":"pt-BR","@id":"https:\/\/glovesup.com.br\/#\/schema\/logo\/image\/","url":"https:\/\/glovesup.com.br\/wp-content\/uploads\/2024\/05\/cropped-WhatsApp-Image-2024-05-12-at-21.29.57-2.jpeg","contentUrl":"https:\/\/glovesup.com.br\/wp-content\/uploads\/2024\/05\/cropped-WhatsApp-Image-2024-05-12-at-21.29.57-2.jpeg","width":55,"height":55,"caption":"GLOVESUP"},"image":{"@id":"https:\/\/glovesup.com.br\/#\/schema\/logo\/image\/"},"sameAs":["https:\/\/www.instagram.com\/glovesup.distribuidora\/"]}]}},"jetpack_sharing_enabled":true,"_links":{"self":[{"href":"https:\/\/glovesup.com.br\/index.php\/wp-json\/wp\/v2\/product\/906","targetHints":{"allow":["GET"]}}],"collection":[{"href":"https:\/\/glovesup.com.br\/index.php\/wp-json\/wp\/v2\/product"}],"about":[{"href":"https:\/\/glovesup.com.br\/index.php\/wp-json\/wp\/v2\/types\/product"}],"replies":[{"embeddable":true,"href":"https:\/\/glovesup.com.br\/index.php\/wp-json\/wp\/v2\/comments?post=906"}],"wp:featuredmedia":[{"embeddable":true,"href":"https:\/\/glovesup.com.br\/index.php\/wp-json\/wp\/v2\/media\/907"}],"wp:attachment":[{"href":"https:\/\/glovesup.com.br\/index.php\/wp-json\/wp\/v2\/media?parent=906"}],"wp:term":[{"taxonomy":"product_brand","embeddable":true,"href":"https:\/\/glovesup.com.br\/index.php\/wp-json\/wp\/v2\/product_brand?post=906"},{"taxonomy":"product_cat","embeddable":true,"href":"https:\/\/glovesup.com.br\/index.php\/wp-json\/wp\/v2\/product_cat?post=906"},{"taxonomy":"product_tag","embeddable":true,"href":"https:\/\/glovesup.com.br\/index.php\/wp-json\/wp\/v2\/product_tag?post=906"}],"curies":[{"name":"wp","href":"https:\/\/api.w.org\/{rel}","templated":true}]}}