{"id":897,"date":"2024-05-13T21:18:22","date_gmt":"2024-05-14T00:18:22","guid":{"rendered":"https:\/\/glovesup.com.br\/?post_type=product&#038;p=897"},"modified":"2026-01-30T15:49:06","modified_gmt":"2026-01-30T18:49:06","slug":"nobre-lencol-hospitalar-70cm-x-50m","status":"publish","type":"product","link":"https:\/\/glovesup.com.br\/index.php\/produto\/nobre-lencol-hospitalar-70cm-x-50m\/","title":{"rendered":"NOBRE &#8211; LEN\u00c7OL HOSPITALAR \u2013 70CM x 50M"},"content":{"rendered":"<p>Len\u00e7ol hospitalar macio e absorvente, indicado para cobertura de macas, camas e diferentes superf\u00edcies.Utilizado em hospitais, consult\u00f3rios, ambulat\u00f3rios, atendimento em sa\u00fade, beleza e est\u00e9tica.<\/p>\n<p>Este produto \u00e9 produzido com fibras de \u00f3tima qualidade.<br \/>\nSuavidade e resist\u00eancia mec\u00e2nica s\u00e3o caracter\u00edsticas imprescind\u00edveis, o que evitam desperd\u00edcios, resultando em maior economia.<br \/>\nConstantes an\u00e1lises microbiol\u00f3gicas efetuadas em nossos laborat\u00f3rios garantem nenhum malef\u00edcio a sa\u00fade.<\/p>\n<p>70cm x 50m<\/p>\n","protected":false},"excerpt":{"rendered":"<p>Len\u00e7ol hospitalar macio e absorvente, indicado para cobertura de macas, camas e diferentes superf\u00edcies.Utilizado em hospitais, consult\u00f3rios, ambulat\u00f3rios, atendimento em sa\u00fade, beleza e est\u00e9tica. Este produto \u00e9 produzido com fibras de \u00f3tima qualidade. Suavidade e resist\u00eancia mec\u00e2nica s\u00e3o caracter\u00edsticas imprescind\u00edveis, o que<\/p>\n<p class=\"link-more\"><a class=\"myButt \" href=\"https:\/\/glovesup.com.br\/index.php\/produto\/nobre-lencol-hospitalar-70cm-x-50m\/\">Read More<\/a><\/p>\n","protected":false},"featured_media":899,"comment_status":"open","ping_status":"closed","template":"","meta":{"_joinchat":[]},"product_brand":[],"product_cat":[83,72,84],"product_tag":[],"class_list":{"0":"post-897","1":"product","2":"type-product","3":"status-publish","4":"has-post-thumbnail","6":"product_cat-acessorios-descartaveis-2","7":"product_cat-nobre","8":"product_cat-nobre-complementos","10":"first","11":"instock","12":"shipping-taxable","13":"purchasable","14":"product-type-simple"},"yoast_head":"<!-- This site is optimized with the Yoast SEO plugin v24.3 - https:\/\/yoast.com\/wordpress\/plugins\/seo\/ -->\n<title>NOBRE - LEN\u00c7OL HOSPITALAR \u2013 70CM x 50M - GLOVES&#039;UP<\/title>\n<meta name=\"robots\" content=\"index, follow, max-snippet:-1, max-image-preview:large, max-video-preview:-1\" \/>\n<link rel=\"canonical\" href=\"https:\/\/glovesup.com.br\/index.php\/produto\/nobre-lencol-hospitalar-70cm-x-50m\/\" \/>\n<meta property=\"og:locale\" content=\"pt_BR\" \/>\n<meta property=\"og:type\" content=\"article\" \/>\n<meta property=\"og:title\" content=\"NOBRE - LEN\u00c7OL HOSPITALAR \u2013 70CM x 50M - GLOVES&#039;UP\" \/>\n<meta property=\"og:description\" content=\"Len\u00e7ol hospitalar macio e absorvente, indicado para cobertura de macas, camas e diferentes superf\u00edcies.Utilizado em hospitais, consult\u00f3rios, ambulat\u00f3rios, atendimento em sa\u00fade, beleza e est\u00e9tica. Este produto \u00e9 produzido com fibras de \u00f3tima qualidade. Suavidade e resist\u00eancia mec\u00e2nica s\u00e3o caracter\u00edsticas imprescind\u00edveis, o queRead More\" \/>\n<meta property=\"og:url\" content=\"https:\/\/glovesup.com.br\/index.php\/produto\/nobre-lencol-hospitalar-70cm-x-50m\/\" \/>\n<meta property=\"og:site_name\" content=\"GLOVES&#039;UP\" \/>\n<meta property=\"article:modified_time\" content=\"2026-01-30T18:49:06+00:00\" \/>\n<meta property=\"og:image\" content=\"https:\/\/glovesup.com.br\/wp-content\/uploads\/2024\/05\/50X70-NOBRE-LENCOL.png\" \/>\n\t<meta property=\"og:image:width\" content=\"277\" \/>\n\t<meta property=\"og:image:height\" content=\"81\" \/>\n\t<meta property=\"og:image:type\" content=\"image\/png\" \/>\n<meta name=\"twitter:card\" content=\"summary_large_image\" \/>\n<script type=\"application\/ld+json\" class=\"yoast-schema-graph\">{\"@context\":\"https:\/\/schema.org\",\"@graph\":[{\"@type\":\"WebPage\",\"@id\":\"https:\/\/glovesup.com.br\/index.php\/produto\/nobre-lencol-hospitalar-70cm-x-50m\/\",\"url\":\"https:\/\/glovesup.com.br\/index.php\/produto\/nobre-lencol-hospitalar-70cm-x-50m\/\",\"name\":\"NOBRE - LEN\u00c7OL HOSPITALAR \u2013 70CM x 50M - GLOVES&#039;UP\",\"isPartOf\":{\"@id\":\"https:\/\/glovesup.com.br\/#website\"},\"primaryImageOfPage\":{\"@id\":\"https:\/\/glovesup.com.br\/index.php\/produto\/nobre-lencol-hospitalar-70cm-x-50m\/#primaryimage\"},\"image\":{\"@id\":\"https:\/\/glovesup.com.br\/index.php\/produto\/nobre-lencol-hospitalar-70cm-x-50m\/#primaryimage\"},\"thumbnailUrl\":\"https:\/\/glovesup.com.br\/wp-content\/uploads\/2024\/05\/50X70-NOBRE-LENCOL.png\",\"datePublished\":\"2024-05-14T00:18:22+00:00\",\"dateModified\":\"2026-01-30T18:49:06+00:00\",\"breadcrumb\":{\"@id\":\"https:\/\/glovesup.com.br\/index.php\/produto\/nobre-lencol-hospitalar-70cm-x-50m\/#breadcrumb\"},\"inLanguage\":\"pt-BR\",\"potentialAction\":[{\"@type\":\"ReadAction\",\"target\":[\"https:\/\/glovesup.com.br\/index.php\/produto\/nobre-lencol-hospitalar-70cm-x-50m\/\"]}]},{\"@type\":\"ImageObject\",\"inLanguage\":\"pt-BR\",\"@id\":\"https:\/\/glovesup.com.br\/index.php\/produto\/nobre-lencol-hospitalar-70cm-x-50m\/#primaryimage\",\"url\":\"https:\/\/glovesup.com.br\/wp-content\/uploads\/2024\/05\/50X70-NOBRE-LENCOL.png\",\"contentUrl\":\"https:\/\/glovesup.com.br\/wp-content\/uploads\/2024\/05\/50X70-NOBRE-LENCOL.png\",\"width\":277,\"height\":81},{\"@type\":\"BreadcrumbList\",\"@id\":\"https:\/\/glovesup.com.br\/index.php\/produto\/nobre-lencol-hospitalar-70cm-x-50m\/#breadcrumb\",\"itemListElement\":[{\"@type\":\"ListItem\",\"position\":1,\"name\":\"In\u00edcio\",\"item\":\"https:\/\/glovesup.com.br\/\"},{\"@type\":\"ListItem\",\"position\":2,\"name\":\"LOJA\",\"item\":\"https:\/\/glovesup.com.br\/\"},{\"@type\":\"ListItem\",\"position\":3,\"name\":\"NOBRE &#8211; LEN\u00c7OL HOSPITALAR \u2013 70CM x 50M\"}]},{\"@type\":\"WebSite\",\"@id\":\"https:\/\/glovesup.com.br\/#website\",\"url\":\"https:\/\/glovesup.com.br\/\",\"name\":\"Gloves\\\"UP_Conhe\u00e7a Nossos Produto!\",\"description\":\"As Melhores Marcas de Luvas do Mercado para Voc\u00ea! QUALIDADE\/CUSTO BENEF\u00cdCIO S\u00d3 AQUI!!\",\"publisher\":{\"@id\":\"https:\/\/glovesup.com.br\/#organization\"},\"alternateName\":\"Gloves\\\"UP_Conhe\u00e7a Nossos Produto!\",\"potentialAction\":[{\"@type\":\"SearchAction\",\"target\":{\"@type\":\"EntryPoint\",\"urlTemplate\":\"https:\/\/glovesup.com.br\/?s={search_term_string}\"},\"query-input\":{\"@type\":\"PropertyValueSpecification\",\"valueRequired\":true,\"valueName\":\"search_term_string\"}}],\"inLanguage\":\"pt-BR\"},{\"@type\":\"Organization\",\"@id\":\"https:\/\/glovesup.com.br\/#organization\",\"name\":\"GLOVESUP\",\"url\":\"https:\/\/glovesup.com.br\/\",\"logo\":{\"@type\":\"ImageObject\",\"inLanguage\":\"pt-BR\",\"@id\":\"https:\/\/glovesup.com.br\/#\/schema\/logo\/image\/\",\"url\":\"https:\/\/glovesup.com.br\/wp-content\/uploads\/2024\/05\/cropped-WhatsApp-Image-2024-05-12-at-21.29.57-2.jpeg\",\"contentUrl\":\"https:\/\/glovesup.com.br\/wp-content\/uploads\/2024\/05\/cropped-WhatsApp-Image-2024-05-12-at-21.29.57-2.jpeg\",\"width\":55,\"height\":55,\"caption\":\"GLOVESUP\"},\"image\":{\"@id\":\"https:\/\/glovesup.com.br\/#\/schema\/logo\/image\/\"},\"sameAs\":[\"https:\/\/www.instagram.com\/glovesup.distribuidora\/\"]}]}<\/script>\n<!-- \/ Yoast SEO plugin. -->","yoast_head_json":{"title":"NOBRE - LEN\u00c7OL HOSPITALAR \u2013 70CM x 50M - GLOVES&#039;UP","robots":{"index":"index","follow":"follow","max-snippet":"max-snippet:-1","max-image-preview":"max-image-preview:large","max-video-preview":"max-video-preview:-1"},"canonical":"https:\/\/glovesup.com.br\/index.php\/produto\/nobre-lencol-hospitalar-70cm-x-50m\/","og_locale":"pt_BR","og_type":"article","og_title":"NOBRE - LEN\u00c7OL HOSPITALAR \u2013 70CM x 50M - GLOVES&#039;UP","og_description":"Len\u00e7ol hospitalar macio e absorvente, indicado para cobertura de macas, camas e diferentes superf\u00edcies.Utilizado em hospitais, consult\u00f3rios, ambulat\u00f3rios, atendimento em sa\u00fade, beleza e est\u00e9tica. Este produto \u00e9 produzido com fibras de \u00f3tima qualidade. Suavidade e resist\u00eancia mec\u00e2nica s\u00e3o caracter\u00edsticas imprescind\u00edveis, o queRead More","og_url":"https:\/\/glovesup.com.br\/index.php\/produto\/nobre-lencol-hospitalar-70cm-x-50m\/","og_site_name":"GLOVES&#039;UP","article_modified_time":"2026-01-30T18:49:06+00:00","og_image":[{"width":277,"height":81,"url":"https:\/\/glovesup.com.br\/wp-content\/uploads\/2024\/05\/50X70-NOBRE-LENCOL.png","type":"image\/png"}],"twitter_card":"summary_large_image","schema":{"@context":"https:\/\/schema.org","@graph":[{"@type":"WebPage","@id":"https:\/\/glovesup.com.br\/index.php\/produto\/nobre-lencol-hospitalar-70cm-x-50m\/","url":"https:\/\/glovesup.com.br\/index.php\/produto\/nobre-lencol-hospitalar-70cm-x-50m\/","name":"NOBRE - LEN\u00c7OL HOSPITALAR \u2013 70CM x 50M - GLOVES&#039;UP","isPartOf":{"@id":"https:\/\/glovesup.com.br\/#website"},"primaryImageOfPage":{"@id":"https:\/\/glovesup.com.br\/index.php\/produto\/nobre-lencol-hospitalar-70cm-x-50m\/#primaryimage"},"image":{"@id":"https:\/\/glovesup.com.br\/index.php\/produto\/nobre-lencol-hospitalar-70cm-x-50m\/#primaryimage"},"thumbnailUrl":"https:\/\/glovesup.com.br\/wp-content\/uploads\/2024\/05\/50X70-NOBRE-LENCOL.png","datePublished":"2024-05-14T00:18:22+00:00","dateModified":"2026-01-30T18:49:06+00:00","breadcrumb":{"@id":"https:\/\/glovesup.com.br\/index.php\/produto\/nobre-lencol-hospitalar-70cm-x-50m\/#breadcrumb"},"inLanguage":"pt-BR","potentialAction":[{"@type":"ReadAction","target":["https:\/\/glovesup.com.br\/index.php\/produto\/nobre-lencol-hospitalar-70cm-x-50m\/"]}]},{"@type":"ImageObject","inLanguage":"pt-BR","@id":"https:\/\/glovesup.com.br\/index.php\/produto\/nobre-lencol-hospitalar-70cm-x-50m\/#primaryimage","url":"https:\/\/glovesup.com.br\/wp-content\/uploads\/2024\/05\/50X70-NOBRE-LENCOL.png","contentUrl":"https:\/\/glovesup.com.br\/wp-content\/uploads\/2024\/05\/50X70-NOBRE-LENCOL.png","width":277,"height":81},{"@type":"BreadcrumbList","@id":"https:\/\/glovesup.com.br\/index.php\/produto\/nobre-lencol-hospitalar-70cm-x-50m\/#breadcrumb","itemListElement":[{"@type":"ListItem","position":1,"name":"In\u00edcio","item":"https:\/\/glovesup.com.br\/"},{"@type":"ListItem","position":2,"name":"LOJA","item":"https:\/\/glovesup.com.br\/"},{"@type":"ListItem","position":3,"name":"NOBRE &#8211; LEN\u00c7OL HOSPITALAR \u2013 70CM x 50M"}]},{"@type":"WebSite","@id":"https:\/\/glovesup.com.br\/#website","url":"https:\/\/glovesup.com.br\/","name":"Gloves\"UP_Conhe\u00e7a Nossos Produto!","description":"As Melhores Marcas de Luvas do Mercado para Voc\u00ea! QUALIDADE\/CUSTO BENEF\u00cdCIO S\u00d3 AQUI!!","publisher":{"@id":"https:\/\/glovesup.com.br\/#organization"},"alternateName":"Gloves\"UP_Conhe\u00e7a Nossos Produto!","potentialAction":[{"@type":"SearchAction","target":{"@type":"EntryPoint","urlTemplate":"https:\/\/glovesup.com.br\/?s={search_term_string}"},"query-input":{"@type":"PropertyValueSpecification","valueRequired":true,"valueName":"search_term_string"}}],"inLanguage":"pt-BR"},{"@type":"Organization","@id":"https:\/\/glovesup.com.br\/#organization","name":"GLOVESUP","url":"https:\/\/glovesup.com.br\/","logo":{"@type":"ImageObject","inLanguage":"pt-BR","@id":"https:\/\/glovesup.com.br\/#\/schema\/logo\/image\/","url":"https:\/\/glovesup.com.br\/wp-content\/uploads\/2024\/05\/cropped-WhatsApp-Image-2024-05-12-at-21.29.57-2.jpeg","contentUrl":"https:\/\/glovesup.com.br\/wp-content\/uploads\/2024\/05\/cropped-WhatsApp-Image-2024-05-12-at-21.29.57-2.jpeg","width":55,"height":55,"caption":"GLOVESUP"},"image":{"@id":"https:\/\/glovesup.com.br\/#\/schema\/logo\/image\/"},"sameAs":["https:\/\/www.instagram.com\/glovesup.distribuidora\/"]}]}},"jetpack_sharing_enabled":true,"_links":{"self":[{"href":"https:\/\/glovesup.com.br\/index.php\/wp-json\/wp\/v2\/product\/897","targetHints":{"allow":["GET"]}}],"collection":[{"href":"https:\/\/glovesup.com.br\/index.php\/wp-json\/wp\/v2\/product"}],"about":[{"href":"https:\/\/glovesup.com.br\/index.php\/wp-json\/wp\/v2\/types\/product"}],"replies":[{"embeddable":true,"href":"https:\/\/glovesup.com.br\/index.php\/wp-json\/wp\/v2\/comments?post=897"}],"wp:featuredmedia":[{"embeddable":true,"href":"https:\/\/glovesup.com.br\/index.php\/wp-json\/wp\/v2\/media\/899"}],"wp:attachment":[{"href":"https:\/\/glovesup.com.br\/index.php\/wp-json\/wp\/v2\/media?parent=897"}],"wp:term":[{"taxonomy":"product_brand","embeddable":true,"href":"https:\/\/glovesup.com.br\/index.php\/wp-json\/wp\/v2\/product_brand?post=897"},{"taxonomy":"product_cat","embeddable":true,"href":"https:\/\/glovesup.com.br\/index.php\/wp-json\/wp\/v2\/product_cat?post=897"},{"taxonomy":"product_tag","embeddable":true,"href":"https:\/\/glovesup.com.br\/index.php\/wp-json\/wp\/v2\/product_tag?post=897"}],"curies":[{"name":"wp","href":"https:\/\/api.w.org\/{rel}","templated":true}]}}