{"id":894,"date":"2024-05-13T21:05:32","date_gmt":"2024-05-14T00:05:32","guid":{"rendered":"https:\/\/glovesup.com.br\/?post_type=product&#038;p=894"},"modified":"2025-10-09T17:07:13","modified_gmt":"2025-10-09T20:07:13","slug":"nobre-lencol-hospitalar-50cm-x-50m","status":"publish","type":"product","link":"https:\/\/glovesup.com.br\/index.php\/produto\/nobre-lencol-hospitalar-50cm-x-50m\/","title":{"rendered":"NOBRE &#8211; LEN\u00c7OL HOSPITALAR \u2013 50CM x 50M"},"content":{"rendered":"<h2 class=\"sc-kpDqfm ivZCgz\" data-testid=\"product-detail-label\">Informa\u00e7\u00f5es do Produto<\/h2>\n<p><span class=\"sc-kpDqfm qhIEo\" data-testid=\"product-detail-title\">Len\u00e7ol Hospitalar sem Picote &#8211; NOBRE<\/span><\/p>\n<div class=\"sc-fqkvVR heuZyN sc-gvvZcT dBMEcm\" data-testid=\"product-detail-description\">\n<div class=\"sc-fqkvVR hlqElk sc-cDJyZ dTrkid\" data-testid=\"rich-content-container\"><strong>Len\u00e7ol Hospitalar \u2013 sem Picote &#8211; NOBRE 50cm x 50m &#8211; Len\u00e7ol Hospitalar\u00a0<\/strong><br \/>\n<strong>Caracter\u00edsticas Gerais do Produto:<\/strong><br \/>\n\u2022\u00a0<strong>Conte\u00fado da Embalagem:<\/strong>\u00a01 Rolo.<br \/>\n\u2022\u00a0<strong>Cor:<\/strong>\u00a0Branca<br \/>\n\u2022\u00a0<strong>Material:<\/strong>\u00a0Celulose, Papel<\/p>\n<p><strong>Acompanha o produto:<\/strong><br \/>\n\u2022 1 rolo de len\u00e7ol descart\u00e1vel 50m.<\/div>\n<\/div>\n","protected":false},"excerpt":{"rendered":"<p>Informa\u00e7\u00f5es do Produto Len\u00e7ol Hospitalar sem Picote &#8211; NOBRE Len\u00e7ol Hospitalar \u2013 sem Picote &#8211; NOBRE 50cm x 50m &#8211; Len\u00e7ol Hospitalar\u00a0 Caracter\u00edsticas Gerais do Produto: \u2022\u00a0Conte\u00fado da Embalagem:\u00a01 Rolo. \u2022\u00a0Cor:\u00a0Branca \u2022\u00a0Material:\u00a0Celulose, Papel Acompanha o produto: \u2022 1 rolo de len\u00e7ol descart\u00e1vel<\/p>\n<p class=\"link-more\"><a class=\"myButt \" href=\"https:\/\/glovesup.com.br\/index.php\/produto\/nobre-lencol-hospitalar-50cm-x-50m\/\">Read More<\/a><\/p>\n","protected":false},"featured_media":895,"comment_status":"open","ping_status":"closed","template":"","meta":{"_joinchat":[]},"product_brand":[],"product_cat":[83,72,84],"product_tag":[],"class_list":{"0":"post-894","1":"product","2":"type-product","3":"status-publish","4":"has-post-thumbnail","6":"product_cat-acessorios-descartaveis-2","7":"product_cat-nobre","8":"product_cat-nobre-complementos","10":"first","11":"instock","12":"shipping-taxable","13":"purchasable","14":"product-type-simple"},"yoast_head":"<!-- This site is optimized with the Yoast SEO plugin v24.3 - https:\/\/yoast.com\/wordpress\/plugins\/seo\/ -->\n<title>NOBRE - LEN\u00c7OL HOSPITALAR \u2013 50CM x 50M - GLOVES&#039;UP<\/title>\n<meta name=\"robots\" content=\"index, follow, max-snippet:-1, max-image-preview:large, max-video-preview:-1\" \/>\n<link rel=\"canonical\" href=\"https:\/\/glovesup.com.br\/index.php\/produto\/nobre-lencol-hospitalar-50cm-x-50m\/\" \/>\n<meta property=\"og:locale\" content=\"pt_BR\" \/>\n<meta property=\"og:type\" content=\"article\" \/>\n<meta property=\"og:title\" content=\"NOBRE - LEN\u00c7OL HOSPITALAR \u2013 50CM x 50M - GLOVES&#039;UP\" \/>\n<meta property=\"og:description\" content=\"Informa\u00e7\u00f5es do Produto Len\u00e7ol Hospitalar sem Picote &#8211; NOBRE Len\u00e7ol Hospitalar \u2013 sem Picote &#8211; NOBRE 50cm x 50m &#8211; Len\u00e7ol Hospitalar\u00a0 Caracter\u00edsticas Gerais do Produto: \u2022\u00a0Conte\u00fado da Embalagem:\u00a01 Rolo. \u2022\u00a0Cor:\u00a0Branca \u2022\u00a0Material:\u00a0Celulose, Papel Acompanha o produto: \u2022 1 rolo de len\u00e7ol descart\u00e1velRead More\" \/>\n<meta property=\"og:url\" content=\"https:\/\/glovesup.com.br\/index.php\/produto\/nobre-lencol-hospitalar-50cm-x-50m\/\" \/>\n<meta property=\"og:site_name\" content=\"GLOVES&#039;UP\" \/>\n<meta property=\"article:modified_time\" content=\"2025-10-09T20:07:13+00:00\" \/>\n<meta property=\"og:image\" content=\"https:\/\/glovesup.com.br\/wp-content\/uploads\/2024\/05\/LENCOL-50X50-NOBRE.png\" \/>\n\t<meta property=\"og:image:width\" content=\"442\" \/>\n\t<meta property=\"og:image:height\" content=\"241\" \/>\n\t<meta property=\"og:image:type\" content=\"image\/png\" \/>\n<meta name=\"twitter:card\" content=\"summary_large_image\" \/>\n<script type=\"application\/ld+json\" class=\"yoast-schema-graph\">{\"@context\":\"https:\/\/schema.org\",\"@graph\":[{\"@type\":\"WebPage\",\"@id\":\"https:\/\/glovesup.com.br\/index.php\/produto\/nobre-lencol-hospitalar-50cm-x-50m\/\",\"url\":\"https:\/\/glovesup.com.br\/index.php\/produto\/nobre-lencol-hospitalar-50cm-x-50m\/\",\"name\":\"NOBRE - LEN\u00c7OL HOSPITALAR \u2013 50CM x 50M - GLOVES&#039;UP\",\"isPartOf\":{\"@id\":\"https:\/\/glovesup.com.br\/#website\"},\"primaryImageOfPage\":{\"@id\":\"https:\/\/glovesup.com.br\/index.php\/produto\/nobre-lencol-hospitalar-50cm-x-50m\/#primaryimage\"},\"image\":{\"@id\":\"https:\/\/glovesup.com.br\/index.php\/produto\/nobre-lencol-hospitalar-50cm-x-50m\/#primaryimage\"},\"thumbnailUrl\":\"https:\/\/glovesup.com.br\/wp-content\/uploads\/2024\/05\/LENCOL-50X50-NOBRE.png\",\"datePublished\":\"2024-05-14T00:05:32+00:00\",\"dateModified\":\"2025-10-09T20:07:13+00:00\",\"breadcrumb\":{\"@id\":\"https:\/\/glovesup.com.br\/index.php\/produto\/nobre-lencol-hospitalar-50cm-x-50m\/#breadcrumb\"},\"inLanguage\":\"pt-BR\",\"potentialAction\":[{\"@type\":\"ReadAction\",\"target\":[\"https:\/\/glovesup.com.br\/index.php\/produto\/nobre-lencol-hospitalar-50cm-x-50m\/\"]}]},{\"@type\":\"ImageObject\",\"inLanguage\":\"pt-BR\",\"@id\":\"https:\/\/glovesup.com.br\/index.php\/produto\/nobre-lencol-hospitalar-50cm-x-50m\/#primaryimage\",\"url\":\"https:\/\/glovesup.com.br\/wp-content\/uploads\/2024\/05\/LENCOL-50X50-NOBRE.png\",\"contentUrl\":\"https:\/\/glovesup.com.br\/wp-content\/uploads\/2024\/05\/LENCOL-50X50-NOBRE.png\",\"width\":442,\"height\":241},{\"@type\":\"BreadcrumbList\",\"@id\":\"https:\/\/glovesup.com.br\/index.php\/produto\/nobre-lencol-hospitalar-50cm-x-50m\/#breadcrumb\",\"itemListElement\":[{\"@type\":\"ListItem\",\"position\":1,\"name\":\"In\u00edcio\",\"item\":\"https:\/\/glovesup.com.br\/\"},{\"@type\":\"ListItem\",\"position\":2,\"name\":\"LOJA\",\"item\":\"https:\/\/glovesup.com.br\/\"},{\"@type\":\"ListItem\",\"position\":3,\"name\":\"NOBRE &#8211; LEN\u00c7OL HOSPITALAR \u2013 50CM x 50M\"}]},{\"@type\":\"WebSite\",\"@id\":\"https:\/\/glovesup.com.br\/#website\",\"url\":\"https:\/\/glovesup.com.br\/\",\"name\":\"Gloves\\\"UP_Conhe\u00e7a Nossos Produto!\",\"description\":\"As Melhores Marcas de Luvas do Mercado para Voc\u00ea! QUALIDADE\/CUSTO BENEF\u00cdCIO S\u00d3 AQUI!!\",\"publisher\":{\"@id\":\"https:\/\/glovesup.com.br\/#organization\"},\"alternateName\":\"Gloves\\\"UP_Conhe\u00e7a Nossos Produto!\",\"potentialAction\":[{\"@type\":\"SearchAction\",\"target\":{\"@type\":\"EntryPoint\",\"urlTemplate\":\"https:\/\/glovesup.com.br\/?s={search_term_string}\"},\"query-input\":{\"@type\":\"PropertyValueSpecification\",\"valueRequired\":true,\"valueName\":\"search_term_string\"}}],\"inLanguage\":\"pt-BR\"},{\"@type\":\"Organization\",\"@id\":\"https:\/\/glovesup.com.br\/#organization\",\"name\":\"GLOVESUP\",\"url\":\"https:\/\/glovesup.com.br\/\",\"logo\":{\"@type\":\"ImageObject\",\"inLanguage\":\"pt-BR\",\"@id\":\"https:\/\/glovesup.com.br\/#\/schema\/logo\/image\/\",\"url\":\"https:\/\/glovesup.com.br\/wp-content\/uploads\/2024\/05\/cropped-WhatsApp-Image-2024-05-12-at-21.29.57-2.jpeg\",\"contentUrl\":\"https:\/\/glovesup.com.br\/wp-content\/uploads\/2024\/05\/cropped-WhatsApp-Image-2024-05-12-at-21.29.57-2.jpeg\",\"width\":55,\"height\":55,\"caption\":\"GLOVESUP\"},\"image\":{\"@id\":\"https:\/\/glovesup.com.br\/#\/schema\/logo\/image\/\"},\"sameAs\":[\"https:\/\/www.instagram.com\/glovesup.distribuidora\/\"]}]}<\/script>\n<!-- \/ Yoast SEO plugin. -->","yoast_head_json":{"title":"NOBRE - LEN\u00c7OL HOSPITALAR \u2013 50CM x 50M - GLOVES&#039;UP","robots":{"index":"index","follow":"follow","max-snippet":"max-snippet:-1","max-image-preview":"max-image-preview:large","max-video-preview":"max-video-preview:-1"},"canonical":"https:\/\/glovesup.com.br\/index.php\/produto\/nobre-lencol-hospitalar-50cm-x-50m\/","og_locale":"pt_BR","og_type":"article","og_title":"NOBRE - LEN\u00c7OL HOSPITALAR \u2013 50CM x 50M - GLOVES&#039;UP","og_description":"Informa\u00e7\u00f5es do Produto Len\u00e7ol Hospitalar sem Picote &#8211; NOBRE Len\u00e7ol Hospitalar \u2013 sem Picote &#8211; NOBRE 50cm x 50m &#8211; Len\u00e7ol Hospitalar\u00a0 Caracter\u00edsticas Gerais do Produto: \u2022\u00a0Conte\u00fado da Embalagem:\u00a01 Rolo. \u2022\u00a0Cor:\u00a0Branca \u2022\u00a0Material:\u00a0Celulose, Papel Acompanha o produto: \u2022 1 rolo de len\u00e7ol descart\u00e1velRead More","og_url":"https:\/\/glovesup.com.br\/index.php\/produto\/nobre-lencol-hospitalar-50cm-x-50m\/","og_site_name":"GLOVES&#039;UP","article_modified_time":"2025-10-09T20:07:13+00:00","og_image":[{"width":442,"height":241,"url":"https:\/\/glovesup.com.br\/wp-content\/uploads\/2024\/05\/LENCOL-50X50-NOBRE.png","type":"image\/png"}],"twitter_card":"summary_large_image","schema":{"@context":"https:\/\/schema.org","@graph":[{"@type":"WebPage","@id":"https:\/\/glovesup.com.br\/index.php\/produto\/nobre-lencol-hospitalar-50cm-x-50m\/","url":"https:\/\/glovesup.com.br\/index.php\/produto\/nobre-lencol-hospitalar-50cm-x-50m\/","name":"NOBRE - LEN\u00c7OL HOSPITALAR \u2013 50CM x 50M - GLOVES&#039;UP","isPartOf":{"@id":"https:\/\/glovesup.com.br\/#website"},"primaryImageOfPage":{"@id":"https:\/\/glovesup.com.br\/index.php\/produto\/nobre-lencol-hospitalar-50cm-x-50m\/#primaryimage"},"image":{"@id":"https:\/\/glovesup.com.br\/index.php\/produto\/nobre-lencol-hospitalar-50cm-x-50m\/#primaryimage"},"thumbnailUrl":"https:\/\/glovesup.com.br\/wp-content\/uploads\/2024\/05\/LENCOL-50X50-NOBRE.png","datePublished":"2024-05-14T00:05:32+00:00","dateModified":"2025-10-09T20:07:13+00:00","breadcrumb":{"@id":"https:\/\/glovesup.com.br\/index.php\/produto\/nobre-lencol-hospitalar-50cm-x-50m\/#breadcrumb"},"inLanguage":"pt-BR","potentialAction":[{"@type":"ReadAction","target":["https:\/\/glovesup.com.br\/index.php\/produto\/nobre-lencol-hospitalar-50cm-x-50m\/"]}]},{"@type":"ImageObject","inLanguage":"pt-BR","@id":"https:\/\/glovesup.com.br\/index.php\/produto\/nobre-lencol-hospitalar-50cm-x-50m\/#primaryimage","url":"https:\/\/glovesup.com.br\/wp-content\/uploads\/2024\/05\/LENCOL-50X50-NOBRE.png","contentUrl":"https:\/\/glovesup.com.br\/wp-content\/uploads\/2024\/05\/LENCOL-50X50-NOBRE.png","width":442,"height":241},{"@type":"BreadcrumbList","@id":"https:\/\/glovesup.com.br\/index.php\/produto\/nobre-lencol-hospitalar-50cm-x-50m\/#breadcrumb","itemListElement":[{"@type":"ListItem","position":1,"name":"In\u00edcio","item":"https:\/\/glovesup.com.br\/"},{"@type":"ListItem","position":2,"name":"LOJA","item":"https:\/\/glovesup.com.br\/"},{"@type":"ListItem","position":3,"name":"NOBRE &#8211; LEN\u00c7OL HOSPITALAR \u2013 50CM x 50M"}]},{"@type":"WebSite","@id":"https:\/\/glovesup.com.br\/#website","url":"https:\/\/glovesup.com.br\/","name":"Gloves\"UP_Conhe\u00e7a Nossos Produto!","description":"As Melhores Marcas de Luvas do Mercado para Voc\u00ea! QUALIDADE\/CUSTO BENEF\u00cdCIO S\u00d3 AQUI!!","publisher":{"@id":"https:\/\/glovesup.com.br\/#organization"},"alternateName":"Gloves\"UP_Conhe\u00e7a Nossos Produto!","potentialAction":[{"@type":"SearchAction","target":{"@type":"EntryPoint","urlTemplate":"https:\/\/glovesup.com.br\/?s={search_term_string}"},"query-input":{"@type":"PropertyValueSpecification","valueRequired":true,"valueName":"search_term_string"}}],"inLanguage":"pt-BR"},{"@type":"Organization","@id":"https:\/\/glovesup.com.br\/#organization","name":"GLOVESUP","url":"https:\/\/glovesup.com.br\/","logo":{"@type":"ImageObject","inLanguage":"pt-BR","@id":"https:\/\/glovesup.com.br\/#\/schema\/logo\/image\/","url":"https:\/\/glovesup.com.br\/wp-content\/uploads\/2024\/05\/cropped-WhatsApp-Image-2024-05-12-at-21.29.57-2.jpeg","contentUrl":"https:\/\/glovesup.com.br\/wp-content\/uploads\/2024\/05\/cropped-WhatsApp-Image-2024-05-12-at-21.29.57-2.jpeg","width":55,"height":55,"caption":"GLOVESUP"},"image":{"@id":"https:\/\/glovesup.com.br\/#\/schema\/logo\/image\/"},"sameAs":["https:\/\/www.instagram.com\/glovesup.distribuidora\/"]}]}},"jetpack_sharing_enabled":true,"_links":{"self":[{"href":"https:\/\/glovesup.com.br\/index.php\/wp-json\/wp\/v2\/product\/894","targetHints":{"allow":["GET"]}}],"collection":[{"href":"https:\/\/glovesup.com.br\/index.php\/wp-json\/wp\/v2\/product"}],"about":[{"href":"https:\/\/glovesup.com.br\/index.php\/wp-json\/wp\/v2\/types\/product"}],"replies":[{"embeddable":true,"href":"https:\/\/glovesup.com.br\/index.php\/wp-json\/wp\/v2\/comments?post=894"}],"wp:featuredmedia":[{"embeddable":true,"href":"https:\/\/glovesup.com.br\/index.php\/wp-json\/wp\/v2\/media\/895"}],"wp:attachment":[{"href":"https:\/\/glovesup.com.br\/index.php\/wp-json\/wp\/v2\/media?parent=894"}],"wp:term":[{"taxonomy":"product_brand","embeddable":true,"href":"https:\/\/glovesup.com.br\/index.php\/wp-json\/wp\/v2\/product_brand?post=894"},{"taxonomy":"product_cat","embeddable":true,"href":"https:\/\/glovesup.com.br\/index.php\/wp-json\/wp\/v2\/product_cat?post=894"},{"taxonomy":"product_tag","embeddable":true,"href":"https:\/\/glovesup.com.br\/index.php\/wp-json\/wp\/v2\/product_tag?post=894"}],"curies":[{"name":"wp","href":"https:\/\/api.w.org\/{rel}","templated":true}]}}