{"id":876,"date":"2024-05-13T18:38:07","date_gmt":"2024-05-13T21:38:07","guid":{"rendered":"https:\/\/glovesup.com.br\/?post_type=product&#038;p=876"},"modified":"2025-08-19T13:25:43","modified_gmt":"2025-08-19T16:25:43","slug":"vabene-touca-tnt-display-rosa-12un-pct-60pct","status":"publish","type":"product","link":"https:\/\/glovesup.com.br\/index.php\/produto\/vabene-touca-tnt-display-rosa-12un-pct-60pct\/","title":{"rendered":"VABENE &#8211; TOUCA TNT DISPLAY ROSA 12UN\/PCT 60PCT"},"content":{"rendered":"<p>Toucas sanfonada (tipo gorro) e confeccionada mat\u00e9ria\/produto t\u00eaxtil em pe\u00e7a de TNT (tecido n\u00e3o tecido) 100% polipropileno, descart\u00e1vel, cor branca para prote\u00e7\u00e3o de cabelos, embaladas em pacotes com 12 toucas, agrupadas em caixas com 60 pacotes, para utiliza\u00e7\u00e3o diversa com finalidade em especial de higiene, como no uso em gastronomia, est\u00e9tica e ind\u00fastria entre outros.<\/p>\n","protected":false},"excerpt":{"rendered":"<p>Toucas sanfonada (tipo gorro) e confeccionada mat\u00e9ria\/produto t\u00eaxtil em pe\u00e7a de TNT (tecido n\u00e3o tecido) 100% polipropileno, descart\u00e1vel, cor branca para prote\u00e7\u00e3o de cabelos, embaladas em pacotes com 12 toucas, agrupadas em caixas com 60 pacotes, para utiliza\u00e7\u00e3o diversa com finalidade em<\/p>\n<p class=\"link-more\"><a class=\"myButt \" href=\"https:\/\/glovesup.com.br\/index.php\/produto\/vabene-touca-tnt-display-rosa-12un-pct-60pct\/\">Read More<\/a><\/p>\n","protected":false},"featured_media":889,"comment_status":"open","ping_status":"closed","template":"","meta":{"_joinchat":[]},"product_brand":[],"product_cat":[83,57,82],"product_tag":[],"class_list":{"0":"post-876","1":"product","2":"type-product","3":"status-publish","4":"has-post-thumbnail","6":"product_cat-acessorios-descartaveis-2","7":"product_cat-vabene","8":"product_cat-acessorios-descartaveis","10":"first","11":"instock","12":"shipping-taxable","13":"purchasable","14":"product-type-simple"},"yoast_head":"<!-- This site is optimized with the Yoast SEO plugin v24.3 - https:\/\/yoast.com\/wordpress\/plugins\/seo\/ -->\n<title>VABENE - TOUCA TNT DISPLAY ROSA 12UN\/PCT 60PCT - GLOVES&#039;UP<\/title>\n<meta name=\"robots\" content=\"index, follow, max-snippet:-1, max-image-preview:large, max-video-preview:-1\" \/>\n<link rel=\"canonical\" href=\"https:\/\/glovesup.com.br\/index.php\/produto\/vabene-touca-tnt-display-rosa-12un-pct-60pct\/\" \/>\n<meta property=\"og:locale\" content=\"pt_BR\" \/>\n<meta property=\"og:type\" content=\"article\" \/>\n<meta property=\"og:title\" content=\"VABENE - TOUCA TNT DISPLAY ROSA 12UN\/PCT 60PCT - GLOVES&#039;UP\" \/>\n<meta property=\"og:description\" content=\"Toucas sanfonada (tipo gorro) e confeccionada mat\u00e9ria\/produto t\u00eaxtil em pe\u00e7a de TNT (tecido n\u00e3o tecido) 100% polipropileno, descart\u00e1vel, cor branca para prote\u00e7\u00e3o de cabelos, embaladas em pacotes com 12 toucas, agrupadas em caixas com 60 pacotes, para utiliza\u00e7\u00e3o diversa com finalidade emRead More\" \/>\n<meta property=\"og:url\" content=\"https:\/\/glovesup.com.br\/index.php\/produto\/vabene-touca-tnt-display-rosa-12un-pct-60pct\/\" \/>\n<meta property=\"og:site_name\" content=\"GLOVES&#039;UP\" \/>\n<meta property=\"article:modified_time\" content=\"2025-08-19T16:25:43+00:00\" \/>\n<meta property=\"og:image\" content=\"https:\/\/glovesup.com.br\/wp-content\/uploads\/2024\/05\/TOUCA-ROSA-B-1-1.png\" \/>\n\t<meta property=\"og:image:width\" content=\"251\" \/>\n\t<meta property=\"og:image:height\" content=\"472\" \/>\n\t<meta property=\"og:image:type\" content=\"image\/png\" \/>\n<meta name=\"twitter:card\" content=\"summary_large_image\" \/>\n<script type=\"application\/ld+json\" class=\"yoast-schema-graph\">{\"@context\":\"https:\/\/schema.org\",\"@graph\":[{\"@type\":\"WebPage\",\"@id\":\"https:\/\/glovesup.com.br\/index.php\/produto\/vabene-touca-tnt-display-rosa-12un-pct-60pct\/\",\"url\":\"https:\/\/glovesup.com.br\/index.php\/produto\/vabene-touca-tnt-display-rosa-12un-pct-60pct\/\",\"name\":\"VABENE - TOUCA TNT DISPLAY ROSA 12UN\/PCT 60PCT - GLOVES&#039;UP\",\"isPartOf\":{\"@id\":\"https:\/\/glovesup.com.br\/#website\"},\"primaryImageOfPage\":{\"@id\":\"https:\/\/glovesup.com.br\/index.php\/produto\/vabene-touca-tnt-display-rosa-12un-pct-60pct\/#primaryimage\"},\"image\":{\"@id\":\"https:\/\/glovesup.com.br\/index.php\/produto\/vabene-touca-tnt-display-rosa-12un-pct-60pct\/#primaryimage\"},\"thumbnailUrl\":\"https:\/\/glovesup.com.br\/wp-content\/uploads\/2024\/05\/TOUCA-ROSA-B-1-1.png\",\"datePublished\":\"2024-05-13T21:38:07+00:00\",\"dateModified\":\"2025-08-19T16:25:43+00:00\",\"breadcrumb\":{\"@id\":\"https:\/\/glovesup.com.br\/index.php\/produto\/vabene-touca-tnt-display-rosa-12un-pct-60pct\/#breadcrumb\"},\"inLanguage\":\"pt-BR\",\"potentialAction\":[{\"@type\":\"ReadAction\",\"target\":[\"https:\/\/glovesup.com.br\/index.php\/produto\/vabene-touca-tnt-display-rosa-12un-pct-60pct\/\"]}]},{\"@type\":\"ImageObject\",\"inLanguage\":\"pt-BR\",\"@id\":\"https:\/\/glovesup.com.br\/index.php\/produto\/vabene-touca-tnt-display-rosa-12un-pct-60pct\/#primaryimage\",\"url\":\"https:\/\/glovesup.com.br\/wp-content\/uploads\/2024\/05\/TOUCA-ROSA-B-1-1.png\",\"contentUrl\":\"https:\/\/glovesup.com.br\/wp-content\/uploads\/2024\/05\/TOUCA-ROSA-B-1-1.png\",\"width\":251,\"height\":472},{\"@type\":\"BreadcrumbList\",\"@id\":\"https:\/\/glovesup.com.br\/index.php\/produto\/vabene-touca-tnt-display-rosa-12un-pct-60pct\/#breadcrumb\",\"itemListElement\":[{\"@type\":\"ListItem\",\"position\":1,\"name\":\"In\u00edcio\",\"item\":\"https:\/\/glovesup.com.br\/\"},{\"@type\":\"ListItem\",\"position\":2,\"name\":\"LOJA\",\"item\":\"https:\/\/glovesup.com.br\/\"},{\"@type\":\"ListItem\",\"position\":3,\"name\":\"VABENE &#8211; TOUCA TNT DISPLAY ROSA 12UN\/PCT 60PCT\"}]},{\"@type\":\"WebSite\",\"@id\":\"https:\/\/glovesup.com.br\/#website\",\"url\":\"https:\/\/glovesup.com.br\/\",\"name\":\"Gloves\\\"UP_Conhe\u00e7a Nossos Produto!\",\"description\":\"As Melhores Marcas de Luvas do Mercado para Voc\u00ea! QUALIDADE\/CUSTO BENEF\u00cdCIO S\u00d3 AQUI!!\",\"publisher\":{\"@id\":\"https:\/\/glovesup.com.br\/#organization\"},\"alternateName\":\"Gloves\\\"UP_Conhe\u00e7a Nossos Produto!\",\"potentialAction\":[{\"@type\":\"SearchAction\",\"target\":{\"@type\":\"EntryPoint\",\"urlTemplate\":\"https:\/\/glovesup.com.br\/?s={search_term_string}\"},\"query-input\":{\"@type\":\"PropertyValueSpecification\",\"valueRequired\":true,\"valueName\":\"search_term_string\"}}],\"inLanguage\":\"pt-BR\"},{\"@type\":\"Organization\",\"@id\":\"https:\/\/glovesup.com.br\/#organization\",\"name\":\"GLOVESUP\",\"url\":\"https:\/\/glovesup.com.br\/\",\"logo\":{\"@type\":\"ImageObject\",\"inLanguage\":\"pt-BR\",\"@id\":\"https:\/\/glovesup.com.br\/#\/schema\/logo\/image\/\",\"url\":\"https:\/\/glovesup.com.br\/wp-content\/uploads\/2024\/05\/cropped-WhatsApp-Image-2024-05-12-at-21.29.57-2.jpeg\",\"contentUrl\":\"https:\/\/glovesup.com.br\/wp-content\/uploads\/2024\/05\/cropped-WhatsApp-Image-2024-05-12-at-21.29.57-2.jpeg\",\"width\":55,\"height\":55,\"caption\":\"GLOVESUP\"},\"image\":{\"@id\":\"https:\/\/glovesup.com.br\/#\/schema\/logo\/image\/\"},\"sameAs\":[\"https:\/\/www.instagram.com\/glovesup.distribuidora\/\"]}]}<\/script>\n<!-- \/ Yoast SEO plugin. -->","yoast_head_json":{"title":"VABENE - TOUCA TNT DISPLAY ROSA 12UN\/PCT 60PCT - GLOVES&#039;UP","robots":{"index":"index","follow":"follow","max-snippet":"max-snippet:-1","max-image-preview":"max-image-preview:large","max-video-preview":"max-video-preview:-1"},"canonical":"https:\/\/glovesup.com.br\/index.php\/produto\/vabene-touca-tnt-display-rosa-12un-pct-60pct\/","og_locale":"pt_BR","og_type":"article","og_title":"VABENE - TOUCA TNT DISPLAY ROSA 12UN\/PCT 60PCT - GLOVES&#039;UP","og_description":"Toucas sanfonada (tipo gorro) e confeccionada mat\u00e9ria\/produto t\u00eaxtil em pe\u00e7a de TNT (tecido n\u00e3o tecido) 100% polipropileno, descart\u00e1vel, cor branca para prote\u00e7\u00e3o de cabelos, embaladas em pacotes com 12 toucas, agrupadas em caixas com 60 pacotes, para utiliza\u00e7\u00e3o diversa com finalidade emRead More","og_url":"https:\/\/glovesup.com.br\/index.php\/produto\/vabene-touca-tnt-display-rosa-12un-pct-60pct\/","og_site_name":"GLOVES&#039;UP","article_modified_time":"2025-08-19T16:25:43+00:00","og_image":[{"width":251,"height":472,"url":"https:\/\/glovesup.com.br\/wp-content\/uploads\/2024\/05\/TOUCA-ROSA-B-1-1.png","type":"image\/png"}],"twitter_card":"summary_large_image","schema":{"@context":"https:\/\/schema.org","@graph":[{"@type":"WebPage","@id":"https:\/\/glovesup.com.br\/index.php\/produto\/vabene-touca-tnt-display-rosa-12un-pct-60pct\/","url":"https:\/\/glovesup.com.br\/index.php\/produto\/vabene-touca-tnt-display-rosa-12un-pct-60pct\/","name":"VABENE - TOUCA TNT DISPLAY ROSA 12UN\/PCT 60PCT - GLOVES&#039;UP","isPartOf":{"@id":"https:\/\/glovesup.com.br\/#website"},"primaryImageOfPage":{"@id":"https:\/\/glovesup.com.br\/index.php\/produto\/vabene-touca-tnt-display-rosa-12un-pct-60pct\/#primaryimage"},"image":{"@id":"https:\/\/glovesup.com.br\/index.php\/produto\/vabene-touca-tnt-display-rosa-12un-pct-60pct\/#primaryimage"},"thumbnailUrl":"https:\/\/glovesup.com.br\/wp-content\/uploads\/2024\/05\/TOUCA-ROSA-B-1-1.png","datePublished":"2024-05-13T21:38:07+00:00","dateModified":"2025-08-19T16:25:43+00:00","breadcrumb":{"@id":"https:\/\/glovesup.com.br\/index.php\/produto\/vabene-touca-tnt-display-rosa-12un-pct-60pct\/#breadcrumb"},"inLanguage":"pt-BR","potentialAction":[{"@type":"ReadAction","target":["https:\/\/glovesup.com.br\/index.php\/produto\/vabene-touca-tnt-display-rosa-12un-pct-60pct\/"]}]},{"@type":"ImageObject","inLanguage":"pt-BR","@id":"https:\/\/glovesup.com.br\/index.php\/produto\/vabene-touca-tnt-display-rosa-12un-pct-60pct\/#primaryimage","url":"https:\/\/glovesup.com.br\/wp-content\/uploads\/2024\/05\/TOUCA-ROSA-B-1-1.png","contentUrl":"https:\/\/glovesup.com.br\/wp-content\/uploads\/2024\/05\/TOUCA-ROSA-B-1-1.png","width":251,"height":472},{"@type":"BreadcrumbList","@id":"https:\/\/glovesup.com.br\/index.php\/produto\/vabene-touca-tnt-display-rosa-12un-pct-60pct\/#breadcrumb","itemListElement":[{"@type":"ListItem","position":1,"name":"In\u00edcio","item":"https:\/\/glovesup.com.br\/"},{"@type":"ListItem","position":2,"name":"LOJA","item":"https:\/\/glovesup.com.br\/"},{"@type":"ListItem","position":3,"name":"VABENE &#8211; TOUCA TNT DISPLAY ROSA 12UN\/PCT 60PCT"}]},{"@type":"WebSite","@id":"https:\/\/glovesup.com.br\/#website","url":"https:\/\/glovesup.com.br\/","name":"Gloves\"UP_Conhe\u00e7a Nossos Produto!","description":"As Melhores Marcas de Luvas do Mercado para Voc\u00ea! QUALIDADE\/CUSTO BENEF\u00cdCIO S\u00d3 AQUI!!","publisher":{"@id":"https:\/\/glovesup.com.br\/#organization"},"alternateName":"Gloves\"UP_Conhe\u00e7a Nossos Produto!","potentialAction":[{"@type":"SearchAction","target":{"@type":"EntryPoint","urlTemplate":"https:\/\/glovesup.com.br\/?s={search_term_string}"},"query-input":{"@type":"PropertyValueSpecification","valueRequired":true,"valueName":"search_term_string"}}],"inLanguage":"pt-BR"},{"@type":"Organization","@id":"https:\/\/glovesup.com.br\/#organization","name":"GLOVESUP","url":"https:\/\/glovesup.com.br\/","logo":{"@type":"ImageObject","inLanguage":"pt-BR","@id":"https:\/\/glovesup.com.br\/#\/schema\/logo\/image\/","url":"https:\/\/glovesup.com.br\/wp-content\/uploads\/2024\/05\/cropped-WhatsApp-Image-2024-05-12-at-21.29.57-2.jpeg","contentUrl":"https:\/\/glovesup.com.br\/wp-content\/uploads\/2024\/05\/cropped-WhatsApp-Image-2024-05-12-at-21.29.57-2.jpeg","width":55,"height":55,"caption":"GLOVESUP"},"image":{"@id":"https:\/\/glovesup.com.br\/#\/schema\/logo\/image\/"},"sameAs":["https:\/\/www.instagram.com\/glovesup.distribuidora\/"]}]}},"jetpack_sharing_enabled":true,"_links":{"self":[{"href":"https:\/\/glovesup.com.br\/index.php\/wp-json\/wp\/v2\/product\/876","targetHints":{"allow":["GET"]}}],"collection":[{"href":"https:\/\/glovesup.com.br\/index.php\/wp-json\/wp\/v2\/product"}],"about":[{"href":"https:\/\/glovesup.com.br\/index.php\/wp-json\/wp\/v2\/types\/product"}],"replies":[{"embeddable":true,"href":"https:\/\/glovesup.com.br\/index.php\/wp-json\/wp\/v2\/comments?post=876"}],"wp:featuredmedia":[{"embeddable":true,"href":"https:\/\/glovesup.com.br\/index.php\/wp-json\/wp\/v2\/media\/889"}],"wp:attachment":[{"href":"https:\/\/glovesup.com.br\/index.php\/wp-json\/wp\/v2\/media?parent=876"}],"wp:term":[{"taxonomy":"product_brand","embeddable":true,"href":"https:\/\/glovesup.com.br\/index.php\/wp-json\/wp\/v2\/product_brand?post=876"},{"taxonomy":"product_cat","embeddable":true,"href":"https:\/\/glovesup.com.br\/index.php\/wp-json\/wp\/v2\/product_cat?post=876"},{"taxonomy":"product_tag","embeddable":true,"href":"https:\/\/glovesup.com.br\/index.php\/wp-json\/wp\/v2\/product_tag?post=876"}],"curies":[{"name":"wp","href":"https:\/\/api.w.org\/{rel}","templated":true}]}}