{"id":845,"date":"2024-05-13T16:14:06","date_gmt":"2024-05-13T19:14:06","guid":{"rendered":"https:\/\/glovesup.com.br\/?post_type=product&#038;p=845"},"modified":"2025-01-16T20:13:45","modified_gmt":"2025-01-16T23:13:45","slug":"filme-pvc-refil-38cmx100m","status":"publish","type":"product","link":"https:\/\/glovesup.com.br\/index.php\/produto\/filme-pvc-refil-38cmx100m\/","title":{"rendered":"VABENE &#8211; FILME PVC REFIL 38CMX100M"},"content":{"rendered":"<h2>Filme PVC Refil 38cmx100m<\/h2>\n<p>Super pr\u00e1tico e vers\u00e1til, \u00e9 utilizado para proteger e conservar todos os alimentos, preservando o sabor e o frescor, bem como mantendo-os limpos e sem odores. Al\u00e9m de envolver carnes, frutas, p\u00e3es, doces, entre outros. Tamb\u00e9m \u00e9 indicado para embalar objetos. Pode ser utilizado para controle de assepsia.<\/p>\n<p>&nbsp;<\/p>\n<p>Bobina de filme PVC (Policloreto de Vinila) 300 metros, tamanho 38cmx100m, embalados individualmente.<\/p>\n","protected":false},"excerpt":{"rendered":"<p>Filme PVC Refil 38cmx100m Super pr\u00e1tico e vers\u00e1til, \u00e9 utilizado para proteger e conservar todos os alimentos, preservando o sabor e o frescor, bem como mantendo-os limpos e sem odores. Al\u00e9m de envolver carnes, frutas, p\u00e3es, doces, entre outros. Tamb\u00e9m \u00e9 indicado<\/p>\n<p class=\"link-more\"><a class=\"myButt \" href=\"https:\/\/glovesup.com.br\/index.php\/produto\/filme-pvc-refil-38cmx100m\/\">Read More<\/a><\/p>\n","protected":false},"featured_media":848,"comment_status":"open","ping_status":"closed","template":"","meta":{"_joinchat":[]},"product_brand":[],"product_cat":[83,57,82],"product_tag":[],"class_list":{"0":"post-845","1":"product","2":"type-product","3":"status-publish","4":"has-post-thumbnail","6":"product_cat-acessorios-descartaveis-2","7":"product_cat-vabene","8":"product_cat-acessorios-descartaveis","10":"first","11":"instock","12":"shipping-taxable","13":"purchasable","14":"product-type-simple"},"yoast_head":"<!-- This site is optimized with the Yoast SEO plugin v24.3 - https:\/\/yoast.com\/wordpress\/plugins\/seo\/ -->\n<title>VABENE - FILME PVC REFIL 38CMX100M - GLOVES&#039;UP<\/title>\n<meta name=\"robots\" content=\"index, follow, max-snippet:-1, max-image-preview:large, max-video-preview:-1\" \/>\n<link rel=\"canonical\" href=\"https:\/\/glovesup.com.br\/index.php\/produto\/filme-pvc-refil-38cmx100m\/\" \/>\n<meta property=\"og:locale\" content=\"pt_BR\" \/>\n<meta property=\"og:type\" content=\"article\" \/>\n<meta property=\"og:title\" content=\"VABENE - FILME PVC REFIL 38CMX100M - GLOVES&#039;UP\" \/>\n<meta property=\"og:description\" content=\"Filme PVC Refil 38cmx100m Super pr\u00e1tico e vers\u00e1til, \u00e9 utilizado para proteger e conservar todos os alimentos, preservando o sabor e o frescor, bem como mantendo-os limpos e sem odores. Al\u00e9m de envolver carnes, frutas, p\u00e3es, doces, entre outros. Tamb\u00e9m \u00e9 indicadoRead More\" \/>\n<meta property=\"og:url\" content=\"https:\/\/glovesup.com.br\/index.php\/produto\/filme-pvc-refil-38cmx100m\/\" \/>\n<meta property=\"og:site_name\" content=\"GLOVES&#039;UP\" \/>\n<meta property=\"article:modified_time\" content=\"2025-01-16T23:13:45+00:00\" \/>\n<meta property=\"og:image\" content=\"https:\/\/glovesup.com.br\/wp-content\/uploads\/2024\/05\/VABENE-28X100-2.png\" \/>\n\t<meta property=\"og:image:width\" content=\"250\" \/>\n\t<meta property=\"og:image:height\" content=\"71\" \/>\n\t<meta property=\"og:image:type\" content=\"image\/png\" \/>\n<meta name=\"twitter:card\" content=\"summary_large_image\" \/>\n<meta name=\"twitter:label1\" content=\"Est. tempo de leitura\" \/>\n\t<meta name=\"twitter:data1\" content=\"1 minuto\" \/>\n<script type=\"application\/ld+json\" class=\"yoast-schema-graph\">{\"@context\":\"https:\/\/schema.org\",\"@graph\":[{\"@type\":\"WebPage\",\"@id\":\"https:\/\/glovesup.com.br\/index.php\/produto\/filme-pvc-refil-38cmx100m\/\",\"url\":\"https:\/\/glovesup.com.br\/index.php\/produto\/filme-pvc-refil-38cmx100m\/\",\"name\":\"VABENE - FILME PVC REFIL 38CMX100M - GLOVES&#039;UP\",\"isPartOf\":{\"@id\":\"https:\/\/glovesup.com.br\/#website\"},\"primaryImageOfPage\":{\"@id\":\"https:\/\/glovesup.com.br\/index.php\/produto\/filme-pvc-refil-38cmx100m\/#primaryimage\"},\"image\":{\"@id\":\"https:\/\/glovesup.com.br\/index.php\/produto\/filme-pvc-refil-38cmx100m\/#primaryimage\"},\"thumbnailUrl\":\"https:\/\/glovesup.com.br\/wp-content\/uploads\/2024\/05\/VABENE-28X100-2.png\",\"datePublished\":\"2024-05-13T19:14:06+00:00\",\"dateModified\":\"2025-01-16T23:13:45+00:00\",\"breadcrumb\":{\"@id\":\"https:\/\/glovesup.com.br\/index.php\/produto\/filme-pvc-refil-38cmx100m\/#breadcrumb\"},\"inLanguage\":\"pt-BR\",\"potentialAction\":[{\"@type\":\"ReadAction\",\"target\":[\"https:\/\/glovesup.com.br\/index.php\/produto\/filme-pvc-refil-38cmx100m\/\"]}]},{\"@type\":\"ImageObject\",\"inLanguage\":\"pt-BR\",\"@id\":\"https:\/\/glovesup.com.br\/index.php\/produto\/filme-pvc-refil-38cmx100m\/#primaryimage\",\"url\":\"https:\/\/glovesup.com.br\/wp-content\/uploads\/2024\/05\/VABENE-28X100-2.png\",\"contentUrl\":\"https:\/\/glovesup.com.br\/wp-content\/uploads\/2024\/05\/VABENE-28X100-2.png\",\"width\":250,\"height\":71},{\"@type\":\"BreadcrumbList\",\"@id\":\"https:\/\/glovesup.com.br\/index.php\/produto\/filme-pvc-refil-38cmx100m\/#breadcrumb\",\"itemListElement\":[{\"@type\":\"ListItem\",\"position\":1,\"name\":\"In\u00edcio\",\"item\":\"https:\/\/glovesup.com.br\/\"},{\"@type\":\"ListItem\",\"position\":2,\"name\":\"LOJA\",\"item\":\"https:\/\/glovesup.com.br\/\"},{\"@type\":\"ListItem\",\"position\":3,\"name\":\"VABENE &#8211; FILME PVC REFIL 38CMX100M\"}]},{\"@type\":\"WebSite\",\"@id\":\"https:\/\/glovesup.com.br\/#website\",\"url\":\"https:\/\/glovesup.com.br\/\",\"name\":\"Gloves\\\"UP_Conhe\u00e7a Nossos Produto!\",\"description\":\"As Melhores Marcas de Luvas do Mercado para Voc\u00ea! QUALIDADE\/CUSTO BENEF\u00cdCIO S\u00d3 AQUI!!\",\"publisher\":{\"@id\":\"https:\/\/glovesup.com.br\/#organization\"},\"alternateName\":\"Gloves\\\"UP_Conhe\u00e7a Nossos Produto!\",\"potentialAction\":[{\"@type\":\"SearchAction\",\"target\":{\"@type\":\"EntryPoint\",\"urlTemplate\":\"https:\/\/glovesup.com.br\/?s={search_term_string}\"},\"query-input\":{\"@type\":\"PropertyValueSpecification\",\"valueRequired\":true,\"valueName\":\"search_term_string\"}}],\"inLanguage\":\"pt-BR\"},{\"@type\":\"Organization\",\"@id\":\"https:\/\/glovesup.com.br\/#organization\",\"name\":\"GLOVESUP\",\"url\":\"https:\/\/glovesup.com.br\/\",\"logo\":{\"@type\":\"ImageObject\",\"inLanguage\":\"pt-BR\",\"@id\":\"https:\/\/glovesup.com.br\/#\/schema\/logo\/image\/\",\"url\":\"https:\/\/glovesup.com.br\/wp-content\/uploads\/2024\/05\/cropped-WhatsApp-Image-2024-05-12-at-21.29.57-2.jpeg\",\"contentUrl\":\"https:\/\/glovesup.com.br\/wp-content\/uploads\/2024\/05\/cropped-WhatsApp-Image-2024-05-12-at-21.29.57-2.jpeg\",\"width\":55,\"height\":55,\"caption\":\"GLOVESUP\"},\"image\":{\"@id\":\"https:\/\/glovesup.com.br\/#\/schema\/logo\/image\/\"},\"sameAs\":[\"https:\/\/www.instagram.com\/glovesup.distribuidora\/\"]}]}<\/script>\n<!-- \/ Yoast SEO plugin. -->","yoast_head_json":{"title":"VABENE - FILME PVC REFIL 38CMX100M - GLOVES&#039;UP","robots":{"index":"index","follow":"follow","max-snippet":"max-snippet:-1","max-image-preview":"max-image-preview:large","max-video-preview":"max-video-preview:-1"},"canonical":"https:\/\/glovesup.com.br\/index.php\/produto\/filme-pvc-refil-38cmx100m\/","og_locale":"pt_BR","og_type":"article","og_title":"VABENE - FILME PVC REFIL 38CMX100M - GLOVES&#039;UP","og_description":"Filme PVC Refil 38cmx100m Super pr\u00e1tico e vers\u00e1til, \u00e9 utilizado para proteger e conservar todos os alimentos, preservando o sabor e o frescor, bem como mantendo-os limpos e sem odores. Al\u00e9m de envolver carnes, frutas, p\u00e3es, doces, entre outros. Tamb\u00e9m \u00e9 indicadoRead More","og_url":"https:\/\/glovesup.com.br\/index.php\/produto\/filme-pvc-refil-38cmx100m\/","og_site_name":"GLOVES&#039;UP","article_modified_time":"2025-01-16T23:13:45+00:00","og_image":[{"width":250,"height":71,"url":"https:\/\/glovesup.com.br\/wp-content\/uploads\/2024\/05\/VABENE-28X100-2.png","type":"image\/png"}],"twitter_card":"summary_large_image","twitter_misc":{"Est. tempo de leitura":"1 minuto"},"schema":{"@context":"https:\/\/schema.org","@graph":[{"@type":"WebPage","@id":"https:\/\/glovesup.com.br\/index.php\/produto\/filme-pvc-refil-38cmx100m\/","url":"https:\/\/glovesup.com.br\/index.php\/produto\/filme-pvc-refil-38cmx100m\/","name":"VABENE - FILME PVC REFIL 38CMX100M - GLOVES&#039;UP","isPartOf":{"@id":"https:\/\/glovesup.com.br\/#website"},"primaryImageOfPage":{"@id":"https:\/\/glovesup.com.br\/index.php\/produto\/filme-pvc-refil-38cmx100m\/#primaryimage"},"image":{"@id":"https:\/\/glovesup.com.br\/index.php\/produto\/filme-pvc-refil-38cmx100m\/#primaryimage"},"thumbnailUrl":"https:\/\/glovesup.com.br\/wp-content\/uploads\/2024\/05\/VABENE-28X100-2.png","datePublished":"2024-05-13T19:14:06+00:00","dateModified":"2025-01-16T23:13:45+00:00","breadcrumb":{"@id":"https:\/\/glovesup.com.br\/index.php\/produto\/filme-pvc-refil-38cmx100m\/#breadcrumb"},"inLanguage":"pt-BR","potentialAction":[{"@type":"ReadAction","target":["https:\/\/glovesup.com.br\/index.php\/produto\/filme-pvc-refil-38cmx100m\/"]}]},{"@type":"ImageObject","inLanguage":"pt-BR","@id":"https:\/\/glovesup.com.br\/index.php\/produto\/filme-pvc-refil-38cmx100m\/#primaryimage","url":"https:\/\/glovesup.com.br\/wp-content\/uploads\/2024\/05\/VABENE-28X100-2.png","contentUrl":"https:\/\/glovesup.com.br\/wp-content\/uploads\/2024\/05\/VABENE-28X100-2.png","width":250,"height":71},{"@type":"BreadcrumbList","@id":"https:\/\/glovesup.com.br\/index.php\/produto\/filme-pvc-refil-38cmx100m\/#breadcrumb","itemListElement":[{"@type":"ListItem","position":1,"name":"In\u00edcio","item":"https:\/\/glovesup.com.br\/"},{"@type":"ListItem","position":2,"name":"LOJA","item":"https:\/\/glovesup.com.br\/"},{"@type":"ListItem","position":3,"name":"VABENE &#8211; FILME PVC REFIL 38CMX100M"}]},{"@type":"WebSite","@id":"https:\/\/glovesup.com.br\/#website","url":"https:\/\/glovesup.com.br\/","name":"Gloves\"UP_Conhe\u00e7a Nossos Produto!","description":"As Melhores Marcas de Luvas do Mercado para Voc\u00ea! QUALIDADE\/CUSTO BENEF\u00cdCIO S\u00d3 AQUI!!","publisher":{"@id":"https:\/\/glovesup.com.br\/#organization"},"alternateName":"Gloves\"UP_Conhe\u00e7a Nossos Produto!","potentialAction":[{"@type":"SearchAction","target":{"@type":"EntryPoint","urlTemplate":"https:\/\/glovesup.com.br\/?s={search_term_string}"},"query-input":{"@type":"PropertyValueSpecification","valueRequired":true,"valueName":"search_term_string"}}],"inLanguage":"pt-BR"},{"@type":"Organization","@id":"https:\/\/glovesup.com.br\/#organization","name":"GLOVESUP","url":"https:\/\/glovesup.com.br\/","logo":{"@type":"ImageObject","inLanguage":"pt-BR","@id":"https:\/\/glovesup.com.br\/#\/schema\/logo\/image\/","url":"https:\/\/glovesup.com.br\/wp-content\/uploads\/2024\/05\/cropped-WhatsApp-Image-2024-05-12-at-21.29.57-2.jpeg","contentUrl":"https:\/\/glovesup.com.br\/wp-content\/uploads\/2024\/05\/cropped-WhatsApp-Image-2024-05-12-at-21.29.57-2.jpeg","width":55,"height":55,"caption":"GLOVESUP"},"image":{"@id":"https:\/\/glovesup.com.br\/#\/schema\/logo\/image\/"},"sameAs":["https:\/\/www.instagram.com\/glovesup.distribuidora\/"]}]}},"jetpack_sharing_enabled":true,"_links":{"self":[{"href":"https:\/\/glovesup.com.br\/index.php\/wp-json\/wp\/v2\/product\/845","targetHints":{"allow":["GET"]}}],"collection":[{"href":"https:\/\/glovesup.com.br\/index.php\/wp-json\/wp\/v2\/product"}],"about":[{"href":"https:\/\/glovesup.com.br\/index.php\/wp-json\/wp\/v2\/types\/product"}],"replies":[{"embeddable":true,"href":"https:\/\/glovesup.com.br\/index.php\/wp-json\/wp\/v2\/comments?post=845"}],"wp:featuredmedia":[{"embeddable":true,"href":"https:\/\/glovesup.com.br\/index.php\/wp-json\/wp\/v2\/media\/848"}],"wp:attachment":[{"href":"https:\/\/glovesup.com.br\/index.php\/wp-json\/wp\/v2\/media?parent=845"}],"wp:term":[{"taxonomy":"product_brand","embeddable":true,"href":"https:\/\/glovesup.com.br\/index.php\/wp-json\/wp\/v2\/product_brand?post=845"},{"taxonomy":"product_cat","embeddable":true,"href":"https:\/\/glovesup.com.br\/index.php\/wp-json\/wp\/v2\/product_cat?post=845"},{"taxonomy":"product_tag","embeddable":true,"href":"https:\/\/glovesup.com.br\/index.php\/wp-json\/wp\/v2\/product_tag?post=845"}],"curies":[{"name":"wp","href":"https:\/\/api.w.org\/{rel}","templated":true}]}}