{"id":840,"date":"2024-05-13T15:38:40","date_gmt":"2024-05-13T18:38:40","guid":{"rendered":"https:\/\/glovesup.com.br\/?post_type=product&#038;p=840"},"modified":"2026-01-22T18:16:50","modified_gmt":"2026-01-22T21:16:50","slug":"vabene-filme-pvc-refil-28cmx100m","status":"publish","type":"product","link":"https:\/\/glovesup.com.br\/index.php\/produto\/vabene-filme-pvc-refil-28cmx100m\/","title":{"rendered":"VABENE &#8211; FILME PVC REFIL 28CMX100M"},"content":{"rendered":"<p>Filme PVC Refil Vabene 28cm x 100m<br \/>\nQuantidade: 1 Rolo<br \/>\nDESCRI\u00c7\u00c3O:<br \/>\nRefil de filme de PVC para proteger e embalar o que voc\u00ea quiser. O Embala Bene conserva todo tipo de alimento, preservando o sabor e o frescor, mantendo-os limpos e sem odores. Ideal para envolver carnes, frutas, p\u00e3es, doces, entre outros, e tamb\u00e9m \u00e9 indicado para embalar objetos, utilizar em cl\u00ednicas est\u00e9ticas, est\u00fadios de tatuagem e para controle de assepsia.<br \/>\nVANTAGENS E BENEF\u00cdCIOS:<br \/>\n&#8211; At\u00f3xico.<br \/>\n&#8211; Isento de cheiro.<br \/>\n&#8211; Alta resist\u00eancia.<br \/>\n&#8211; Alto brilho e transpar\u00eancia.<br \/>\n&#8211; Melhor ader\u00eancia.<br \/>\n&#8211; Livre de Bisfenol A.<br \/>\nAPLICA\u00c7\u00d5ES:<br \/>\nO pl\u00e1stico filme \u00e9 indicado para o uso dom\u00e9stico, em mercearias, padarias, cozinhas industriais, supermercados, a\u00e7ougues, food services, cl\u00ednicas est\u00e9ticas e odontol\u00f3gicas, sal\u00f5es de beleza, est\u00fadios de tatuagem, servi\u00e7os automotivos, entre outros.<\/p>\n","protected":false},"excerpt":{"rendered":"<p>Filme PVC Refil Vabene 28cm x 100m Quantidade: 1 Rolo DESCRI\u00c7\u00c3O: Refil de filme de PVC para proteger e embalar o que voc\u00ea quiser. O Embala Bene conserva todo tipo de alimento, preservando o sabor e o frescor, mantendo-os limpos e sem<\/p>\n<p class=\"link-more\"><a class=\"myButt \" href=\"https:\/\/glovesup.com.br\/index.php\/produto\/vabene-filme-pvc-refil-28cmx100m\/\">Read More<\/a><\/p>\n","protected":false},"featured_media":843,"comment_status":"open","ping_status":"closed","template":"","meta":{"_joinchat":[]},"product_brand":[],"product_cat":[83,57,82],"product_tag":[],"class_list":{"0":"post-840","1":"product","2":"type-product","3":"status-publish","4":"has-post-thumbnail","6":"product_cat-acessorios-descartaveis-2","7":"product_cat-vabene","8":"product_cat-acessorios-descartaveis","10":"first","11":"instock","12":"shipping-taxable","13":"purchasable","14":"product-type-simple"},"yoast_head":"<!-- This site is optimized with the Yoast SEO plugin v24.3 - https:\/\/yoast.com\/wordpress\/plugins\/seo\/ -->\n<title>VABENE - FILME PVC REFIL 28CMX100M - GLOVES&#039;UP<\/title>\n<meta name=\"robots\" content=\"index, follow, max-snippet:-1, max-image-preview:large, max-video-preview:-1\" \/>\n<link rel=\"canonical\" href=\"https:\/\/glovesup.com.br\/index.php\/produto\/vabene-filme-pvc-refil-28cmx100m\/\" \/>\n<meta property=\"og:locale\" content=\"pt_BR\" \/>\n<meta property=\"og:type\" content=\"article\" \/>\n<meta property=\"og:title\" content=\"VABENE - FILME PVC REFIL 28CMX100M - GLOVES&#039;UP\" \/>\n<meta property=\"og:description\" content=\"Filme PVC Refil Vabene 28cm x 100m Quantidade: 1 Rolo DESCRI\u00c7\u00c3O: Refil de filme de PVC para proteger e embalar o que voc\u00ea quiser. O Embala Bene conserva todo tipo de alimento, preservando o sabor e o frescor, mantendo-os limpos e semRead More\" \/>\n<meta property=\"og:url\" content=\"https:\/\/glovesup.com.br\/index.php\/produto\/vabene-filme-pvc-refil-28cmx100m\/\" \/>\n<meta property=\"og:site_name\" content=\"GLOVES&#039;UP\" \/>\n<meta property=\"article:modified_time\" content=\"2026-01-22T21:16:50+00:00\" \/>\n<meta property=\"og:image\" content=\"https:\/\/glovesup.com.br\/wp-content\/uploads\/2024\/05\/VABENE-28X100-1.png\" \/>\n\t<meta property=\"og:image:width\" content=\"250\" \/>\n\t<meta property=\"og:image:height\" content=\"71\" \/>\n\t<meta property=\"og:image:type\" content=\"image\/png\" \/>\n<meta name=\"twitter:card\" content=\"summary_large_image\" \/>\n<meta name=\"twitter:label1\" content=\"Est. tempo de leitura\" \/>\n\t<meta name=\"twitter:data1\" content=\"1 minuto\" \/>\n<script type=\"application\/ld+json\" class=\"yoast-schema-graph\">{\"@context\":\"https:\/\/schema.org\",\"@graph\":[{\"@type\":\"WebPage\",\"@id\":\"https:\/\/glovesup.com.br\/index.php\/produto\/vabene-filme-pvc-refil-28cmx100m\/\",\"url\":\"https:\/\/glovesup.com.br\/index.php\/produto\/vabene-filme-pvc-refil-28cmx100m\/\",\"name\":\"VABENE - FILME PVC REFIL 28CMX100M - GLOVES&#039;UP\",\"isPartOf\":{\"@id\":\"https:\/\/glovesup.com.br\/#website\"},\"primaryImageOfPage\":{\"@id\":\"https:\/\/glovesup.com.br\/index.php\/produto\/vabene-filme-pvc-refil-28cmx100m\/#primaryimage\"},\"image\":{\"@id\":\"https:\/\/glovesup.com.br\/index.php\/produto\/vabene-filme-pvc-refil-28cmx100m\/#primaryimage\"},\"thumbnailUrl\":\"https:\/\/glovesup.com.br\/wp-content\/uploads\/2024\/05\/VABENE-28X100-1.png\",\"datePublished\":\"2024-05-13T18:38:40+00:00\",\"dateModified\":\"2026-01-22T21:16:50+00:00\",\"breadcrumb\":{\"@id\":\"https:\/\/glovesup.com.br\/index.php\/produto\/vabene-filme-pvc-refil-28cmx100m\/#breadcrumb\"},\"inLanguage\":\"pt-BR\",\"potentialAction\":[{\"@type\":\"ReadAction\",\"target\":[\"https:\/\/glovesup.com.br\/index.php\/produto\/vabene-filme-pvc-refil-28cmx100m\/\"]}]},{\"@type\":\"ImageObject\",\"inLanguage\":\"pt-BR\",\"@id\":\"https:\/\/glovesup.com.br\/index.php\/produto\/vabene-filme-pvc-refil-28cmx100m\/#primaryimage\",\"url\":\"https:\/\/glovesup.com.br\/wp-content\/uploads\/2024\/05\/VABENE-28X100-1.png\",\"contentUrl\":\"https:\/\/glovesup.com.br\/wp-content\/uploads\/2024\/05\/VABENE-28X100-1.png\",\"width\":250,\"height\":71},{\"@type\":\"BreadcrumbList\",\"@id\":\"https:\/\/glovesup.com.br\/index.php\/produto\/vabene-filme-pvc-refil-28cmx100m\/#breadcrumb\",\"itemListElement\":[{\"@type\":\"ListItem\",\"position\":1,\"name\":\"In\u00edcio\",\"item\":\"https:\/\/glovesup.com.br\/\"},{\"@type\":\"ListItem\",\"position\":2,\"name\":\"LOJA\",\"item\":\"https:\/\/glovesup.com.br\/\"},{\"@type\":\"ListItem\",\"position\":3,\"name\":\"VABENE &#8211; FILME PVC REFIL 28CMX100M\"}]},{\"@type\":\"WebSite\",\"@id\":\"https:\/\/glovesup.com.br\/#website\",\"url\":\"https:\/\/glovesup.com.br\/\",\"name\":\"Gloves\\\"UP_Conhe\u00e7a Nossos Produto!\",\"description\":\"As Melhores Marcas de Luvas do Mercado para Voc\u00ea! QUALIDADE\/CUSTO BENEF\u00cdCIO S\u00d3 AQUI!!\",\"publisher\":{\"@id\":\"https:\/\/glovesup.com.br\/#organization\"},\"alternateName\":\"Gloves\\\"UP_Conhe\u00e7a Nossos Produto!\",\"potentialAction\":[{\"@type\":\"SearchAction\",\"target\":{\"@type\":\"EntryPoint\",\"urlTemplate\":\"https:\/\/glovesup.com.br\/?s={search_term_string}\"},\"query-input\":{\"@type\":\"PropertyValueSpecification\",\"valueRequired\":true,\"valueName\":\"search_term_string\"}}],\"inLanguage\":\"pt-BR\"},{\"@type\":\"Organization\",\"@id\":\"https:\/\/glovesup.com.br\/#organization\",\"name\":\"GLOVESUP\",\"url\":\"https:\/\/glovesup.com.br\/\",\"logo\":{\"@type\":\"ImageObject\",\"inLanguage\":\"pt-BR\",\"@id\":\"https:\/\/glovesup.com.br\/#\/schema\/logo\/image\/\",\"url\":\"https:\/\/glovesup.com.br\/wp-content\/uploads\/2024\/05\/cropped-WhatsApp-Image-2024-05-12-at-21.29.57-2.jpeg\",\"contentUrl\":\"https:\/\/glovesup.com.br\/wp-content\/uploads\/2024\/05\/cropped-WhatsApp-Image-2024-05-12-at-21.29.57-2.jpeg\",\"width\":55,\"height\":55,\"caption\":\"GLOVESUP\"},\"image\":{\"@id\":\"https:\/\/glovesup.com.br\/#\/schema\/logo\/image\/\"},\"sameAs\":[\"https:\/\/www.instagram.com\/glovesup.distribuidora\/\"]}]}<\/script>\n<!-- \/ Yoast SEO plugin. -->","yoast_head_json":{"title":"VABENE - FILME PVC REFIL 28CMX100M - GLOVES&#039;UP","robots":{"index":"index","follow":"follow","max-snippet":"max-snippet:-1","max-image-preview":"max-image-preview:large","max-video-preview":"max-video-preview:-1"},"canonical":"https:\/\/glovesup.com.br\/index.php\/produto\/vabene-filme-pvc-refil-28cmx100m\/","og_locale":"pt_BR","og_type":"article","og_title":"VABENE - FILME PVC REFIL 28CMX100M - GLOVES&#039;UP","og_description":"Filme PVC Refil Vabene 28cm x 100m Quantidade: 1 Rolo DESCRI\u00c7\u00c3O: Refil de filme de PVC para proteger e embalar o que voc\u00ea quiser. O Embala Bene conserva todo tipo de alimento, preservando o sabor e o frescor, mantendo-os limpos e semRead More","og_url":"https:\/\/glovesup.com.br\/index.php\/produto\/vabene-filme-pvc-refil-28cmx100m\/","og_site_name":"GLOVES&#039;UP","article_modified_time":"2026-01-22T21:16:50+00:00","og_image":[{"width":250,"height":71,"url":"https:\/\/glovesup.com.br\/wp-content\/uploads\/2024\/05\/VABENE-28X100-1.png","type":"image\/png"}],"twitter_card":"summary_large_image","twitter_misc":{"Est. tempo de leitura":"1 minuto"},"schema":{"@context":"https:\/\/schema.org","@graph":[{"@type":"WebPage","@id":"https:\/\/glovesup.com.br\/index.php\/produto\/vabene-filme-pvc-refil-28cmx100m\/","url":"https:\/\/glovesup.com.br\/index.php\/produto\/vabene-filme-pvc-refil-28cmx100m\/","name":"VABENE - FILME PVC REFIL 28CMX100M - GLOVES&#039;UP","isPartOf":{"@id":"https:\/\/glovesup.com.br\/#website"},"primaryImageOfPage":{"@id":"https:\/\/glovesup.com.br\/index.php\/produto\/vabene-filme-pvc-refil-28cmx100m\/#primaryimage"},"image":{"@id":"https:\/\/glovesup.com.br\/index.php\/produto\/vabene-filme-pvc-refil-28cmx100m\/#primaryimage"},"thumbnailUrl":"https:\/\/glovesup.com.br\/wp-content\/uploads\/2024\/05\/VABENE-28X100-1.png","datePublished":"2024-05-13T18:38:40+00:00","dateModified":"2026-01-22T21:16:50+00:00","breadcrumb":{"@id":"https:\/\/glovesup.com.br\/index.php\/produto\/vabene-filme-pvc-refil-28cmx100m\/#breadcrumb"},"inLanguage":"pt-BR","potentialAction":[{"@type":"ReadAction","target":["https:\/\/glovesup.com.br\/index.php\/produto\/vabene-filme-pvc-refil-28cmx100m\/"]}]},{"@type":"ImageObject","inLanguage":"pt-BR","@id":"https:\/\/glovesup.com.br\/index.php\/produto\/vabene-filme-pvc-refil-28cmx100m\/#primaryimage","url":"https:\/\/glovesup.com.br\/wp-content\/uploads\/2024\/05\/VABENE-28X100-1.png","contentUrl":"https:\/\/glovesup.com.br\/wp-content\/uploads\/2024\/05\/VABENE-28X100-1.png","width":250,"height":71},{"@type":"BreadcrumbList","@id":"https:\/\/glovesup.com.br\/index.php\/produto\/vabene-filme-pvc-refil-28cmx100m\/#breadcrumb","itemListElement":[{"@type":"ListItem","position":1,"name":"In\u00edcio","item":"https:\/\/glovesup.com.br\/"},{"@type":"ListItem","position":2,"name":"LOJA","item":"https:\/\/glovesup.com.br\/"},{"@type":"ListItem","position":3,"name":"VABENE &#8211; FILME PVC REFIL 28CMX100M"}]},{"@type":"WebSite","@id":"https:\/\/glovesup.com.br\/#website","url":"https:\/\/glovesup.com.br\/","name":"Gloves\"UP_Conhe\u00e7a Nossos Produto!","description":"As Melhores Marcas de Luvas do Mercado para Voc\u00ea! QUALIDADE\/CUSTO BENEF\u00cdCIO S\u00d3 AQUI!!","publisher":{"@id":"https:\/\/glovesup.com.br\/#organization"},"alternateName":"Gloves\"UP_Conhe\u00e7a Nossos Produto!","potentialAction":[{"@type":"SearchAction","target":{"@type":"EntryPoint","urlTemplate":"https:\/\/glovesup.com.br\/?s={search_term_string}"},"query-input":{"@type":"PropertyValueSpecification","valueRequired":true,"valueName":"search_term_string"}}],"inLanguage":"pt-BR"},{"@type":"Organization","@id":"https:\/\/glovesup.com.br\/#organization","name":"GLOVESUP","url":"https:\/\/glovesup.com.br\/","logo":{"@type":"ImageObject","inLanguage":"pt-BR","@id":"https:\/\/glovesup.com.br\/#\/schema\/logo\/image\/","url":"https:\/\/glovesup.com.br\/wp-content\/uploads\/2024\/05\/cropped-WhatsApp-Image-2024-05-12-at-21.29.57-2.jpeg","contentUrl":"https:\/\/glovesup.com.br\/wp-content\/uploads\/2024\/05\/cropped-WhatsApp-Image-2024-05-12-at-21.29.57-2.jpeg","width":55,"height":55,"caption":"GLOVESUP"},"image":{"@id":"https:\/\/glovesup.com.br\/#\/schema\/logo\/image\/"},"sameAs":["https:\/\/www.instagram.com\/glovesup.distribuidora\/"]}]}},"jetpack_sharing_enabled":true,"_links":{"self":[{"href":"https:\/\/glovesup.com.br\/index.php\/wp-json\/wp\/v2\/product\/840","targetHints":{"allow":["GET"]}}],"collection":[{"href":"https:\/\/glovesup.com.br\/index.php\/wp-json\/wp\/v2\/product"}],"about":[{"href":"https:\/\/glovesup.com.br\/index.php\/wp-json\/wp\/v2\/types\/product"}],"replies":[{"embeddable":true,"href":"https:\/\/glovesup.com.br\/index.php\/wp-json\/wp\/v2\/comments?post=840"}],"wp:featuredmedia":[{"embeddable":true,"href":"https:\/\/glovesup.com.br\/index.php\/wp-json\/wp\/v2\/media\/843"}],"wp:attachment":[{"href":"https:\/\/glovesup.com.br\/index.php\/wp-json\/wp\/v2\/media?parent=840"}],"wp:term":[{"taxonomy":"product_brand","embeddable":true,"href":"https:\/\/glovesup.com.br\/index.php\/wp-json\/wp\/v2\/product_brand?post=840"},{"taxonomy":"product_cat","embeddable":true,"href":"https:\/\/glovesup.com.br\/index.php\/wp-json\/wp\/v2\/product_cat?post=840"},{"taxonomy":"product_tag","embeddable":true,"href":"https:\/\/glovesup.com.br\/index.php\/wp-json\/wp\/v2\/product_tag?post=840"}],"curies":[{"name":"wp","href":"https:\/\/api.w.org\/{rel}","templated":true}]}}