{"id":783,"date":"2024-04-16T17:26:28","date_gmt":"2024-04-16T20:26:28","guid":{"rendered":"https:\/\/glovesup.com.br\/?post_type=product&#038;p=783"},"modified":"2026-01-22T18:07:32","modified_gmt":"2026-01-22T21:07:32","slug":"inoven-vinil-natural-sem-po","status":"publish","type":"product","link":"https:\/\/glovesup.com.br\/index.php\/produto\/inoven-vinil-natural-sem-po\/","title":{"rendered":"INOVEN \/ VINIL NATURAL &#8211; SEM P\u00d3"},"content":{"rendered":"<p>Luva para prote\u00e7\u00e3o das m\u00e3os ambidestra, inodora, incolor, descart\u00e1vel e de uso \u00fanico. Ideal para uso em gastronomia, jardinagem, limpeza, est\u00fadios de tatuagem, cl\u00ednicas de est\u00e9tica, podologia e sal\u00f5es de beleza. Instru\u00e7\u00f5es de Uso: Lavar e secar bem as m\u00e3os antes do uso. Verificar o tamanho correto para suas m\u00e3os. Cal\u00e7ar as luvas cuidadosamente. Recomenda-se retirar an\u00e9is ou outros acess\u00f3rios que possam perfurar a luva. Precau\u00e7\u00f5es: Esse produto diminui a sensibilidade t\u00e1til e capacidade de preens\u00e3o. Mantenha este produto em local fresco e arejado, ao abrigo da luz. Proibido reprocessar.<\/p>\n","protected":false},"excerpt":{"rendered":"<p>Luva para prote\u00e7\u00e3o das m\u00e3os ambidestra, inodora, incolor, descart\u00e1vel e de uso \u00fanico. Ideal para uso em gastronomia, jardinagem, limpeza, est\u00fadios de tatuagem, cl\u00ednicas de est\u00e9tica, podologia e sal\u00f5es de beleza. Instru\u00e7\u00f5es de Uso: Lavar e secar bem as m\u00e3os antes do<\/p>\n<p class=\"link-more\"><a class=\"myButt \" href=\"https:\/\/glovesup.com.br\/index.php\/produto\/inoven-vinil-natural-sem-po\/\">Read More<\/a><\/p>\n","protected":false},"featured_media":784,"comment_status":"open","ping_status":"closed","template":"","meta":{"_joinchat":[]},"product_brand":[],"product_cat":[76,80],"product_tag":[],"class_list":{"0":"post-783","1":"product","2":"type-product","3":"status-publish","4":"has-post-thumbnail","6":"product_cat-inoven","7":"product_cat-inoven-vinil-natural-sem-po","9":"first","10":"instock","11":"shipping-taxable","12":"purchasable","13":"product-type-variable"},"yoast_head":"<!-- This site is optimized with the Yoast SEO plugin v24.3 - https:\/\/yoast.com\/wordpress\/plugins\/seo\/ -->\n<title>INOVEN \/ VINIL NATURAL - SEM P\u00d3 - GLOVES&#039;UP<\/title>\n<meta name=\"robots\" content=\"index, follow, max-snippet:-1, max-image-preview:large, max-video-preview:-1\" \/>\n<link rel=\"canonical\" href=\"https:\/\/glovesup.com.br\/index.php\/produto\/inoven-vinil-natural-sem-po\/\" \/>\n<meta property=\"og:locale\" content=\"pt_BR\" \/>\n<meta property=\"og:type\" content=\"article\" \/>\n<meta property=\"og:title\" content=\"INOVEN \/ VINIL NATURAL - SEM P\u00d3 - GLOVES&#039;UP\" \/>\n<meta property=\"og:description\" content=\"Luva para prote\u00e7\u00e3o das m\u00e3os ambidestra, inodora, incolor, descart\u00e1vel e de uso \u00fanico. Ideal para uso em gastronomia, jardinagem, limpeza, est\u00fadios de tatuagem, cl\u00ednicas de est\u00e9tica, podologia e sal\u00f5es de beleza. Instru\u00e7\u00f5es de Uso: Lavar e secar bem as m\u00e3os antes doRead More\" \/>\n<meta property=\"og:url\" content=\"https:\/\/glovesup.com.br\/index.php\/produto\/inoven-vinil-natural-sem-po\/\" \/>\n<meta property=\"og:site_name\" content=\"GLOVES&#039;UP\" \/>\n<meta property=\"article:modified_time\" content=\"2026-01-22T21:07:32+00:00\" \/>\n<meta property=\"og:image\" content=\"https:\/\/glovesup.com.br\/wp-content\/uploads\/2024\/04\/INOVEN-VINIL-NATURAL-SEM-PO.png\" \/>\n\t<meta property=\"og:image:width\" content=\"261\" \/>\n\t<meta property=\"og:image:height\" content=\"209\" \/>\n\t<meta property=\"og:image:type\" content=\"image\/png\" \/>\n<meta name=\"twitter:card\" content=\"summary_large_image\" \/>\n<meta name=\"twitter:label1\" content=\"Est. tempo de leitura\" \/>\n\t<meta name=\"twitter:data1\" content=\"1 minuto\" \/>\n<script type=\"application\/ld+json\" class=\"yoast-schema-graph\">{\"@context\":\"https:\/\/schema.org\",\"@graph\":[{\"@type\":\"WebPage\",\"@id\":\"https:\/\/glovesup.com.br\/index.php\/produto\/inoven-vinil-natural-sem-po\/\",\"url\":\"https:\/\/glovesup.com.br\/index.php\/produto\/inoven-vinil-natural-sem-po\/\",\"name\":\"INOVEN \/ VINIL NATURAL - SEM P\u00d3 - GLOVES&#039;UP\",\"isPartOf\":{\"@id\":\"https:\/\/glovesup.com.br\/#website\"},\"primaryImageOfPage\":{\"@id\":\"https:\/\/glovesup.com.br\/index.php\/produto\/inoven-vinil-natural-sem-po\/#primaryimage\"},\"image\":{\"@id\":\"https:\/\/glovesup.com.br\/index.php\/produto\/inoven-vinil-natural-sem-po\/#primaryimage\"},\"thumbnailUrl\":\"https:\/\/glovesup.com.br\/wp-content\/uploads\/2024\/04\/INOVEN-VINIL-NATURAL-SEM-PO.png\",\"datePublished\":\"2024-04-16T20:26:28+00:00\",\"dateModified\":\"2026-01-22T21:07:32+00:00\",\"breadcrumb\":{\"@id\":\"https:\/\/glovesup.com.br\/index.php\/produto\/inoven-vinil-natural-sem-po\/#breadcrumb\"},\"inLanguage\":\"pt-BR\",\"potentialAction\":[{\"@type\":\"ReadAction\",\"target\":[\"https:\/\/glovesup.com.br\/index.php\/produto\/inoven-vinil-natural-sem-po\/\"]}]},{\"@type\":\"ImageObject\",\"inLanguage\":\"pt-BR\",\"@id\":\"https:\/\/glovesup.com.br\/index.php\/produto\/inoven-vinil-natural-sem-po\/#primaryimage\",\"url\":\"https:\/\/glovesup.com.br\/wp-content\/uploads\/2024\/04\/INOVEN-VINIL-NATURAL-SEM-PO.png\",\"contentUrl\":\"https:\/\/glovesup.com.br\/wp-content\/uploads\/2024\/04\/INOVEN-VINIL-NATURAL-SEM-PO.png\",\"width\":261,\"height\":209},{\"@type\":\"BreadcrumbList\",\"@id\":\"https:\/\/glovesup.com.br\/index.php\/produto\/inoven-vinil-natural-sem-po\/#breadcrumb\",\"itemListElement\":[{\"@type\":\"ListItem\",\"position\":1,\"name\":\"In\u00edcio\",\"item\":\"https:\/\/glovesup.com.br\/\"},{\"@type\":\"ListItem\",\"position\":2,\"name\":\"LOJA\",\"item\":\"https:\/\/glovesup.com.br\/\"},{\"@type\":\"ListItem\",\"position\":3,\"name\":\"INOVEN \/ VINIL NATURAL &#8211; SEM P\u00d3\"}]},{\"@type\":\"WebSite\",\"@id\":\"https:\/\/glovesup.com.br\/#website\",\"url\":\"https:\/\/glovesup.com.br\/\",\"name\":\"Gloves\\\"UP_Conhe\u00e7a Nossos Produto!\",\"description\":\"As Melhores Marcas de Luvas do Mercado para Voc\u00ea! QUALIDADE\/CUSTO BENEF\u00cdCIO S\u00d3 AQUI!!\",\"publisher\":{\"@id\":\"https:\/\/glovesup.com.br\/#organization\"},\"alternateName\":\"Gloves\\\"UP_Conhe\u00e7a Nossos Produto!\",\"potentialAction\":[{\"@type\":\"SearchAction\",\"target\":{\"@type\":\"EntryPoint\",\"urlTemplate\":\"https:\/\/glovesup.com.br\/?s={search_term_string}\"},\"query-input\":{\"@type\":\"PropertyValueSpecification\",\"valueRequired\":true,\"valueName\":\"search_term_string\"}}],\"inLanguage\":\"pt-BR\"},{\"@type\":\"Organization\",\"@id\":\"https:\/\/glovesup.com.br\/#organization\",\"name\":\"GLOVESUP\",\"url\":\"https:\/\/glovesup.com.br\/\",\"logo\":{\"@type\":\"ImageObject\",\"inLanguage\":\"pt-BR\",\"@id\":\"https:\/\/glovesup.com.br\/#\/schema\/logo\/image\/\",\"url\":\"https:\/\/glovesup.com.br\/wp-content\/uploads\/2024\/05\/cropped-WhatsApp-Image-2024-05-12-at-21.29.57-2.jpeg\",\"contentUrl\":\"https:\/\/glovesup.com.br\/wp-content\/uploads\/2024\/05\/cropped-WhatsApp-Image-2024-05-12-at-21.29.57-2.jpeg\",\"width\":55,\"height\":55,\"caption\":\"GLOVESUP\"},\"image\":{\"@id\":\"https:\/\/glovesup.com.br\/#\/schema\/logo\/image\/\"},\"sameAs\":[\"https:\/\/www.instagram.com\/glovesup.distribuidora\/\"]}]}<\/script>\n<!-- \/ Yoast SEO plugin. -->","yoast_head_json":{"title":"INOVEN \/ VINIL NATURAL - SEM P\u00d3 - GLOVES&#039;UP","robots":{"index":"index","follow":"follow","max-snippet":"max-snippet:-1","max-image-preview":"max-image-preview:large","max-video-preview":"max-video-preview:-1"},"canonical":"https:\/\/glovesup.com.br\/index.php\/produto\/inoven-vinil-natural-sem-po\/","og_locale":"pt_BR","og_type":"article","og_title":"INOVEN \/ VINIL NATURAL - SEM P\u00d3 - GLOVES&#039;UP","og_description":"Luva para prote\u00e7\u00e3o das m\u00e3os ambidestra, inodora, incolor, descart\u00e1vel e de uso \u00fanico. Ideal para uso em gastronomia, jardinagem, limpeza, est\u00fadios de tatuagem, cl\u00ednicas de est\u00e9tica, podologia e sal\u00f5es de beleza. Instru\u00e7\u00f5es de Uso: Lavar e secar bem as m\u00e3os antes doRead More","og_url":"https:\/\/glovesup.com.br\/index.php\/produto\/inoven-vinil-natural-sem-po\/","og_site_name":"GLOVES&#039;UP","article_modified_time":"2026-01-22T21:07:32+00:00","og_image":[{"width":261,"height":209,"url":"https:\/\/glovesup.com.br\/wp-content\/uploads\/2024\/04\/INOVEN-VINIL-NATURAL-SEM-PO.png","type":"image\/png"}],"twitter_card":"summary_large_image","twitter_misc":{"Est. tempo de leitura":"1 minuto"},"schema":{"@context":"https:\/\/schema.org","@graph":[{"@type":"WebPage","@id":"https:\/\/glovesup.com.br\/index.php\/produto\/inoven-vinil-natural-sem-po\/","url":"https:\/\/glovesup.com.br\/index.php\/produto\/inoven-vinil-natural-sem-po\/","name":"INOVEN \/ VINIL NATURAL - SEM P\u00d3 - GLOVES&#039;UP","isPartOf":{"@id":"https:\/\/glovesup.com.br\/#website"},"primaryImageOfPage":{"@id":"https:\/\/glovesup.com.br\/index.php\/produto\/inoven-vinil-natural-sem-po\/#primaryimage"},"image":{"@id":"https:\/\/glovesup.com.br\/index.php\/produto\/inoven-vinil-natural-sem-po\/#primaryimage"},"thumbnailUrl":"https:\/\/glovesup.com.br\/wp-content\/uploads\/2024\/04\/INOVEN-VINIL-NATURAL-SEM-PO.png","datePublished":"2024-04-16T20:26:28+00:00","dateModified":"2026-01-22T21:07:32+00:00","breadcrumb":{"@id":"https:\/\/glovesup.com.br\/index.php\/produto\/inoven-vinil-natural-sem-po\/#breadcrumb"},"inLanguage":"pt-BR","potentialAction":[{"@type":"ReadAction","target":["https:\/\/glovesup.com.br\/index.php\/produto\/inoven-vinil-natural-sem-po\/"]}]},{"@type":"ImageObject","inLanguage":"pt-BR","@id":"https:\/\/glovesup.com.br\/index.php\/produto\/inoven-vinil-natural-sem-po\/#primaryimage","url":"https:\/\/glovesup.com.br\/wp-content\/uploads\/2024\/04\/INOVEN-VINIL-NATURAL-SEM-PO.png","contentUrl":"https:\/\/glovesup.com.br\/wp-content\/uploads\/2024\/04\/INOVEN-VINIL-NATURAL-SEM-PO.png","width":261,"height":209},{"@type":"BreadcrumbList","@id":"https:\/\/glovesup.com.br\/index.php\/produto\/inoven-vinil-natural-sem-po\/#breadcrumb","itemListElement":[{"@type":"ListItem","position":1,"name":"In\u00edcio","item":"https:\/\/glovesup.com.br\/"},{"@type":"ListItem","position":2,"name":"LOJA","item":"https:\/\/glovesup.com.br\/"},{"@type":"ListItem","position":3,"name":"INOVEN \/ VINIL NATURAL &#8211; SEM P\u00d3"}]},{"@type":"WebSite","@id":"https:\/\/glovesup.com.br\/#website","url":"https:\/\/glovesup.com.br\/","name":"Gloves\"UP_Conhe\u00e7a Nossos Produto!","description":"As Melhores Marcas de Luvas do Mercado para Voc\u00ea! QUALIDADE\/CUSTO BENEF\u00cdCIO S\u00d3 AQUI!!","publisher":{"@id":"https:\/\/glovesup.com.br\/#organization"},"alternateName":"Gloves\"UP_Conhe\u00e7a Nossos Produto!","potentialAction":[{"@type":"SearchAction","target":{"@type":"EntryPoint","urlTemplate":"https:\/\/glovesup.com.br\/?s={search_term_string}"},"query-input":{"@type":"PropertyValueSpecification","valueRequired":true,"valueName":"search_term_string"}}],"inLanguage":"pt-BR"},{"@type":"Organization","@id":"https:\/\/glovesup.com.br\/#organization","name":"GLOVESUP","url":"https:\/\/glovesup.com.br\/","logo":{"@type":"ImageObject","inLanguage":"pt-BR","@id":"https:\/\/glovesup.com.br\/#\/schema\/logo\/image\/","url":"https:\/\/glovesup.com.br\/wp-content\/uploads\/2024\/05\/cropped-WhatsApp-Image-2024-05-12-at-21.29.57-2.jpeg","contentUrl":"https:\/\/glovesup.com.br\/wp-content\/uploads\/2024\/05\/cropped-WhatsApp-Image-2024-05-12-at-21.29.57-2.jpeg","width":55,"height":55,"caption":"GLOVESUP"},"image":{"@id":"https:\/\/glovesup.com.br\/#\/schema\/logo\/image\/"},"sameAs":["https:\/\/www.instagram.com\/glovesup.distribuidora\/"]}]}},"jetpack_sharing_enabled":true,"_links":{"self":[{"href":"https:\/\/glovesup.com.br\/index.php\/wp-json\/wp\/v2\/product\/783","targetHints":{"allow":["GET"]}}],"collection":[{"href":"https:\/\/glovesup.com.br\/index.php\/wp-json\/wp\/v2\/product"}],"about":[{"href":"https:\/\/glovesup.com.br\/index.php\/wp-json\/wp\/v2\/types\/product"}],"replies":[{"embeddable":true,"href":"https:\/\/glovesup.com.br\/index.php\/wp-json\/wp\/v2\/comments?post=783"}],"wp:featuredmedia":[{"embeddable":true,"href":"https:\/\/glovesup.com.br\/index.php\/wp-json\/wp\/v2\/media\/784"}],"wp:attachment":[{"href":"https:\/\/glovesup.com.br\/index.php\/wp-json\/wp\/v2\/media?parent=783"}],"wp:term":[{"taxonomy":"product_brand","embeddable":true,"href":"https:\/\/glovesup.com.br\/index.php\/wp-json\/wp\/v2\/product_brand?post=783"},{"taxonomy":"product_cat","embeddable":true,"href":"https:\/\/glovesup.com.br\/index.php\/wp-json\/wp\/v2\/product_cat?post=783"},{"taxonomy":"product_tag","embeddable":true,"href":"https:\/\/glovesup.com.br\/index.php\/wp-json\/wp\/v2\/product_tag?post=783"}],"curies":[{"name":"wp","href":"https:\/\/api.w.org\/{rel}","templated":true}]}}