{"id":780,"date":"2024-04-16T17:15:50","date_gmt":"2024-04-16T20:15:50","guid":{"rendered":"https:\/\/glovesup.com.br\/?post_type=product&#038;p=780"},"modified":"2026-02-28T20:26:55","modified_gmt":"2026-02-28T23:26:55","slug":"inoven-latex-natural-com-po","status":"publish","type":"product","link":"https:\/\/glovesup.com.br\/index.php\/produto\/inoven-latex-natural-com-po\/","title":{"rendered":"INOVEN \/ L\u00c1TEX &#8211; COM P\u00d3"},"content":{"rendered":"<p>Luva para prote\u00e7\u00e3o das m\u00e3os confeccionadas em borracha natural de l\u00e1tex; Com p\u00f3 (amido de milho); Superf\u00edcies lisas; Ambidestra; N\u00e3o est\u00e9ril; De uso \u00fanico; Para procedimento n\u00e3o cir\u00fargico. Composi\u00e7\u00e3o: 100% l\u00e1tex de borracha natural com p\u00f3 de amido de milho. Tamanhos: Extra Pequena; Pequena; M\u00e9dia; Grande. Cor: Natural. Cartucho: Cont\u00e9m 100 luvas. Caixa Master: Cont\u00e9m 10 cartuchos. Benef\u00edcios: Agilidade de movimentos; Macia, flex\u00edvel e sensibilidade t\u00e1til; Proporciona mais seguran\u00e7a.<\/p>\n","protected":false},"excerpt":{"rendered":"<p>Luva para prote\u00e7\u00e3o das m\u00e3os confeccionadas em borracha natural de l\u00e1tex; Com p\u00f3 (amido de milho); Superf\u00edcies lisas; Ambidestra; N\u00e3o est\u00e9ril; De uso \u00fanico; Para procedimento n\u00e3o cir\u00fargico. Composi\u00e7\u00e3o: 100% l\u00e1tex de borracha natural com p\u00f3 de amido de milho. Tamanhos: Extra<\/p>\n<p class=\"link-more\"><a class=\"myButt \" href=\"https:\/\/glovesup.com.br\/index.php\/produto\/inoven-latex-natural-com-po\/\">Read More<\/a><\/p>\n","protected":false},"featured_media":1271,"comment_status":"open","ping_status":"closed","template":"","meta":{"_joinchat":[]},"product_brand":[],"product_cat":[76,79],"product_tag":[],"class_list":{"0":"post-780","1":"product","2":"type-product","3":"status-publish","4":"has-post-thumbnail","6":"product_cat-inoven","7":"product_cat-inoven-latex-natural-com-po","9":"first","10":"instock","11":"shipping-taxable","12":"purchasable","13":"product-type-variable"},"yoast_head":"<!-- This site is optimized with the Yoast SEO plugin v24.3 - https:\/\/yoast.com\/wordpress\/plugins\/seo\/ -->\n<title>INOVEN \/ L\u00c1TEX - COM P\u00d3 - GLOVES&#039;UP<\/title>\n<meta name=\"robots\" content=\"index, follow, max-snippet:-1, max-image-preview:large, max-video-preview:-1\" \/>\n<link rel=\"canonical\" href=\"https:\/\/glovesup.com.br\/index.php\/produto\/inoven-latex-natural-com-po\/\" \/>\n<meta property=\"og:locale\" content=\"pt_BR\" \/>\n<meta property=\"og:type\" content=\"article\" \/>\n<meta property=\"og:title\" content=\"INOVEN \/ L\u00c1TEX - COM P\u00d3 - GLOVES&#039;UP\" \/>\n<meta property=\"og:description\" content=\"Luva para prote\u00e7\u00e3o das m\u00e3os confeccionadas em borracha natural de l\u00e1tex; Com p\u00f3 (amido de milho); Superf\u00edcies lisas; Ambidestra; N\u00e3o est\u00e9ril; De uso \u00fanico; Para procedimento n\u00e3o cir\u00fargico. Composi\u00e7\u00e3o: 100% l\u00e1tex de borracha natural com p\u00f3 de amido de milho. Tamanhos: ExtraRead More\" \/>\n<meta property=\"og:url\" content=\"https:\/\/glovesup.com.br\/index.php\/produto\/inoven-latex-natural-com-po\/\" \/>\n<meta property=\"og:site_name\" content=\"GLOVES&#039;UP\" \/>\n<meta property=\"article:modified_time\" content=\"2026-02-28T23:26:55+00:00\" \/>\n<meta property=\"og:image\" content=\"https:\/\/glovesup.com.br\/wp-content\/uploads\/2024\/04\/inoven-latex-com-po-2.png\" \/>\n\t<meta property=\"og:image:width\" content=\"252\" \/>\n\t<meta property=\"og:image:height\" content=\"177\" \/>\n\t<meta property=\"og:image:type\" content=\"image\/png\" \/>\n<meta name=\"twitter:card\" content=\"summary_large_image\" \/>\n<meta name=\"twitter:label1\" content=\"Est. tempo de leitura\" \/>\n\t<meta name=\"twitter:data1\" content=\"1 minuto\" \/>\n<script type=\"application\/ld+json\" class=\"yoast-schema-graph\">{\"@context\":\"https:\/\/schema.org\",\"@graph\":[{\"@type\":\"WebPage\",\"@id\":\"https:\/\/glovesup.com.br\/index.php\/produto\/inoven-latex-natural-com-po\/\",\"url\":\"https:\/\/glovesup.com.br\/index.php\/produto\/inoven-latex-natural-com-po\/\",\"name\":\"INOVEN \/ L\u00c1TEX - COM P\u00d3 - GLOVES&#039;UP\",\"isPartOf\":{\"@id\":\"https:\/\/glovesup.com.br\/#website\"},\"primaryImageOfPage\":{\"@id\":\"https:\/\/glovesup.com.br\/index.php\/produto\/inoven-latex-natural-com-po\/#primaryimage\"},\"image\":{\"@id\":\"https:\/\/glovesup.com.br\/index.php\/produto\/inoven-latex-natural-com-po\/#primaryimage\"},\"thumbnailUrl\":\"https:\/\/glovesup.com.br\/wp-content\/uploads\/2024\/04\/inoven-latex-com-po-2.png\",\"datePublished\":\"2024-04-16T20:15:50+00:00\",\"dateModified\":\"2026-02-28T23:26:55+00:00\",\"breadcrumb\":{\"@id\":\"https:\/\/glovesup.com.br\/index.php\/produto\/inoven-latex-natural-com-po\/#breadcrumb\"},\"inLanguage\":\"pt-BR\",\"potentialAction\":[{\"@type\":\"ReadAction\",\"target\":[\"https:\/\/glovesup.com.br\/index.php\/produto\/inoven-latex-natural-com-po\/\"]}]},{\"@type\":\"ImageObject\",\"inLanguage\":\"pt-BR\",\"@id\":\"https:\/\/glovesup.com.br\/index.php\/produto\/inoven-latex-natural-com-po\/#primaryimage\",\"url\":\"https:\/\/glovesup.com.br\/wp-content\/uploads\/2024\/04\/inoven-latex-com-po-2.png\",\"contentUrl\":\"https:\/\/glovesup.com.br\/wp-content\/uploads\/2024\/04\/inoven-latex-com-po-2.png\",\"width\":252,\"height\":177},{\"@type\":\"BreadcrumbList\",\"@id\":\"https:\/\/glovesup.com.br\/index.php\/produto\/inoven-latex-natural-com-po\/#breadcrumb\",\"itemListElement\":[{\"@type\":\"ListItem\",\"position\":1,\"name\":\"In\u00edcio\",\"item\":\"https:\/\/glovesup.com.br\/\"},{\"@type\":\"ListItem\",\"position\":2,\"name\":\"LOJA\",\"item\":\"https:\/\/glovesup.com.br\/\"},{\"@type\":\"ListItem\",\"position\":3,\"name\":\"INOVEN \/ L\u00c1TEX &#8211; COM P\u00d3\"}]},{\"@type\":\"WebSite\",\"@id\":\"https:\/\/glovesup.com.br\/#website\",\"url\":\"https:\/\/glovesup.com.br\/\",\"name\":\"Gloves\\\"UP_Conhe\u00e7a Nossos Produto!\",\"description\":\"As Melhores Marcas de Luvas do Mercado para Voc\u00ea! QUALIDADE\/CUSTO BENEF\u00cdCIO S\u00d3 AQUI!!\",\"publisher\":{\"@id\":\"https:\/\/glovesup.com.br\/#organization\"},\"alternateName\":\"Gloves\\\"UP_Conhe\u00e7a Nossos Produto!\",\"potentialAction\":[{\"@type\":\"SearchAction\",\"target\":{\"@type\":\"EntryPoint\",\"urlTemplate\":\"https:\/\/glovesup.com.br\/?s={search_term_string}\"},\"query-input\":{\"@type\":\"PropertyValueSpecification\",\"valueRequired\":true,\"valueName\":\"search_term_string\"}}],\"inLanguage\":\"pt-BR\"},{\"@type\":\"Organization\",\"@id\":\"https:\/\/glovesup.com.br\/#organization\",\"name\":\"GLOVESUP\",\"url\":\"https:\/\/glovesup.com.br\/\",\"logo\":{\"@type\":\"ImageObject\",\"inLanguage\":\"pt-BR\",\"@id\":\"https:\/\/glovesup.com.br\/#\/schema\/logo\/image\/\",\"url\":\"https:\/\/glovesup.com.br\/wp-content\/uploads\/2024\/05\/cropped-WhatsApp-Image-2024-05-12-at-21.29.57-2.jpeg\",\"contentUrl\":\"https:\/\/glovesup.com.br\/wp-content\/uploads\/2024\/05\/cropped-WhatsApp-Image-2024-05-12-at-21.29.57-2.jpeg\",\"width\":55,\"height\":55,\"caption\":\"GLOVESUP\"},\"image\":{\"@id\":\"https:\/\/glovesup.com.br\/#\/schema\/logo\/image\/\"},\"sameAs\":[\"https:\/\/www.instagram.com\/glovesup.distribuidora\/\"]}]}<\/script>\n<!-- \/ Yoast SEO plugin. -->","yoast_head_json":{"title":"INOVEN \/ L\u00c1TEX - COM P\u00d3 - GLOVES&#039;UP","robots":{"index":"index","follow":"follow","max-snippet":"max-snippet:-1","max-image-preview":"max-image-preview:large","max-video-preview":"max-video-preview:-1"},"canonical":"https:\/\/glovesup.com.br\/index.php\/produto\/inoven-latex-natural-com-po\/","og_locale":"pt_BR","og_type":"article","og_title":"INOVEN \/ L\u00c1TEX - COM P\u00d3 - GLOVES&#039;UP","og_description":"Luva para prote\u00e7\u00e3o das m\u00e3os confeccionadas em borracha natural de l\u00e1tex; Com p\u00f3 (amido de milho); Superf\u00edcies lisas; Ambidestra; N\u00e3o est\u00e9ril; De uso \u00fanico; Para procedimento n\u00e3o cir\u00fargico. Composi\u00e7\u00e3o: 100% l\u00e1tex de borracha natural com p\u00f3 de amido de milho. Tamanhos: ExtraRead More","og_url":"https:\/\/glovesup.com.br\/index.php\/produto\/inoven-latex-natural-com-po\/","og_site_name":"GLOVES&#039;UP","article_modified_time":"2026-02-28T23:26:55+00:00","og_image":[{"width":252,"height":177,"url":"https:\/\/glovesup.com.br\/wp-content\/uploads\/2024\/04\/inoven-latex-com-po-2.png","type":"image\/png"}],"twitter_card":"summary_large_image","twitter_misc":{"Est. tempo de leitura":"1 minuto"},"schema":{"@context":"https:\/\/schema.org","@graph":[{"@type":"WebPage","@id":"https:\/\/glovesup.com.br\/index.php\/produto\/inoven-latex-natural-com-po\/","url":"https:\/\/glovesup.com.br\/index.php\/produto\/inoven-latex-natural-com-po\/","name":"INOVEN \/ L\u00c1TEX - COM P\u00d3 - GLOVES&#039;UP","isPartOf":{"@id":"https:\/\/glovesup.com.br\/#website"},"primaryImageOfPage":{"@id":"https:\/\/glovesup.com.br\/index.php\/produto\/inoven-latex-natural-com-po\/#primaryimage"},"image":{"@id":"https:\/\/glovesup.com.br\/index.php\/produto\/inoven-latex-natural-com-po\/#primaryimage"},"thumbnailUrl":"https:\/\/glovesup.com.br\/wp-content\/uploads\/2024\/04\/inoven-latex-com-po-2.png","datePublished":"2024-04-16T20:15:50+00:00","dateModified":"2026-02-28T23:26:55+00:00","breadcrumb":{"@id":"https:\/\/glovesup.com.br\/index.php\/produto\/inoven-latex-natural-com-po\/#breadcrumb"},"inLanguage":"pt-BR","potentialAction":[{"@type":"ReadAction","target":["https:\/\/glovesup.com.br\/index.php\/produto\/inoven-latex-natural-com-po\/"]}]},{"@type":"ImageObject","inLanguage":"pt-BR","@id":"https:\/\/glovesup.com.br\/index.php\/produto\/inoven-latex-natural-com-po\/#primaryimage","url":"https:\/\/glovesup.com.br\/wp-content\/uploads\/2024\/04\/inoven-latex-com-po-2.png","contentUrl":"https:\/\/glovesup.com.br\/wp-content\/uploads\/2024\/04\/inoven-latex-com-po-2.png","width":252,"height":177},{"@type":"BreadcrumbList","@id":"https:\/\/glovesup.com.br\/index.php\/produto\/inoven-latex-natural-com-po\/#breadcrumb","itemListElement":[{"@type":"ListItem","position":1,"name":"In\u00edcio","item":"https:\/\/glovesup.com.br\/"},{"@type":"ListItem","position":2,"name":"LOJA","item":"https:\/\/glovesup.com.br\/"},{"@type":"ListItem","position":3,"name":"INOVEN \/ L\u00c1TEX &#8211; COM P\u00d3"}]},{"@type":"WebSite","@id":"https:\/\/glovesup.com.br\/#website","url":"https:\/\/glovesup.com.br\/","name":"Gloves\"UP_Conhe\u00e7a Nossos Produto!","description":"As Melhores Marcas de Luvas do Mercado para Voc\u00ea! QUALIDADE\/CUSTO BENEF\u00cdCIO S\u00d3 AQUI!!","publisher":{"@id":"https:\/\/glovesup.com.br\/#organization"},"alternateName":"Gloves\"UP_Conhe\u00e7a Nossos Produto!","potentialAction":[{"@type":"SearchAction","target":{"@type":"EntryPoint","urlTemplate":"https:\/\/glovesup.com.br\/?s={search_term_string}"},"query-input":{"@type":"PropertyValueSpecification","valueRequired":true,"valueName":"search_term_string"}}],"inLanguage":"pt-BR"},{"@type":"Organization","@id":"https:\/\/glovesup.com.br\/#organization","name":"GLOVESUP","url":"https:\/\/glovesup.com.br\/","logo":{"@type":"ImageObject","inLanguage":"pt-BR","@id":"https:\/\/glovesup.com.br\/#\/schema\/logo\/image\/","url":"https:\/\/glovesup.com.br\/wp-content\/uploads\/2024\/05\/cropped-WhatsApp-Image-2024-05-12-at-21.29.57-2.jpeg","contentUrl":"https:\/\/glovesup.com.br\/wp-content\/uploads\/2024\/05\/cropped-WhatsApp-Image-2024-05-12-at-21.29.57-2.jpeg","width":55,"height":55,"caption":"GLOVESUP"},"image":{"@id":"https:\/\/glovesup.com.br\/#\/schema\/logo\/image\/"},"sameAs":["https:\/\/www.instagram.com\/glovesup.distribuidora\/"]}]}},"jetpack_sharing_enabled":true,"_links":{"self":[{"href":"https:\/\/glovesup.com.br\/index.php\/wp-json\/wp\/v2\/product\/780","targetHints":{"allow":["GET"]}}],"collection":[{"href":"https:\/\/glovesup.com.br\/index.php\/wp-json\/wp\/v2\/product"}],"about":[{"href":"https:\/\/glovesup.com.br\/index.php\/wp-json\/wp\/v2\/types\/product"}],"replies":[{"embeddable":true,"href":"https:\/\/glovesup.com.br\/index.php\/wp-json\/wp\/v2\/comments?post=780"}],"wp:featuredmedia":[{"embeddable":true,"href":"https:\/\/glovesup.com.br\/index.php\/wp-json\/wp\/v2\/media\/1271"}],"wp:attachment":[{"href":"https:\/\/glovesup.com.br\/index.php\/wp-json\/wp\/v2\/media?parent=780"}],"wp:term":[{"taxonomy":"product_brand","embeddable":true,"href":"https:\/\/glovesup.com.br\/index.php\/wp-json\/wp\/v2\/product_brand?post=780"},{"taxonomy":"product_cat","embeddable":true,"href":"https:\/\/glovesup.com.br\/index.php\/wp-json\/wp\/v2\/product_cat?post=780"},{"taxonomy":"product_tag","embeddable":true,"href":"https:\/\/glovesup.com.br\/index.php\/wp-json\/wp\/v2\/product_tag?post=780"}],"curies":[{"name":"wp","href":"https:\/\/api.w.org\/{rel}","templated":true}]}}