{"id":713,"date":"2024-04-14T11:54:12","date_gmt":"2024-04-14T14:54:12","guid":{"rendered":"https:\/\/glovesup.com.br\/?post_type=product&#038;p=713"},"modified":"2024-08-19T11:27:16","modified_gmt":"2024-08-19T14:27:16","slug":"bompack-vinilflex-pink","status":"publish","type":"product","link":"https:\/\/glovesup.com.br\/index.php\/produto\/bompack-vinilflex-pink\/","title":{"rendered":"BOMPACK \/ VINILFLEX &#8211; PINK"},"content":{"rendered":"<p><strong>A Luva Vinilflex, \u00e9 composta por TPE, que \u00e9 um elast\u00f4mero termopl\u00e1stico, ela n\u00e3o possui prote\u00e7\u00e3o contra agentes qu\u00edmicos ou biol\u00f3gicos, por esse motivo n\u00e3o \u00e9 considerado um EPI, por essa raz\u00e3o n\u00e3o possui CA.<\/strong><\/p>\n<p><strong>\u00c9 um \u00f3timo custo-benef\u00edcio, apesar de descart\u00e1vel sua qualidade de solda lateral elimina o risco de rompimento, minimizando o risco de contamina\u00e7\u00e3o por v\u00edrus ou bact\u00e9rias durante o manejo de alimentos ou produtos de limpeza.<\/strong><\/p>\n<p><strong>Possuem um toque de seda confort\u00e1vel que proporciona alta sensibilidade ao tato. S\u00e3o livres de l\u00e1tex e n\u00e3o possuem p\u00f3, s\u00e3o imperme\u00e1veis, resistentes, inodora e at\u00f3xica.<\/strong><\/p>\n","protected":false},"excerpt":{"rendered":"<p>A Luva Vinilflex, \u00e9 composta por TPE, que \u00e9 um elast\u00f4mero termopl\u00e1stico, ela n\u00e3o possui prote\u00e7\u00e3o contra agentes qu\u00edmicos ou biol\u00f3gicos, por esse motivo n\u00e3o \u00e9 considerado um EPI, por essa raz\u00e3o n\u00e3o possui CA. \u00c9 um \u00f3timo custo-benef\u00edcio, apesar de descart\u00e1vel<\/p>\n<p class=\"link-more\"><a class=\"myButt \" href=\"https:\/\/glovesup.com.br\/index.php\/produto\/bompack-vinilflex-pink\/\">Read More<\/a><\/p>\n","protected":false},"featured_media":714,"comment_status":"open","ping_status":"closed","template":"","meta":{"_joinchat":[]},"product_brand":[],"product_cat":[52,63],"product_tag":[],"class_list":{"0":"post-713","1":"product","2":"type-product","3":"status-publish","4":"has-post-thumbnail","6":"product_cat-bompack","7":"product_cat-bompack-vinilflex","9":"first","10":"instock","11":"shipping-taxable","12":"purchasable","13":"product-type-variable"},"yoast_head":"<!-- This site is optimized with the Yoast SEO plugin v24.3 - https:\/\/yoast.com\/wordpress\/plugins\/seo\/ -->\n<title>BOMPACK \/ VINILFLEX - PINK - GLOVES&#039;UP<\/title>\n<meta name=\"robots\" content=\"index, follow, max-snippet:-1, max-image-preview:large, max-video-preview:-1\" \/>\n<link rel=\"canonical\" href=\"https:\/\/glovesup.com.br\/index.php\/produto\/bompack-vinilflex-pink\/\" \/>\n<meta property=\"og:locale\" content=\"pt_BR\" \/>\n<meta property=\"og:type\" content=\"article\" \/>\n<meta property=\"og:title\" content=\"BOMPACK \/ VINILFLEX - PINK - GLOVES&#039;UP\" \/>\n<meta property=\"og:description\" content=\"A Luva Vinilflex, \u00e9 composta por TPE, que \u00e9 um elast\u00f4mero termopl\u00e1stico, ela n\u00e3o possui prote\u00e7\u00e3o contra agentes qu\u00edmicos ou biol\u00f3gicos, por esse motivo n\u00e3o \u00e9 considerado um EPI, por essa raz\u00e3o n\u00e3o possui CA. \u00c9 um \u00f3timo custo-benef\u00edcio, apesar de descart\u00e1velRead More\" \/>\n<meta property=\"og:url\" content=\"https:\/\/glovesup.com.br\/index.php\/produto\/bompack-vinilflex-pink\/\" \/>\n<meta property=\"og:site_name\" content=\"GLOVES&#039;UP\" \/>\n<meta property=\"article:modified_time\" content=\"2024-08-19T14:27:16+00:00\" \/>\n<meta property=\"og:image\" content=\"https:\/\/glovesup.com.br\/wp-content\/uploads\/2024\/04\/VINIFLEX-SEM-PO-ROSA-BOMPACK.png\" \/>\n\t<meta property=\"og:image:width\" content=\"354\" \/>\n\t<meta property=\"og:image:height\" content=\"231\" \/>\n\t<meta property=\"og:image:type\" content=\"image\/png\" \/>\n<meta name=\"twitter:card\" content=\"summary_large_image\" \/>\n<meta name=\"twitter:label1\" content=\"Est. tempo de leitura\" \/>\n\t<meta name=\"twitter:data1\" content=\"1 minuto\" \/>\n<script type=\"application\/ld+json\" class=\"yoast-schema-graph\">{\"@context\":\"https:\/\/schema.org\",\"@graph\":[{\"@type\":\"WebPage\",\"@id\":\"https:\/\/glovesup.com.br\/index.php\/produto\/bompack-vinilflex-pink\/\",\"url\":\"https:\/\/glovesup.com.br\/index.php\/produto\/bompack-vinilflex-pink\/\",\"name\":\"BOMPACK \/ VINILFLEX - PINK - GLOVES&#039;UP\",\"isPartOf\":{\"@id\":\"https:\/\/glovesup.com.br\/#website\"},\"primaryImageOfPage\":{\"@id\":\"https:\/\/glovesup.com.br\/index.php\/produto\/bompack-vinilflex-pink\/#primaryimage\"},\"image\":{\"@id\":\"https:\/\/glovesup.com.br\/index.php\/produto\/bompack-vinilflex-pink\/#primaryimage\"},\"thumbnailUrl\":\"https:\/\/glovesup.com.br\/wp-content\/uploads\/2024\/04\/VINIFLEX-SEM-PO-ROSA-BOMPACK.png\",\"datePublished\":\"2024-04-14T14:54:12+00:00\",\"dateModified\":\"2024-08-19T14:27:16+00:00\",\"breadcrumb\":{\"@id\":\"https:\/\/glovesup.com.br\/index.php\/produto\/bompack-vinilflex-pink\/#breadcrumb\"},\"inLanguage\":\"pt-BR\",\"potentialAction\":[{\"@type\":\"ReadAction\",\"target\":[\"https:\/\/glovesup.com.br\/index.php\/produto\/bompack-vinilflex-pink\/\"]}]},{\"@type\":\"ImageObject\",\"inLanguage\":\"pt-BR\",\"@id\":\"https:\/\/glovesup.com.br\/index.php\/produto\/bompack-vinilflex-pink\/#primaryimage\",\"url\":\"https:\/\/glovesup.com.br\/wp-content\/uploads\/2024\/04\/VINIFLEX-SEM-PO-ROSA-BOMPACK.png\",\"contentUrl\":\"https:\/\/glovesup.com.br\/wp-content\/uploads\/2024\/04\/VINIFLEX-SEM-PO-ROSA-BOMPACK.png\",\"width\":354,\"height\":231},{\"@type\":\"BreadcrumbList\",\"@id\":\"https:\/\/glovesup.com.br\/index.php\/produto\/bompack-vinilflex-pink\/#breadcrumb\",\"itemListElement\":[{\"@type\":\"ListItem\",\"position\":1,\"name\":\"In\u00edcio\",\"item\":\"https:\/\/glovesup.com.br\/\"},{\"@type\":\"ListItem\",\"position\":2,\"name\":\"LOJA\",\"item\":\"https:\/\/glovesup.com.br\/\"},{\"@type\":\"ListItem\",\"position\":3,\"name\":\"BOMPACK \/ VINILFLEX &#8211; PINK\"}]},{\"@type\":\"WebSite\",\"@id\":\"https:\/\/glovesup.com.br\/#website\",\"url\":\"https:\/\/glovesup.com.br\/\",\"name\":\"Gloves\\\"UP_Conhe\u00e7a Nossos Produto!\",\"description\":\"As Melhores Marcas de Luvas do Mercado para Voc\u00ea! QUALIDADE\/CUSTO BENEF\u00cdCIO S\u00d3 AQUI!!\",\"publisher\":{\"@id\":\"https:\/\/glovesup.com.br\/#organization\"},\"alternateName\":\"Gloves\\\"UP_Conhe\u00e7a Nossos Produto!\",\"potentialAction\":[{\"@type\":\"SearchAction\",\"target\":{\"@type\":\"EntryPoint\",\"urlTemplate\":\"https:\/\/glovesup.com.br\/?s={search_term_string}\"},\"query-input\":{\"@type\":\"PropertyValueSpecification\",\"valueRequired\":true,\"valueName\":\"search_term_string\"}}],\"inLanguage\":\"pt-BR\"},{\"@type\":\"Organization\",\"@id\":\"https:\/\/glovesup.com.br\/#organization\",\"name\":\"GLOVESUP\",\"url\":\"https:\/\/glovesup.com.br\/\",\"logo\":{\"@type\":\"ImageObject\",\"inLanguage\":\"pt-BR\",\"@id\":\"https:\/\/glovesup.com.br\/#\/schema\/logo\/image\/\",\"url\":\"https:\/\/glovesup.com.br\/wp-content\/uploads\/2024\/05\/cropped-WhatsApp-Image-2024-05-12-at-21.29.57-2.jpeg\",\"contentUrl\":\"https:\/\/glovesup.com.br\/wp-content\/uploads\/2024\/05\/cropped-WhatsApp-Image-2024-05-12-at-21.29.57-2.jpeg\",\"width\":55,\"height\":55,\"caption\":\"GLOVESUP\"},\"image\":{\"@id\":\"https:\/\/glovesup.com.br\/#\/schema\/logo\/image\/\"},\"sameAs\":[\"https:\/\/www.instagram.com\/glovesup.distribuidora\/\"]}]}<\/script>\n<!-- \/ Yoast SEO plugin. -->","yoast_head_json":{"title":"BOMPACK \/ VINILFLEX - PINK - GLOVES&#039;UP","robots":{"index":"index","follow":"follow","max-snippet":"max-snippet:-1","max-image-preview":"max-image-preview:large","max-video-preview":"max-video-preview:-1"},"canonical":"https:\/\/glovesup.com.br\/index.php\/produto\/bompack-vinilflex-pink\/","og_locale":"pt_BR","og_type":"article","og_title":"BOMPACK \/ VINILFLEX - PINK - GLOVES&#039;UP","og_description":"A Luva Vinilflex, \u00e9 composta por TPE, que \u00e9 um elast\u00f4mero termopl\u00e1stico, ela n\u00e3o possui prote\u00e7\u00e3o contra agentes qu\u00edmicos ou biol\u00f3gicos, por esse motivo n\u00e3o \u00e9 considerado um EPI, por essa raz\u00e3o n\u00e3o possui CA. \u00c9 um \u00f3timo custo-benef\u00edcio, apesar de descart\u00e1velRead More","og_url":"https:\/\/glovesup.com.br\/index.php\/produto\/bompack-vinilflex-pink\/","og_site_name":"GLOVES&#039;UP","article_modified_time":"2024-08-19T14:27:16+00:00","og_image":[{"width":354,"height":231,"url":"https:\/\/glovesup.com.br\/wp-content\/uploads\/2024\/04\/VINIFLEX-SEM-PO-ROSA-BOMPACK.png","type":"image\/png"}],"twitter_card":"summary_large_image","twitter_misc":{"Est. tempo de leitura":"1 minuto"},"schema":{"@context":"https:\/\/schema.org","@graph":[{"@type":"WebPage","@id":"https:\/\/glovesup.com.br\/index.php\/produto\/bompack-vinilflex-pink\/","url":"https:\/\/glovesup.com.br\/index.php\/produto\/bompack-vinilflex-pink\/","name":"BOMPACK \/ VINILFLEX - PINK - GLOVES&#039;UP","isPartOf":{"@id":"https:\/\/glovesup.com.br\/#website"},"primaryImageOfPage":{"@id":"https:\/\/glovesup.com.br\/index.php\/produto\/bompack-vinilflex-pink\/#primaryimage"},"image":{"@id":"https:\/\/glovesup.com.br\/index.php\/produto\/bompack-vinilflex-pink\/#primaryimage"},"thumbnailUrl":"https:\/\/glovesup.com.br\/wp-content\/uploads\/2024\/04\/VINIFLEX-SEM-PO-ROSA-BOMPACK.png","datePublished":"2024-04-14T14:54:12+00:00","dateModified":"2024-08-19T14:27:16+00:00","breadcrumb":{"@id":"https:\/\/glovesup.com.br\/index.php\/produto\/bompack-vinilflex-pink\/#breadcrumb"},"inLanguage":"pt-BR","potentialAction":[{"@type":"ReadAction","target":["https:\/\/glovesup.com.br\/index.php\/produto\/bompack-vinilflex-pink\/"]}]},{"@type":"ImageObject","inLanguage":"pt-BR","@id":"https:\/\/glovesup.com.br\/index.php\/produto\/bompack-vinilflex-pink\/#primaryimage","url":"https:\/\/glovesup.com.br\/wp-content\/uploads\/2024\/04\/VINIFLEX-SEM-PO-ROSA-BOMPACK.png","contentUrl":"https:\/\/glovesup.com.br\/wp-content\/uploads\/2024\/04\/VINIFLEX-SEM-PO-ROSA-BOMPACK.png","width":354,"height":231},{"@type":"BreadcrumbList","@id":"https:\/\/glovesup.com.br\/index.php\/produto\/bompack-vinilflex-pink\/#breadcrumb","itemListElement":[{"@type":"ListItem","position":1,"name":"In\u00edcio","item":"https:\/\/glovesup.com.br\/"},{"@type":"ListItem","position":2,"name":"LOJA","item":"https:\/\/glovesup.com.br\/"},{"@type":"ListItem","position":3,"name":"BOMPACK \/ VINILFLEX &#8211; PINK"}]},{"@type":"WebSite","@id":"https:\/\/glovesup.com.br\/#website","url":"https:\/\/glovesup.com.br\/","name":"Gloves\"UP_Conhe\u00e7a Nossos Produto!","description":"As Melhores Marcas de Luvas do Mercado para Voc\u00ea! QUALIDADE\/CUSTO BENEF\u00cdCIO S\u00d3 AQUI!!","publisher":{"@id":"https:\/\/glovesup.com.br\/#organization"},"alternateName":"Gloves\"UP_Conhe\u00e7a Nossos Produto!","potentialAction":[{"@type":"SearchAction","target":{"@type":"EntryPoint","urlTemplate":"https:\/\/glovesup.com.br\/?s={search_term_string}"},"query-input":{"@type":"PropertyValueSpecification","valueRequired":true,"valueName":"search_term_string"}}],"inLanguage":"pt-BR"},{"@type":"Organization","@id":"https:\/\/glovesup.com.br\/#organization","name":"GLOVESUP","url":"https:\/\/glovesup.com.br\/","logo":{"@type":"ImageObject","inLanguage":"pt-BR","@id":"https:\/\/glovesup.com.br\/#\/schema\/logo\/image\/","url":"https:\/\/glovesup.com.br\/wp-content\/uploads\/2024\/05\/cropped-WhatsApp-Image-2024-05-12-at-21.29.57-2.jpeg","contentUrl":"https:\/\/glovesup.com.br\/wp-content\/uploads\/2024\/05\/cropped-WhatsApp-Image-2024-05-12-at-21.29.57-2.jpeg","width":55,"height":55,"caption":"GLOVESUP"},"image":{"@id":"https:\/\/glovesup.com.br\/#\/schema\/logo\/image\/"},"sameAs":["https:\/\/www.instagram.com\/glovesup.distribuidora\/"]}]}},"jetpack_sharing_enabled":true,"_links":{"self":[{"href":"https:\/\/glovesup.com.br\/index.php\/wp-json\/wp\/v2\/product\/713","targetHints":{"allow":["GET"]}}],"collection":[{"href":"https:\/\/glovesup.com.br\/index.php\/wp-json\/wp\/v2\/product"}],"about":[{"href":"https:\/\/glovesup.com.br\/index.php\/wp-json\/wp\/v2\/types\/product"}],"replies":[{"embeddable":true,"href":"https:\/\/glovesup.com.br\/index.php\/wp-json\/wp\/v2\/comments?post=713"}],"wp:featuredmedia":[{"embeddable":true,"href":"https:\/\/glovesup.com.br\/index.php\/wp-json\/wp\/v2\/media\/714"}],"wp:attachment":[{"href":"https:\/\/glovesup.com.br\/index.php\/wp-json\/wp\/v2\/media?parent=713"}],"wp:term":[{"taxonomy":"product_brand","embeddable":true,"href":"https:\/\/glovesup.com.br\/index.php\/wp-json\/wp\/v2\/product_brand?post=713"},{"taxonomy":"product_cat","embeddable":true,"href":"https:\/\/glovesup.com.br\/index.php\/wp-json\/wp\/v2\/product_cat?post=713"},{"taxonomy":"product_tag","embeddable":true,"href":"https:\/\/glovesup.com.br\/index.php\/wp-json\/wp\/v2\/product_tag?post=713"}],"curies":[{"name":"wp","href":"https:\/\/api.w.org\/{rel}","templated":true}]}}