{"id":671,"date":"2024-04-14T09:26:03","date_gmt":"2024-04-14T12:26:03","guid":{"rendered":"https:\/\/glovesup.com.br\/?post_type=product&#038;p=671"},"modified":"2025-04-25T19:54:28","modified_gmt":"2025-04-25T22:54:28","slug":"bompack-luvas-vinil-sem-po","status":"publish","type":"product","link":"https:\/\/glovesup.com.br\/index.php\/produto\/bompack-luvas-vinil-sem-po\/","title":{"rendered":"BOMPACK &#8211; LUVAS \/ VINIL &#8211; SEM P\u00d3"},"content":{"rendered":"<p>Luva De Vinil Sem P\u00f3 Com 100 Unidades Bompack Mantenha suas m\u00e3os protegidas com a Luva De Vinil Sem P\u00f3 Com 100 Unidades Bompack. Feitas de vinil de alta qualidade, essas luvas descart\u00e1veis oferecem uma barreira de prote\u00e7\u00e3o eficaz contra sujeiras e germes. Com seu ajuste confort\u00e1vel e flex\u00edvel, proporcionam uma boa sensibilidade t\u00e1til. Ideais para uso em atividades que requerem higiene, como manipula\u00e7\u00e3o de alimentos, limpeza e servi\u00e7os gerais. Cuide da sua sa\u00fade e mantenha-se protegido com a Luva de Vinil Sem P\u00f3 da Bompack. Proteger as m\u00e3os do trabalhador contra o contato com subst\u00e2ncias qu\u00edmicas ou contaminantes como germes e bact\u00e9rias. S\u00e3o bem mais resistentes \u00e0 abras\u00e3o se comparada \u00e0s de l\u00e1tex. Cont\u00e9m: 1 caixa com 100 unidades da luva de vinil sem p\u00f3 Bompack<\/p>\n","protected":false},"excerpt":{"rendered":"<p>Luva De Vinil Sem P\u00f3 Com 100 Unidades Bompack Mantenha suas m\u00e3os protegidas com a Luva De Vinil Sem P\u00f3 Com 100 Unidades Bompack. Feitas de vinil de alta qualidade, essas luvas descart\u00e1veis oferecem uma barreira de prote\u00e7\u00e3o eficaz contra sujeiras e<\/p>\n<p class=\"link-more\"><a class=\"myButt \" href=\"https:\/\/glovesup.com.br\/index.php\/produto\/bompack-luvas-vinil-sem-po\/\">Read More<\/a><\/p>\n","protected":false},"featured_media":674,"comment_status":"open","ping_status":"closed","template":"","meta":{"_joinchat":[]},"product_brand":[],"product_cat":[52,55],"product_tag":[],"class_list":{"0":"post-671","1":"product","2":"type-product","3":"status-publish","4":"has-post-thumbnail","6":"product_cat-bompack","7":"product_cat-bompack-vinil-sem-po","9":"first","10":"instock","11":"shipping-taxable","12":"purchasable","13":"product-type-variable"},"yoast_head":"<!-- This site is optimized with the Yoast SEO plugin v24.3 - https:\/\/yoast.com\/wordpress\/plugins\/seo\/ -->\n<title>BOMPACK - LUVAS \/ VINIL - SEM P\u00d3 - GLOVES&#039;UP<\/title>\n<meta name=\"robots\" content=\"index, follow, max-snippet:-1, max-image-preview:large, max-video-preview:-1\" \/>\n<link rel=\"canonical\" href=\"https:\/\/glovesup.com.br\/index.php\/produto\/bompack-luvas-vinil-sem-po\/\" \/>\n<meta property=\"og:locale\" content=\"pt_BR\" \/>\n<meta property=\"og:type\" content=\"article\" \/>\n<meta property=\"og:title\" content=\"BOMPACK - LUVAS \/ VINIL - SEM P\u00d3 - GLOVES&#039;UP\" \/>\n<meta property=\"og:description\" content=\"Luva De Vinil Sem P\u00f3 Com 100 Unidades Bompack Mantenha suas m\u00e3os protegidas com a Luva De Vinil Sem P\u00f3 Com 100 Unidades Bompack. Feitas de vinil de alta qualidade, essas luvas descart\u00e1veis oferecem uma barreira de prote\u00e7\u00e3o eficaz contra sujeiras eRead More\" \/>\n<meta property=\"og:url\" content=\"https:\/\/glovesup.com.br\/index.php\/produto\/bompack-luvas-vinil-sem-po\/\" \/>\n<meta property=\"og:site_name\" content=\"GLOVES&#039;UP\" \/>\n<meta property=\"article:modified_time\" content=\"2025-04-25T22:54:28+00:00\" \/>\n<meta property=\"og:image\" content=\"https:\/\/glovesup.com.br\/wp-content\/uploads\/2024\/04\/VINIL-SEM-PO-BOMPACK-1.png\" \/>\n\t<meta property=\"og:image:width\" content=\"216\" \/>\n\t<meta property=\"og:image:height\" content=\"144\" \/>\n\t<meta property=\"og:image:type\" content=\"image\/png\" \/>\n<meta name=\"twitter:card\" content=\"summary_large_image\" \/>\n<meta name=\"twitter:label1\" content=\"Est. tempo de leitura\" \/>\n\t<meta name=\"twitter:data1\" content=\"1 minuto\" \/>\n<script type=\"application\/ld+json\" class=\"yoast-schema-graph\">{\"@context\":\"https:\/\/schema.org\",\"@graph\":[{\"@type\":\"WebPage\",\"@id\":\"https:\/\/glovesup.com.br\/index.php\/produto\/bompack-luvas-vinil-sem-po\/\",\"url\":\"https:\/\/glovesup.com.br\/index.php\/produto\/bompack-luvas-vinil-sem-po\/\",\"name\":\"BOMPACK - LUVAS \/ VINIL - SEM P\u00d3 - GLOVES&#039;UP\",\"isPartOf\":{\"@id\":\"https:\/\/glovesup.com.br\/#website\"},\"primaryImageOfPage\":{\"@id\":\"https:\/\/glovesup.com.br\/index.php\/produto\/bompack-luvas-vinil-sem-po\/#primaryimage\"},\"image\":{\"@id\":\"https:\/\/glovesup.com.br\/index.php\/produto\/bompack-luvas-vinil-sem-po\/#primaryimage\"},\"thumbnailUrl\":\"https:\/\/glovesup.com.br\/wp-content\/uploads\/2024\/04\/VINIL-SEM-PO-BOMPACK-1.png\",\"datePublished\":\"2024-04-14T12:26:03+00:00\",\"dateModified\":\"2025-04-25T22:54:28+00:00\",\"breadcrumb\":{\"@id\":\"https:\/\/glovesup.com.br\/index.php\/produto\/bompack-luvas-vinil-sem-po\/#breadcrumb\"},\"inLanguage\":\"pt-BR\",\"potentialAction\":[{\"@type\":\"ReadAction\",\"target\":[\"https:\/\/glovesup.com.br\/index.php\/produto\/bompack-luvas-vinil-sem-po\/\"]}]},{\"@type\":\"ImageObject\",\"inLanguage\":\"pt-BR\",\"@id\":\"https:\/\/glovesup.com.br\/index.php\/produto\/bompack-luvas-vinil-sem-po\/#primaryimage\",\"url\":\"https:\/\/glovesup.com.br\/wp-content\/uploads\/2024\/04\/VINIL-SEM-PO-BOMPACK-1.png\",\"contentUrl\":\"https:\/\/glovesup.com.br\/wp-content\/uploads\/2024\/04\/VINIL-SEM-PO-BOMPACK-1.png\",\"width\":216,\"height\":144},{\"@type\":\"BreadcrumbList\",\"@id\":\"https:\/\/glovesup.com.br\/index.php\/produto\/bompack-luvas-vinil-sem-po\/#breadcrumb\",\"itemListElement\":[{\"@type\":\"ListItem\",\"position\":1,\"name\":\"In\u00edcio\",\"item\":\"https:\/\/glovesup.com.br\/\"},{\"@type\":\"ListItem\",\"position\":2,\"name\":\"LOJA\",\"item\":\"https:\/\/glovesup.com.br\/\"},{\"@type\":\"ListItem\",\"position\":3,\"name\":\"BOMPACK &#8211; LUVAS \/ VINIL &#8211; SEM P\u00d3\"}]},{\"@type\":\"WebSite\",\"@id\":\"https:\/\/glovesup.com.br\/#website\",\"url\":\"https:\/\/glovesup.com.br\/\",\"name\":\"Gloves\\\"UP_Conhe\u00e7a Nossos Produto!\",\"description\":\"As Melhores Marcas de Luvas do Mercado para Voc\u00ea! QUALIDADE\/CUSTO BENEF\u00cdCIO S\u00d3 AQUI!!\",\"publisher\":{\"@id\":\"https:\/\/glovesup.com.br\/#organization\"},\"alternateName\":\"Gloves\\\"UP_Conhe\u00e7a Nossos Produto!\",\"potentialAction\":[{\"@type\":\"SearchAction\",\"target\":{\"@type\":\"EntryPoint\",\"urlTemplate\":\"https:\/\/glovesup.com.br\/?s={search_term_string}\"},\"query-input\":{\"@type\":\"PropertyValueSpecification\",\"valueRequired\":true,\"valueName\":\"search_term_string\"}}],\"inLanguage\":\"pt-BR\"},{\"@type\":\"Organization\",\"@id\":\"https:\/\/glovesup.com.br\/#organization\",\"name\":\"GLOVESUP\",\"url\":\"https:\/\/glovesup.com.br\/\",\"logo\":{\"@type\":\"ImageObject\",\"inLanguage\":\"pt-BR\",\"@id\":\"https:\/\/glovesup.com.br\/#\/schema\/logo\/image\/\",\"url\":\"https:\/\/glovesup.com.br\/wp-content\/uploads\/2024\/05\/cropped-WhatsApp-Image-2024-05-12-at-21.29.57-2.jpeg\",\"contentUrl\":\"https:\/\/glovesup.com.br\/wp-content\/uploads\/2024\/05\/cropped-WhatsApp-Image-2024-05-12-at-21.29.57-2.jpeg\",\"width\":55,\"height\":55,\"caption\":\"GLOVESUP\"},\"image\":{\"@id\":\"https:\/\/glovesup.com.br\/#\/schema\/logo\/image\/\"},\"sameAs\":[\"https:\/\/www.instagram.com\/glovesup.distribuidora\/\"]}]}<\/script>\n<!-- \/ Yoast SEO plugin. -->","yoast_head_json":{"title":"BOMPACK - LUVAS \/ VINIL - SEM P\u00d3 - GLOVES&#039;UP","robots":{"index":"index","follow":"follow","max-snippet":"max-snippet:-1","max-image-preview":"max-image-preview:large","max-video-preview":"max-video-preview:-1"},"canonical":"https:\/\/glovesup.com.br\/index.php\/produto\/bompack-luvas-vinil-sem-po\/","og_locale":"pt_BR","og_type":"article","og_title":"BOMPACK - LUVAS \/ VINIL - SEM P\u00d3 - GLOVES&#039;UP","og_description":"Luva De Vinil Sem P\u00f3 Com 100 Unidades Bompack Mantenha suas m\u00e3os protegidas com a Luva De Vinil Sem P\u00f3 Com 100 Unidades Bompack. Feitas de vinil de alta qualidade, essas luvas descart\u00e1veis oferecem uma barreira de prote\u00e7\u00e3o eficaz contra sujeiras eRead More","og_url":"https:\/\/glovesup.com.br\/index.php\/produto\/bompack-luvas-vinil-sem-po\/","og_site_name":"GLOVES&#039;UP","article_modified_time":"2025-04-25T22:54:28+00:00","og_image":[{"width":216,"height":144,"url":"https:\/\/glovesup.com.br\/wp-content\/uploads\/2024\/04\/VINIL-SEM-PO-BOMPACK-1.png","type":"image\/png"}],"twitter_card":"summary_large_image","twitter_misc":{"Est. tempo de leitura":"1 minuto"},"schema":{"@context":"https:\/\/schema.org","@graph":[{"@type":"WebPage","@id":"https:\/\/glovesup.com.br\/index.php\/produto\/bompack-luvas-vinil-sem-po\/","url":"https:\/\/glovesup.com.br\/index.php\/produto\/bompack-luvas-vinil-sem-po\/","name":"BOMPACK - LUVAS \/ VINIL - SEM P\u00d3 - GLOVES&#039;UP","isPartOf":{"@id":"https:\/\/glovesup.com.br\/#website"},"primaryImageOfPage":{"@id":"https:\/\/glovesup.com.br\/index.php\/produto\/bompack-luvas-vinil-sem-po\/#primaryimage"},"image":{"@id":"https:\/\/glovesup.com.br\/index.php\/produto\/bompack-luvas-vinil-sem-po\/#primaryimage"},"thumbnailUrl":"https:\/\/glovesup.com.br\/wp-content\/uploads\/2024\/04\/VINIL-SEM-PO-BOMPACK-1.png","datePublished":"2024-04-14T12:26:03+00:00","dateModified":"2025-04-25T22:54:28+00:00","breadcrumb":{"@id":"https:\/\/glovesup.com.br\/index.php\/produto\/bompack-luvas-vinil-sem-po\/#breadcrumb"},"inLanguage":"pt-BR","potentialAction":[{"@type":"ReadAction","target":["https:\/\/glovesup.com.br\/index.php\/produto\/bompack-luvas-vinil-sem-po\/"]}]},{"@type":"ImageObject","inLanguage":"pt-BR","@id":"https:\/\/glovesup.com.br\/index.php\/produto\/bompack-luvas-vinil-sem-po\/#primaryimage","url":"https:\/\/glovesup.com.br\/wp-content\/uploads\/2024\/04\/VINIL-SEM-PO-BOMPACK-1.png","contentUrl":"https:\/\/glovesup.com.br\/wp-content\/uploads\/2024\/04\/VINIL-SEM-PO-BOMPACK-1.png","width":216,"height":144},{"@type":"BreadcrumbList","@id":"https:\/\/glovesup.com.br\/index.php\/produto\/bompack-luvas-vinil-sem-po\/#breadcrumb","itemListElement":[{"@type":"ListItem","position":1,"name":"In\u00edcio","item":"https:\/\/glovesup.com.br\/"},{"@type":"ListItem","position":2,"name":"LOJA","item":"https:\/\/glovesup.com.br\/"},{"@type":"ListItem","position":3,"name":"BOMPACK &#8211; LUVAS \/ VINIL &#8211; SEM P\u00d3"}]},{"@type":"WebSite","@id":"https:\/\/glovesup.com.br\/#website","url":"https:\/\/glovesup.com.br\/","name":"Gloves\"UP_Conhe\u00e7a Nossos Produto!","description":"As Melhores Marcas de Luvas do Mercado para Voc\u00ea! QUALIDADE\/CUSTO BENEF\u00cdCIO S\u00d3 AQUI!!","publisher":{"@id":"https:\/\/glovesup.com.br\/#organization"},"alternateName":"Gloves\"UP_Conhe\u00e7a Nossos Produto!","potentialAction":[{"@type":"SearchAction","target":{"@type":"EntryPoint","urlTemplate":"https:\/\/glovesup.com.br\/?s={search_term_string}"},"query-input":{"@type":"PropertyValueSpecification","valueRequired":true,"valueName":"search_term_string"}}],"inLanguage":"pt-BR"},{"@type":"Organization","@id":"https:\/\/glovesup.com.br\/#organization","name":"GLOVESUP","url":"https:\/\/glovesup.com.br\/","logo":{"@type":"ImageObject","inLanguage":"pt-BR","@id":"https:\/\/glovesup.com.br\/#\/schema\/logo\/image\/","url":"https:\/\/glovesup.com.br\/wp-content\/uploads\/2024\/05\/cropped-WhatsApp-Image-2024-05-12-at-21.29.57-2.jpeg","contentUrl":"https:\/\/glovesup.com.br\/wp-content\/uploads\/2024\/05\/cropped-WhatsApp-Image-2024-05-12-at-21.29.57-2.jpeg","width":55,"height":55,"caption":"GLOVESUP"},"image":{"@id":"https:\/\/glovesup.com.br\/#\/schema\/logo\/image\/"},"sameAs":["https:\/\/www.instagram.com\/glovesup.distribuidora\/"]}]}},"jetpack_sharing_enabled":true,"_links":{"self":[{"href":"https:\/\/glovesup.com.br\/index.php\/wp-json\/wp\/v2\/product\/671","targetHints":{"allow":["GET"]}}],"collection":[{"href":"https:\/\/glovesup.com.br\/index.php\/wp-json\/wp\/v2\/product"}],"about":[{"href":"https:\/\/glovesup.com.br\/index.php\/wp-json\/wp\/v2\/types\/product"}],"replies":[{"embeddable":true,"href":"https:\/\/glovesup.com.br\/index.php\/wp-json\/wp\/v2\/comments?post=671"}],"wp:featuredmedia":[{"embeddable":true,"href":"https:\/\/glovesup.com.br\/index.php\/wp-json\/wp\/v2\/media\/674"}],"wp:attachment":[{"href":"https:\/\/glovesup.com.br\/index.php\/wp-json\/wp\/v2\/media?parent=671"}],"wp:term":[{"taxonomy":"product_brand","embeddable":true,"href":"https:\/\/glovesup.com.br\/index.php\/wp-json\/wp\/v2\/product_brand?post=671"},{"taxonomy":"product_cat","embeddable":true,"href":"https:\/\/glovesup.com.br\/index.php\/wp-json\/wp\/v2\/product_cat?post=671"},{"taxonomy":"product_tag","embeddable":true,"href":"https:\/\/glovesup.com.br\/index.php\/wp-json\/wp\/v2\/product_tag?post=671"}],"curies":[{"name":"wp","href":"https:\/\/api.w.org\/{rel}","templated":true}]}}