{"id":1425,"date":"2025-01-29T15:08:36","date_gmt":"2025-01-29T18:08:36","guid":{"rendered":"https:\/\/glovesup.com.br\/?post_type=product&#038;p=1425"},"modified":"2025-09-26T10:23:58","modified_gmt":"2025-09-26T13:23:58","slug":"mascara-descartavel-preta-tripla-protecao-cirurgica-inoven","status":"publish","type":"product","link":"https:\/\/glovesup.com.br\/index.php\/produto\/mascara-descartavel-preta-tripla-protecao-cirurgica-inoven\/","title":{"rendered":"M\u00e1scara Descart\u00e1vel Preta Tripla Prote\u00e7\u00e3o Cir\u00fargica &#8211; INOVEN"},"content":{"rendered":"<div class=\"ui-pdp-container__row ui-pdp-container__row--highlighted-features-title\">\n<h2 class=\"ui-vpp-text-alignment--left ui-pdp-color--BLACK ui-pdp-size--XSMALL ui-pdp-family--SEMIBOLD highlighted-features-title\">O que voc\u00ea precisa saber sobre este produto<\/h2>\n<\/div>\n<div class=\"ui-pdp-container__row ui-pdp-container__row--highlighted-features\">\n<div class=\"ui-vpp-highlighted-specs__features\">\n<ul class=\"ui-vpp-highlighted-specs__features-list\">\n<li class=\"ui-vpp-highlighted-specs__features-list-item ui-pdp-color--BLACK ui-pdp-size--XSMALL ui-pdp-family--REGULAR\">Unidades por kit: 50<\/li>\n<li class=\"ui-vpp-highlighted-specs__features-list-item ui-pdp-color--BLACK ui-pdp-size--XSMALL ui-pdp-family--REGULAR\">Formato de venda: CAIXA<\/li>\n<li class=\"ui-vpp-highlighted-specs__features-list-item ui-pdp-color--BLACK ui-pdp-size--XSMALL ui-pdp-family--REGULAR\">Os el\u00e1sticos de sustenta\u00e7\u00e3o permitir\u00e3o uma melhor ader\u00eancia.<\/li>\n<li class=\"ui-vpp-highlighted-specs__features-list-item ui-pdp-color--BLACK ui-pdp-size--XSMALL ui-pdp-family--REGULAR\">Apto para adultos.<\/li>\n<li class=\"ui-vpp-highlighted-specs__features-list-item ui-pdp-color--BLACK ui-pdp-size--XSMALL ui-pdp-family--REGULAR\">O ajuste nasal garante prote\u00e7\u00e3o no rosto.<\/li>\n<li class=\"ui-vpp-highlighted-specs__features-list-item ui-pdp-color--BLACK ui-pdp-size--XSMALL ui-pdp-family--REGULAR\">Comodidade e confiabilidade quando voc\u00ea mais precisa.<\/li>\n<\/ul>\n<\/div>\n<\/div>\n","protected":false},"excerpt":{"rendered":"<p>O que voc\u00ea precisa saber sobre este produto Unidades por kit: 50 Formato de venda: CAIXA Os el\u00e1sticos de sustenta\u00e7\u00e3o permitir\u00e3o uma melhor ader\u00eancia. Apto para adultos. O ajuste nasal garante prote\u00e7\u00e3o no rosto. Comodidade e confiabilidade quando voc\u00ea mais precisa.<\/p>\n","protected":false},"featured_media":1428,"comment_status":"open","ping_status":"closed","template":"","meta":{"_joinchat":[]},"product_brand":[],"product_cat":[83,91],"product_tag":[],"class_list":{"0":"post-1425","1":"product","2":"type-product","3":"status-publish","4":"has-post-thumbnail","6":"product_cat-acessorios-descartaveis-2","7":"product_cat-kits","9":"first","10":"instock","11":"shipping-taxable","12":"purchasable","13":"product-type-simple"},"yoast_head":"<!-- This site is optimized with the Yoast SEO plugin v24.3 - https:\/\/yoast.com\/wordpress\/plugins\/seo\/ -->\n<title>M\u00e1scara Descart\u00e1vel Preta Tripla Prote\u00e7\u00e3o Cir\u00fargica - INOVEN - GLOVES&#039;UP<\/title>\n<meta name=\"robots\" content=\"index, follow, max-snippet:-1, max-image-preview:large, max-video-preview:-1\" \/>\n<link rel=\"canonical\" href=\"https:\/\/glovesup.com.br\/index.php\/produto\/mascara-descartavel-preta-tripla-protecao-cirurgica-inoven\/\" \/>\n<meta property=\"og:locale\" content=\"pt_BR\" \/>\n<meta property=\"og:type\" content=\"article\" \/>\n<meta property=\"og:title\" content=\"M\u00e1scara Descart\u00e1vel Preta Tripla Prote\u00e7\u00e3o Cir\u00fargica - INOVEN - GLOVES&#039;UP\" \/>\n<meta property=\"og:description\" content=\"O que voc\u00ea precisa saber sobre este produto Unidades por kit: 50 Formato de venda: CAIXA Os el\u00e1sticos de sustenta\u00e7\u00e3o permitir\u00e3o uma melhor ader\u00eancia. Apto para adultos. O ajuste nasal garante prote\u00e7\u00e3o no rosto. Comodidade e confiabilidade quando voc\u00ea mais precisa.\" \/>\n<meta property=\"og:url\" content=\"https:\/\/glovesup.com.br\/index.php\/produto\/mascara-descartavel-preta-tripla-protecao-cirurgica-inoven\/\" \/>\n<meta property=\"og:site_name\" content=\"GLOVES&#039;UP\" \/>\n<meta property=\"article:modified_time\" content=\"2025-09-26T13:23:58+00:00\" \/>\n<meta property=\"og:image\" content=\"https:\/\/glovesup.com.br\/wp-content\/uploads\/2025\/01\/Masc-preta-inoven.png\" \/>\n\t<meta property=\"og:image:width\" content=\"335\" \/>\n\t<meta property=\"og:image:height\" content=\"247\" \/>\n\t<meta property=\"og:image:type\" content=\"image\/png\" \/>\n<meta name=\"twitter:card\" content=\"summary_large_image\" \/>\n<meta name=\"twitter:label1\" content=\"Est. tempo de leitura\" \/>\n\t<meta name=\"twitter:data1\" content=\"1 minuto\" \/>\n<script type=\"application\/ld+json\" class=\"yoast-schema-graph\">{\"@context\":\"https:\/\/schema.org\",\"@graph\":[{\"@type\":\"WebPage\",\"@id\":\"https:\/\/glovesup.com.br\/index.php\/produto\/mascara-descartavel-preta-tripla-protecao-cirurgica-inoven\/\",\"url\":\"https:\/\/glovesup.com.br\/index.php\/produto\/mascara-descartavel-preta-tripla-protecao-cirurgica-inoven\/\",\"name\":\"M\u00e1scara Descart\u00e1vel Preta Tripla Prote\u00e7\u00e3o Cir\u00fargica - INOVEN - GLOVES&#039;UP\",\"isPartOf\":{\"@id\":\"https:\/\/glovesup.com.br\/#website\"},\"primaryImageOfPage\":{\"@id\":\"https:\/\/glovesup.com.br\/index.php\/produto\/mascara-descartavel-preta-tripla-protecao-cirurgica-inoven\/#primaryimage\"},\"image\":{\"@id\":\"https:\/\/glovesup.com.br\/index.php\/produto\/mascara-descartavel-preta-tripla-protecao-cirurgica-inoven\/#primaryimage\"},\"thumbnailUrl\":\"https:\/\/glovesup.com.br\/wp-content\/uploads\/2025\/01\/Masc-preta-inoven.png\",\"datePublished\":\"2025-01-29T18:08:36+00:00\",\"dateModified\":\"2025-09-26T13:23:58+00:00\",\"breadcrumb\":{\"@id\":\"https:\/\/glovesup.com.br\/index.php\/produto\/mascara-descartavel-preta-tripla-protecao-cirurgica-inoven\/#breadcrumb\"},\"inLanguage\":\"pt-BR\",\"potentialAction\":[{\"@type\":\"ReadAction\",\"target\":[\"https:\/\/glovesup.com.br\/index.php\/produto\/mascara-descartavel-preta-tripla-protecao-cirurgica-inoven\/\"]}]},{\"@type\":\"ImageObject\",\"inLanguage\":\"pt-BR\",\"@id\":\"https:\/\/glovesup.com.br\/index.php\/produto\/mascara-descartavel-preta-tripla-protecao-cirurgica-inoven\/#primaryimage\",\"url\":\"https:\/\/glovesup.com.br\/wp-content\/uploads\/2025\/01\/Masc-preta-inoven.png\",\"contentUrl\":\"https:\/\/glovesup.com.br\/wp-content\/uploads\/2025\/01\/Masc-preta-inoven.png\",\"width\":335,\"height\":247},{\"@type\":\"BreadcrumbList\",\"@id\":\"https:\/\/glovesup.com.br\/index.php\/produto\/mascara-descartavel-preta-tripla-protecao-cirurgica-inoven\/#breadcrumb\",\"itemListElement\":[{\"@type\":\"ListItem\",\"position\":1,\"name\":\"In\u00edcio\",\"item\":\"https:\/\/glovesup.com.br\/\"},{\"@type\":\"ListItem\",\"position\":2,\"name\":\"LOJA\",\"item\":\"https:\/\/glovesup.com.br\/\"},{\"@type\":\"ListItem\",\"position\":3,\"name\":\"M\u00e1scara Descart\u00e1vel Preta Tripla Prote\u00e7\u00e3o Cir\u00fargica &#8211; INOVEN\"}]},{\"@type\":\"WebSite\",\"@id\":\"https:\/\/glovesup.com.br\/#website\",\"url\":\"https:\/\/glovesup.com.br\/\",\"name\":\"Gloves\\\"UP_Conhe\u00e7a Nossos Produto!\",\"description\":\"As Melhores Marcas de Luvas do Mercado para Voc\u00ea! QUALIDADE\/CUSTO BENEF\u00cdCIO S\u00d3 AQUI!!\",\"publisher\":{\"@id\":\"https:\/\/glovesup.com.br\/#organization\"},\"alternateName\":\"Gloves\\\"UP_Conhe\u00e7a Nossos Produto!\",\"potentialAction\":[{\"@type\":\"SearchAction\",\"target\":{\"@type\":\"EntryPoint\",\"urlTemplate\":\"https:\/\/glovesup.com.br\/?s={search_term_string}\"},\"query-input\":{\"@type\":\"PropertyValueSpecification\",\"valueRequired\":true,\"valueName\":\"search_term_string\"}}],\"inLanguage\":\"pt-BR\"},{\"@type\":\"Organization\",\"@id\":\"https:\/\/glovesup.com.br\/#organization\",\"name\":\"GLOVESUP\",\"url\":\"https:\/\/glovesup.com.br\/\",\"logo\":{\"@type\":\"ImageObject\",\"inLanguage\":\"pt-BR\",\"@id\":\"https:\/\/glovesup.com.br\/#\/schema\/logo\/image\/\",\"url\":\"https:\/\/glovesup.com.br\/wp-content\/uploads\/2024\/05\/cropped-WhatsApp-Image-2024-05-12-at-21.29.57-2.jpeg\",\"contentUrl\":\"https:\/\/glovesup.com.br\/wp-content\/uploads\/2024\/05\/cropped-WhatsApp-Image-2024-05-12-at-21.29.57-2.jpeg\",\"width\":55,\"height\":55,\"caption\":\"GLOVESUP\"},\"image\":{\"@id\":\"https:\/\/glovesup.com.br\/#\/schema\/logo\/image\/\"},\"sameAs\":[\"https:\/\/www.instagram.com\/glovesup.distribuidora\/\"]}]}<\/script>\n<!-- \/ Yoast SEO plugin. -->","yoast_head_json":{"title":"M\u00e1scara Descart\u00e1vel Preta Tripla Prote\u00e7\u00e3o Cir\u00fargica - INOVEN - GLOVES&#039;UP","robots":{"index":"index","follow":"follow","max-snippet":"max-snippet:-1","max-image-preview":"max-image-preview:large","max-video-preview":"max-video-preview:-1"},"canonical":"https:\/\/glovesup.com.br\/index.php\/produto\/mascara-descartavel-preta-tripla-protecao-cirurgica-inoven\/","og_locale":"pt_BR","og_type":"article","og_title":"M\u00e1scara Descart\u00e1vel Preta Tripla Prote\u00e7\u00e3o Cir\u00fargica - INOVEN - GLOVES&#039;UP","og_description":"O que voc\u00ea precisa saber sobre este produto Unidades por kit: 50 Formato de venda: CAIXA Os el\u00e1sticos de sustenta\u00e7\u00e3o permitir\u00e3o uma melhor ader\u00eancia. Apto para adultos. O ajuste nasal garante prote\u00e7\u00e3o no rosto. Comodidade e confiabilidade quando voc\u00ea mais precisa.","og_url":"https:\/\/glovesup.com.br\/index.php\/produto\/mascara-descartavel-preta-tripla-protecao-cirurgica-inoven\/","og_site_name":"GLOVES&#039;UP","article_modified_time":"2025-09-26T13:23:58+00:00","og_image":[{"width":335,"height":247,"url":"https:\/\/glovesup.com.br\/wp-content\/uploads\/2025\/01\/Masc-preta-inoven.png","type":"image\/png"}],"twitter_card":"summary_large_image","twitter_misc":{"Est. tempo de leitura":"1 minuto"},"schema":{"@context":"https:\/\/schema.org","@graph":[{"@type":"WebPage","@id":"https:\/\/glovesup.com.br\/index.php\/produto\/mascara-descartavel-preta-tripla-protecao-cirurgica-inoven\/","url":"https:\/\/glovesup.com.br\/index.php\/produto\/mascara-descartavel-preta-tripla-protecao-cirurgica-inoven\/","name":"M\u00e1scara Descart\u00e1vel Preta Tripla Prote\u00e7\u00e3o Cir\u00fargica - INOVEN - GLOVES&#039;UP","isPartOf":{"@id":"https:\/\/glovesup.com.br\/#website"},"primaryImageOfPage":{"@id":"https:\/\/glovesup.com.br\/index.php\/produto\/mascara-descartavel-preta-tripla-protecao-cirurgica-inoven\/#primaryimage"},"image":{"@id":"https:\/\/glovesup.com.br\/index.php\/produto\/mascara-descartavel-preta-tripla-protecao-cirurgica-inoven\/#primaryimage"},"thumbnailUrl":"https:\/\/glovesup.com.br\/wp-content\/uploads\/2025\/01\/Masc-preta-inoven.png","datePublished":"2025-01-29T18:08:36+00:00","dateModified":"2025-09-26T13:23:58+00:00","breadcrumb":{"@id":"https:\/\/glovesup.com.br\/index.php\/produto\/mascara-descartavel-preta-tripla-protecao-cirurgica-inoven\/#breadcrumb"},"inLanguage":"pt-BR","potentialAction":[{"@type":"ReadAction","target":["https:\/\/glovesup.com.br\/index.php\/produto\/mascara-descartavel-preta-tripla-protecao-cirurgica-inoven\/"]}]},{"@type":"ImageObject","inLanguage":"pt-BR","@id":"https:\/\/glovesup.com.br\/index.php\/produto\/mascara-descartavel-preta-tripla-protecao-cirurgica-inoven\/#primaryimage","url":"https:\/\/glovesup.com.br\/wp-content\/uploads\/2025\/01\/Masc-preta-inoven.png","contentUrl":"https:\/\/glovesup.com.br\/wp-content\/uploads\/2025\/01\/Masc-preta-inoven.png","width":335,"height":247},{"@type":"BreadcrumbList","@id":"https:\/\/glovesup.com.br\/index.php\/produto\/mascara-descartavel-preta-tripla-protecao-cirurgica-inoven\/#breadcrumb","itemListElement":[{"@type":"ListItem","position":1,"name":"In\u00edcio","item":"https:\/\/glovesup.com.br\/"},{"@type":"ListItem","position":2,"name":"LOJA","item":"https:\/\/glovesup.com.br\/"},{"@type":"ListItem","position":3,"name":"M\u00e1scara Descart\u00e1vel Preta Tripla Prote\u00e7\u00e3o Cir\u00fargica &#8211; INOVEN"}]},{"@type":"WebSite","@id":"https:\/\/glovesup.com.br\/#website","url":"https:\/\/glovesup.com.br\/","name":"Gloves\"UP_Conhe\u00e7a Nossos Produto!","description":"As Melhores Marcas de Luvas do Mercado para Voc\u00ea! QUALIDADE\/CUSTO BENEF\u00cdCIO S\u00d3 AQUI!!","publisher":{"@id":"https:\/\/glovesup.com.br\/#organization"},"alternateName":"Gloves\"UP_Conhe\u00e7a Nossos Produto!","potentialAction":[{"@type":"SearchAction","target":{"@type":"EntryPoint","urlTemplate":"https:\/\/glovesup.com.br\/?s={search_term_string}"},"query-input":{"@type":"PropertyValueSpecification","valueRequired":true,"valueName":"search_term_string"}}],"inLanguage":"pt-BR"},{"@type":"Organization","@id":"https:\/\/glovesup.com.br\/#organization","name":"GLOVESUP","url":"https:\/\/glovesup.com.br\/","logo":{"@type":"ImageObject","inLanguage":"pt-BR","@id":"https:\/\/glovesup.com.br\/#\/schema\/logo\/image\/","url":"https:\/\/glovesup.com.br\/wp-content\/uploads\/2024\/05\/cropped-WhatsApp-Image-2024-05-12-at-21.29.57-2.jpeg","contentUrl":"https:\/\/glovesup.com.br\/wp-content\/uploads\/2024\/05\/cropped-WhatsApp-Image-2024-05-12-at-21.29.57-2.jpeg","width":55,"height":55,"caption":"GLOVESUP"},"image":{"@id":"https:\/\/glovesup.com.br\/#\/schema\/logo\/image\/"},"sameAs":["https:\/\/www.instagram.com\/glovesup.distribuidora\/"]}]}},"jetpack_sharing_enabled":true,"_links":{"self":[{"href":"https:\/\/glovesup.com.br\/index.php\/wp-json\/wp\/v2\/product\/1425","targetHints":{"allow":["GET"]}}],"collection":[{"href":"https:\/\/glovesup.com.br\/index.php\/wp-json\/wp\/v2\/product"}],"about":[{"href":"https:\/\/glovesup.com.br\/index.php\/wp-json\/wp\/v2\/types\/product"}],"replies":[{"embeddable":true,"href":"https:\/\/glovesup.com.br\/index.php\/wp-json\/wp\/v2\/comments?post=1425"}],"wp:featuredmedia":[{"embeddable":true,"href":"https:\/\/glovesup.com.br\/index.php\/wp-json\/wp\/v2\/media\/1428"}],"wp:attachment":[{"href":"https:\/\/glovesup.com.br\/index.php\/wp-json\/wp\/v2\/media?parent=1425"}],"wp:term":[{"taxonomy":"product_brand","embeddable":true,"href":"https:\/\/glovesup.com.br\/index.php\/wp-json\/wp\/v2\/product_brand?post=1425"},{"taxonomy":"product_cat","embeddable":true,"href":"https:\/\/glovesup.com.br\/index.php\/wp-json\/wp\/v2\/product_cat?post=1425"},{"taxonomy":"product_tag","embeddable":true,"href":"https:\/\/glovesup.com.br\/index.php\/wp-json\/wp\/v2\/product_tag?post=1425"}],"curies":[{"name":"wp","href":"https:\/\/api.w.org\/{rel}","templated":true}]}}