{"id":1328,"date":"2024-11-19T12:31:52","date_gmt":"2024-11-19T15:31:52","guid":{"rendered":"https:\/\/glovesup.com.br\/?post_type=product&#038;p=1328"},"modified":"2025-10-07T09:32:26","modified_gmt":"2025-10-07T12:32:26","slug":"palito-bambu-p-unhas-pontiagudo-chanfrado-14cm-c-100-unid-inoven","status":"publish","type":"product","link":"https:\/\/glovesup.com.br\/index.php\/produto\/palito-bambu-p-unhas-pontiagudo-chanfrado-14cm-c-100-unid-inoven\/","title":{"rendered":"Palito Bambu P\/ Unhas Pontiagudo\/Chanfrado 14cm C\/ 100 Unid Inoven"},"content":{"rendered":"<p>Marca: INOVEN<br \/>\nPacote com 100 Unidades<br \/>\num lado pontiagudo<br \/>\num lado chanfrado<\/p>\n<p>Material : Madeira-Bambu<\/p>\n<p>Artigos pr\u00e1ticos e vers\u00e1teis, a Inoven Eco oferece o que h\u00e1 de melhor em bambu proveniente de pa\u00edses asi\u00e1ticos.<\/p>\n<p>Diferenciais do produto:<br \/>\nVers\u00e1teis;<br \/>\nF\u00e1ceis de usar;<br \/>\nBiodegrad\u00e1veis;<br \/>\nN\u00e3o soltam farpas;<br \/>\nResistentes ao calor;<br \/>\nExtremamente firmes e resistentes.<\/p>\n","protected":false},"excerpt":{"rendered":"<p>100 unds por pct<\/p>\n","protected":false},"featured_media":1329,"comment_status":"open","ping_status":"closed","template":"","meta":{"_joinchat":[]},"product_brand":[],"product_cat":[83,76],"product_tag":[],"class_list":{"0":"post-1328","1":"product","2":"type-product","3":"status-publish","4":"has-post-thumbnail","6":"product_cat-acessorios-descartaveis-2","7":"product_cat-inoven","9":"first","10":"instock","11":"shipping-taxable","12":"purchasable","13":"product-type-simple"},"yoast_head":"<!-- This site is optimized with the Yoast SEO plugin v24.3 - https:\/\/yoast.com\/wordpress\/plugins\/seo\/ -->\n<title>Palito Bambu P\/ Unhas Pontiagudo\/Chanfrado 14cm C\/ 100 Unid Inoven - GLOVES&#039;UP<\/title>\n<meta name=\"robots\" content=\"index, follow, max-snippet:-1, max-image-preview:large, max-video-preview:-1\" \/>\n<link rel=\"canonical\" href=\"https:\/\/glovesup.com.br\/index.php\/produto\/palito-bambu-p-unhas-pontiagudo-chanfrado-14cm-c-100-unid-inoven\/\" \/>\n<meta property=\"og:locale\" content=\"pt_BR\" \/>\n<meta property=\"og:type\" content=\"article\" \/>\n<meta property=\"og:title\" content=\"Palito Bambu P\/ Unhas Pontiagudo\/Chanfrado 14cm C\/ 100 Unid Inoven - GLOVES&#039;UP\" \/>\n<meta property=\"og:description\" content=\"100 unds por pct\" \/>\n<meta property=\"og:url\" content=\"https:\/\/glovesup.com.br\/index.php\/produto\/palito-bambu-p-unhas-pontiagudo-chanfrado-14cm-c-100-unid-inoven\/\" \/>\n<meta property=\"og:site_name\" content=\"GLOVES&#039;UP\" \/>\n<meta property=\"article:modified_time\" content=\"2025-10-07T12:32:26+00:00\" \/>\n<meta property=\"og:image\" content=\"https:\/\/glovesup.com.br\/wp-content\/uploads\/2024\/11\/Chanfrado.png\" \/>\n\t<meta property=\"og:image:width\" content=\"257\" \/>\n\t<meta property=\"og:image:height\" content=\"292\" \/>\n\t<meta property=\"og:image:type\" content=\"image\/png\" \/>\n<meta name=\"twitter:card\" content=\"summary_large_image\" \/>\n<meta name=\"twitter:label1\" content=\"Est. tempo de leitura\" \/>\n\t<meta name=\"twitter:data1\" content=\"1 minuto\" \/>\n<script type=\"application\/ld+json\" class=\"yoast-schema-graph\">{\"@context\":\"https:\/\/schema.org\",\"@graph\":[{\"@type\":\"WebPage\",\"@id\":\"https:\/\/glovesup.com.br\/index.php\/produto\/palito-bambu-p-unhas-pontiagudo-chanfrado-14cm-c-100-unid-inoven\/\",\"url\":\"https:\/\/glovesup.com.br\/index.php\/produto\/palito-bambu-p-unhas-pontiagudo-chanfrado-14cm-c-100-unid-inoven\/\",\"name\":\"Palito Bambu P\/ Unhas Pontiagudo\/Chanfrado 14cm C\/ 100 Unid Inoven - GLOVES&#039;UP\",\"isPartOf\":{\"@id\":\"https:\/\/glovesup.com.br\/#website\"},\"primaryImageOfPage\":{\"@id\":\"https:\/\/glovesup.com.br\/index.php\/produto\/palito-bambu-p-unhas-pontiagudo-chanfrado-14cm-c-100-unid-inoven\/#primaryimage\"},\"image\":{\"@id\":\"https:\/\/glovesup.com.br\/index.php\/produto\/palito-bambu-p-unhas-pontiagudo-chanfrado-14cm-c-100-unid-inoven\/#primaryimage\"},\"thumbnailUrl\":\"https:\/\/glovesup.com.br\/wp-content\/uploads\/2024\/11\/Chanfrado.png\",\"datePublished\":\"2024-11-19T15:31:52+00:00\",\"dateModified\":\"2025-10-07T12:32:26+00:00\",\"breadcrumb\":{\"@id\":\"https:\/\/glovesup.com.br\/index.php\/produto\/palito-bambu-p-unhas-pontiagudo-chanfrado-14cm-c-100-unid-inoven\/#breadcrumb\"},\"inLanguage\":\"pt-BR\",\"potentialAction\":[{\"@type\":\"ReadAction\",\"target\":[\"https:\/\/glovesup.com.br\/index.php\/produto\/palito-bambu-p-unhas-pontiagudo-chanfrado-14cm-c-100-unid-inoven\/\"]}]},{\"@type\":\"ImageObject\",\"inLanguage\":\"pt-BR\",\"@id\":\"https:\/\/glovesup.com.br\/index.php\/produto\/palito-bambu-p-unhas-pontiagudo-chanfrado-14cm-c-100-unid-inoven\/#primaryimage\",\"url\":\"https:\/\/glovesup.com.br\/wp-content\/uploads\/2024\/11\/Chanfrado.png\",\"contentUrl\":\"https:\/\/glovesup.com.br\/wp-content\/uploads\/2024\/11\/Chanfrado.png\",\"width\":257,\"height\":292},{\"@type\":\"BreadcrumbList\",\"@id\":\"https:\/\/glovesup.com.br\/index.php\/produto\/palito-bambu-p-unhas-pontiagudo-chanfrado-14cm-c-100-unid-inoven\/#breadcrumb\",\"itemListElement\":[{\"@type\":\"ListItem\",\"position\":1,\"name\":\"In\u00edcio\",\"item\":\"https:\/\/glovesup.com.br\/\"},{\"@type\":\"ListItem\",\"position\":2,\"name\":\"LOJA\",\"item\":\"https:\/\/glovesup.com.br\/\"},{\"@type\":\"ListItem\",\"position\":3,\"name\":\"Palito Bambu P\/ Unhas Pontiagudo\/Chanfrado 14cm C\/ 100 Unid Inoven\"}]},{\"@type\":\"WebSite\",\"@id\":\"https:\/\/glovesup.com.br\/#website\",\"url\":\"https:\/\/glovesup.com.br\/\",\"name\":\"Gloves\\\"UP_Conhe\u00e7a Nossos Produto!\",\"description\":\"As Melhores Marcas de Luvas do Mercado para Voc\u00ea! QUALIDADE\/CUSTO BENEF\u00cdCIO S\u00d3 AQUI!!\",\"publisher\":{\"@id\":\"https:\/\/glovesup.com.br\/#organization\"},\"alternateName\":\"Gloves\\\"UP_Conhe\u00e7a Nossos Produto!\",\"potentialAction\":[{\"@type\":\"SearchAction\",\"target\":{\"@type\":\"EntryPoint\",\"urlTemplate\":\"https:\/\/glovesup.com.br\/?s={search_term_string}\"},\"query-input\":{\"@type\":\"PropertyValueSpecification\",\"valueRequired\":true,\"valueName\":\"search_term_string\"}}],\"inLanguage\":\"pt-BR\"},{\"@type\":\"Organization\",\"@id\":\"https:\/\/glovesup.com.br\/#organization\",\"name\":\"GLOVESUP\",\"url\":\"https:\/\/glovesup.com.br\/\",\"logo\":{\"@type\":\"ImageObject\",\"inLanguage\":\"pt-BR\",\"@id\":\"https:\/\/glovesup.com.br\/#\/schema\/logo\/image\/\",\"url\":\"https:\/\/glovesup.com.br\/wp-content\/uploads\/2024\/05\/cropped-WhatsApp-Image-2024-05-12-at-21.29.57-2.jpeg\",\"contentUrl\":\"https:\/\/glovesup.com.br\/wp-content\/uploads\/2024\/05\/cropped-WhatsApp-Image-2024-05-12-at-21.29.57-2.jpeg\",\"width\":55,\"height\":55,\"caption\":\"GLOVESUP\"},\"image\":{\"@id\":\"https:\/\/glovesup.com.br\/#\/schema\/logo\/image\/\"},\"sameAs\":[\"https:\/\/www.instagram.com\/glovesup.distribuidora\/\"]}]}<\/script>\n<!-- \/ Yoast SEO plugin. -->","yoast_head_json":{"title":"Palito Bambu P\/ Unhas Pontiagudo\/Chanfrado 14cm C\/ 100 Unid Inoven - GLOVES&#039;UP","robots":{"index":"index","follow":"follow","max-snippet":"max-snippet:-1","max-image-preview":"max-image-preview:large","max-video-preview":"max-video-preview:-1"},"canonical":"https:\/\/glovesup.com.br\/index.php\/produto\/palito-bambu-p-unhas-pontiagudo-chanfrado-14cm-c-100-unid-inoven\/","og_locale":"pt_BR","og_type":"article","og_title":"Palito Bambu P\/ Unhas Pontiagudo\/Chanfrado 14cm C\/ 100 Unid Inoven - GLOVES&#039;UP","og_description":"100 unds por pct","og_url":"https:\/\/glovesup.com.br\/index.php\/produto\/palito-bambu-p-unhas-pontiagudo-chanfrado-14cm-c-100-unid-inoven\/","og_site_name":"GLOVES&#039;UP","article_modified_time":"2025-10-07T12:32:26+00:00","og_image":[{"width":257,"height":292,"url":"https:\/\/glovesup.com.br\/wp-content\/uploads\/2024\/11\/Chanfrado.png","type":"image\/png"}],"twitter_card":"summary_large_image","twitter_misc":{"Est. tempo de leitura":"1 minuto"},"schema":{"@context":"https:\/\/schema.org","@graph":[{"@type":"WebPage","@id":"https:\/\/glovesup.com.br\/index.php\/produto\/palito-bambu-p-unhas-pontiagudo-chanfrado-14cm-c-100-unid-inoven\/","url":"https:\/\/glovesup.com.br\/index.php\/produto\/palito-bambu-p-unhas-pontiagudo-chanfrado-14cm-c-100-unid-inoven\/","name":"Palito Bambu P\/ Unhas Pontiagudo\/Chanfrado 14cm C\/ 100 Unid Inoven - GLOVES&#039;UP","isPartOf":{"@id":"https:\/\/glovesup.com.br\/#website"},"primaryImageOfPage":{"@id":"https:\/\/glovesup.com.br\/index.php\/produto\/palito-bambu-p-unhas-pontiagudo-chanfrado-14cm-c-100-unid-inoven\/#primaryimage"},"image":{"@id":"https:\/\/glovesup.com.br\/index.php\/produto\/palito-bambu-p-unhas-pontiagudo-chanfrado-14cm-c-100-unid-inoven\/#primaryimage"},"thumbnailUrl":"https:\/\/glovesup.com.br\/wp-content\/uploads\/2024\/11\/Chanfrado.png","datePublished":"2024-11-19T15:31:52+00:00","dateModified":"2025-10-07T12:32:26+00:00","breadcrumb":{"@id":"https:\/\/glovesup.com.br\/index.php\/produto\/palito-bambu-p-unhas-pontiagudo-chanfrado-14cm-c-100-unid-inoven\/#breadcrumb"},"inLanguage":"pt-BR","potentialAction":[{"@type":"ReadAction","target":["https:\/\/glovesup.com.br\/index.php\/produto\/palito-bambu-p-unhas-pontiagudo-chanfrado-14cm-c-100-unid-inoven\/"]}]},{"@type":"ImageObject","inLanguage":"pt-BR","@id":"https:\/\/glovesup.com.br\/index.php\/produto\/palito-bambu-p-unhas-pontiagudo-chanfrado-14cm-c-100-unid-inoven\/#primaryimage","url":"https:\/\/glovesup.com.br\/wp-content\/uploads\/2024\/11\/Chanfrado.png","contentUrl":"https:\/\/glovesup.com.br\/wp-content\/uploads\/2024\/11\/Chanfrado.png","width":257,"height":292},{"@type":"BreadcrumbList","@id":"https:\/\/glovesup.com.br\/index.php\/produto\/palito-bambu-p-unhas-pontiagudo-chanfrado-14cm-c-100-unid-inoven\/#breadcrumb","itemListElement":[{"@type":"ListItem","position":1,"name":"In\u00edcio","item":"https:\/\/glovesup.com.br\/"},{"@type":"ListItem","position":2,"name":"LOJA","item":"https:\/\/glovesup.com.br\/"},{"@type":"ListItem","position":3,"name":"Palito Bambu P\/ Unhas Pontiagudo\/Chanfrado 14cm C\/ 100 Unid Inoven"}]},{"@type":"WebSite","@id":"https:\/\/glovesup.com.br\/#website","url":"https:\/\/glovesup.com.br\/","name":"Gloves\"UP_Conhe\u00e7a Nossos Produto!","description":"As Melhores Marcas de Luvas do Mercado para Voc\u00ea! QUALIDADE\/CUSTO BENEF\u00cdCIO S\u00d3 AQUI!!","publisher":{"@id":"https:\/\/glovesup.com.br\/#organization"},"alternateName":"Gloves\"UP_Conhe\u00e7a Nossos Produto!","potentialAction":[{"@type":"SearchAction","target":{"@type":"EntryPoint","urlTemplate":"https:\/\/glovesup.com.br\/?s={search_term_string}"},"query-input":{"@type":"PropertyValueSpecification","valueRequired":true,"valueName":"search_term_string"}}],"inLanguage":"pt-BR"},{"@type":"Organization","@id":"https:\/\/glovesup.com.br\/#organization","name":"GLOVESUP","url":"https:\/\/glovesup.com.br\/","logo":{"@type":"ImageObject","inLanguage":"pt-BR","@id":"https:\/\/glovesup.com.br\/#\/schema\/logo\/image\/","url":"https:\/\/glovesup.com.br\/wp-content\/uploads\/2024\/05\/cropped-WhatsApp-Image-2024-05-12-at-21.29.57-2.jpeg","contentUrl":"https:\/\/glovesup.com.br\/wp-content\/uploads\/2024\/05\/cropped-WhatsApp-Image-2024-05-12-at-21.29.57-2.jpeg","width":55,"height":55,"caption":"GLOVESUP"},"image":{"@id":"https:\/\/glovesup.com.br\/#\/schema\/logo\/image\/"},"sameAs":["https:\/\/www.instagram.com\/glovesup.distribuidora\/"]}]}},"jetpack_sharing_enabled":true,"_links":{"self":[{"href":"https:\/\/glovesup.com.br\/index.php\/wp-json\/wp\/v2\/product\/1328","targetHints":{"allow":["GET"]}}],"collection":[{"href":"https:\/\/glovesup.com.br\/index.php\/wp-json\/wp\/v2\/product"}],"about":[{"href":"https:\/\/glovesup.com.br\/index.php\/wp-json\/wp\/v2\/types\/product"}],"replies":[{"embeddable":true,"href":"https:\/\/glovesup.com.br\/index.php\/wp-json\/wp\/v2\/comments?post=1328"}],"wp:featuredmedia":[{"embeddable":true,"href":"https:\/\/glovesup.com.br\/index.php\/wp-json\/wp\/v2\/media\/1329"}],"wp:attachment":[{"href":"https:\/\/glovesup.com.br\/index.php\/wp-json\/wp\/v2\/media?parent=1328"}],"wp:term":[{"taxonomy":"product_brand","embeddable":true,"href":"https:\/\/glovesup.com.br\/index.php\/wp-json\/wp\/v2\/product_brand?post=1328"},{"taxonomy":"product_cat","embeddable":true,"href":"https:\/\/glovesup.com.br\/index.php\/wp-json\/wp\/v2\/product_cat?post=1328"},{"taxonomy":"product_tag","embeddable":true,"href":"https:\/\/glovesup.com.br\/index.php\/wp-json\/wp\/v2\/product_tag?post=1328"}],"curies":[{"name":"wp","href":"https:\/\/api.w.org\/{rel}","templated":true}]}}