{"id":1283,"date":"2024-10-16T15:29:08","date_gmt":"2024-10-16T18:29:08","guid":{"rendered":"https:\/\/glovesup.com.br\/?post_type=product&#038;p=1283"},"modified":"2026-01-22T18:24:32","modified_gmt":"2026-01-22T21:24:32","slug":"aparelho-de-barbear-bic-sensitive-shaver-cartela-12x2-unidades","status":"publish","type":"product","link":"https:\/\/glovesup.com.br\/index.php\/produto\/aparelho-de-barbear-bic-sensitive-shaver-cartela-12x2-unidades\/","title":{"rendered":"Aparelho de Barbear Bic Sensitive Shaver &#8211;  Leve Mais Pague Menos! (LEVE 15 Pague 12!)"},"content":{"rendered":"<p>Barbeador descart\u00e1vel \u00e9 ideal para remover cabelos faciais mas tamb\u00e9m protegendo a pele sens\u00edvel, com uma \u00fanica l\u00e2mina para um barbear mais simples e f\u00e1cil<\/p>\n<p>Possui cabo antideslizante, fazendo com que fique mais ergon\u00f4mico e f\u00e1cil de usar.<\/p>\n<p>Sendo assim, barbeador d\u00e1 mais seguran\u00e7a e firmeza para o cliente do que uma navalha.<\/p>\n<p>Caracter\u00edsticas barbeador descart\u00e1vel:<\/p>\n<p>Cabo antideslizante;<\/p>\n<p>F\u00e1cil manuseio;<\/p>\n<p>Reutiliz\u00e1vel;<\/p>\n<p>Barbear simples e f\u00e1cil.<\/p>\n<p>Vantagens:<\/p>\n<p>Lamina revestida de cromo;<\/p>\n<p>Ideal para peles sens\u00edveis;<\/p>\n<p>Oferece um barbear rente e confort\u00e1vel.<\/p>\n","protected":false},"excerpt":{"rendered":"<p>Barbeador descart\u00e1vel \u00e9 ideal para remover cabelos faciais mas tamb\u00e9m protegendo a pele sens\u00edvel, com uma \u00fanica l\u00e2mina para um barbear mais simples e f\u00e1cil Possui cabo antideslizante, fazendo com que fique mais ergon\u00f4mico e f\u00e1cil de usar. Sendo assim, barbeador d\u00e1<\/p>\n<p class=\"link-more\"><a class=\"myButt \" href=\"https:\/\/glovesup.com.br\/index.php\/produto\/aparelho-de-barbear-bic-sensitive-shaver-cartela-12x2-unidades\/\">Read More<\/a><\/p>\n","protected":false},"featured_media":1492,"comment_status":"open","ping_status":"closed","template":"","meta":{"_joinchat":[]},"product_brand":[],"product_cat":[83,91],"product_tag":[],"class_list":{"0":"post-1283","1":"product","2":"type-product","3":"status-publish","4":"has-post-thumbnail","6":"product_cat-acessorios-descartaveis-2","7":"product_cat-kits","9":"first","10":"instock","11":"shipping-taxable","12":"purchasable","13":"product-type-simple"},"yoast_head":"<!-- This site is optimized with the Yoast SEO plugin v24.3 - https:\/\/yoast.com\/wordpress\/plugins\/seo\/ -->\n<title>Aparelho de Barbear Bic Sensitive Shaver - Leve Mais Pague Menos! (LEVE 15 Pague 12!) - GLOVES&#039;UP<\/title>\n<meta name=\"robots\" content=\"index, follow, max-snippet:-1, max-image-preview:large, max-video-preview:-1\" \/>\n<link rel=\"canonical\" href=\"https:\/\/glovesup.com.br\/index.php\/produto\/aparelho-de-barbear-bic-sensitive-shaver-cartela-12x2-unidades\/\" \/>\n<meta property=\"og:locale\" content=\"pt_BR\" \/>\n<meta property=\"og:type\" content=\"article\" \/>\n<meta property=\"og:title\" content=\"Aparelho de Barbear Bic Sensitive Shaver - Leve Mais Pague Menos! (LEVE 15 Pague 12!) - GLOVES&#039;UP\" \/>\n<meta property=\"og:description\" content=\"Barbeador descart\u00e1vel \u00e9 ideal para remover cabelos faciais mas tamb\u00e9m protegendo a pele sens\u00edvel, com uma \u00fanica l\u00e2mina para um barbear mais simples e f\u00e1cil Possui cabo antideslizante, fazendo com que fique mais ergon\u00f4mico e f\u00e1cil de usar. Sendo assim, barbeador d\u00e1Read More\" \/>\n<meta property=\"og:url\" content=\"https:\/\/glovesup.com.br\/index.php\/produto\/aparelho-de-barbear-bic-sensitive-shaver-cartela-12x2-unidades\/\" \/>\n<meta property=\"og:site_name\" content=\"GLOVES&#039;UP\" \/>\n<meta property=\"article:modified_time\" content=\"2026-01-22T21:24:32+00:00\" \/>\n<meta property=\"og:image\" content=\"https:\/\/glovesup.com.br\/wp-content\/uploads\/2024\/10\/shaver-2.png\" \/>\n\t<meta property=\"og:image:width\" content=\"222\" \/>\n\t<meta property=\"og:image:height\" content=\"412\" \/>\n\t<meta property=\"og:image:type\" content=\"image\/png\" \/>\n<meta name=\"twitter:card\" content=\"summary_large_image\" \/>\n<meta name=\"twitter:label1\" content=\"Est. tempo de leitura\" \/>\n\t<meta name=\"twitter:data1\" content=\"1 minuto\" \/>\n<script type=\"application\/ld+json\" class=\"yoast-schema-graph\">{\"@context\":\"https:\/\/schema.org\",\"@graph\":[{\"@type\":\"WebPage\",\"@id\":\"https:\/\/glovesup.com.br\/index.php\/produto\/aparelho-de-barbear-bic-sensitive-shaver-cartela-12x2-unidades\/\",\"url\":\"https:\/\/glovesup.com.br\/index.php\/produto\/aparelho-de-barbear-bic-sensitive-shaver-cartela-12x2-unidades\/\",\"name\":\"Aparelho de Barbear Bic Sensitive Shaver - Leve Mais Pague Menos! (LEVE 15 Pague 12!) - GLOVES&#039;UP\",\"isPartOf\":{\"@id\":\"https:\/\/glovesup.com.br\/#website\"},\"primaryImageOfPage\":{\"@id\":\"https:\/\/glovesup.com.br\/index.php\/produto\/aparelho-de-barbear-bic-sensitive-shaver-cartela-12x2-unidades\/#primaryimage\"},\"image\":{\"@id\":\"https:\/\/glovesup.com.br\/index.php\/produto\/aparelho-de-barbear-bic-sensitive-shaver-cartela-12x2-unidades\/#primaryimage\"},\"thumbnailUrl\":\"https:\/\/glovesup.com.br\/wp-content\/uploads\/2024\/10\/shaver-2.png\",\"datePublished\":\"2024-10-16T18:29:08+00:00\",\"dateModified\":\"2026-01-22T21:24:32+00:00\",\"breadcrumb\":{\"@id\":\"https:\/\/glovesup.com.br\/index.php\/produto\/aparelho-de-barbear-bic-sensitive-shaver-cartela-12x2-unidades\/#breadcrumb\"},\"inLanguage\":\"pt-BR\",\"potentialAction\":[{\"@type\":\"ReadAction\",\"target\":[\"https:\/\/glovesup.com.br\/index.php\/produto\/aparelho-de-barbear-bic-sensitive-shaver-cartela-12x2-unidades\/\"]}]},{\"@type\":\"ImageObject\",\"inLanguage\":\"pt-BR\",\"@id\":\"https:\/\/glovesup.com.br\/index.php\/produto\/aparelho-de-barbear-bic-sensitive-shaver-cartela-12x2-unidades\/#primaryimage\",\"url\":\"https:\/\/glovesup.com.br\/wp-content\/uploads\/2024\/10\/shaver-2.png\",\"contentUrl\":\"https:\/\/glovesup.com.br\/wp-content\/uploads\/2024\/10\/shaver-2.png\",\"width\":222,\"height\":412},{\"@type\":\"BreadcrumbList\",\"@id\":\"https:\/\/glovesup.com.br\/index.php\/produto\/aparelho-de-barbear-bic-sensitive-shaver-cartela-12x2-unidades\/#breadcrumb\",\"itemListElement\":[{\"@type\":\"ListItem\",\"position\":1,\"name\":\"In\u00edcio\",\"item\":\"https:\/\/glovesup.com.br\/\"},{\"@type\":\"ListItem\",\"position\":2,\"name\":\"LOJA\",\"item\":\"https:\/\/glovesup.com.br\/\"},{\"@type\":\"ListItem\",\"position\":3,\"name\":\"Aparelho de Barbear Bic Sensitive Shaver &#8211; Leve Mais Pague Menos! (LEVE 15 Pague 12!)\"}]},{\"@type\":\"WebSite\",\"@id\":\"https:\/\/glovesup.com.br\/#website\",\"url\":\"https:\/\/glovesup.com.br\/\",\"name\":\"Gloves\\\"UP_Conhe\u00e7a Nossos Produto!\",\"description\":\"As Melhores Marcas de Luvas do Mercado para Voc\u00ea! QUALIDADE\/CUSTO BENEF\u00cdCIO S\u00d3 AQUI!!\",\"publisher\":{\"@id\":\"https:\/\/glovesup.com.br\/#organization\"},\"alternateName\":\"Gloves\\\"UP_Conhe\u00e7a Nossos Produto!\",\"potentialAction\":[{\"@type\":\"SearchAction\",\"target\":{\"@type\":\"EntryPoint\",\"urlTemplate\":\"https:\/\/glovesup.com.br\/?s={search_term_string}\"},\"query-input\":{\"@type\":\"PropertyValueSpecification\",\"valueRequired\":true,\"valueName\":\"search_term_string\"}}],\"inLanguage\":\"pt-BR\"},{\"@type\":\"Organization\",\"@id\":\"https:\/\/glovesup.com.br\/#organization\",\"name\":\"GLOVESUP\",\"url\":\"https:\/\/glovesup.com.br\/\",\"logo\":{\"@type\":\"ImageObject\",\"inLanguage\":\"pt-BR\",\"@id\":\"https:\/\/glovesup.com.br\/#\/schema\/logo\/image\/\",\"url\":\"https:\/\/glovesup.com.br\/wp-content\/uploads\/2024\/05\/cropped-WhatsApp-Image-2024-05-12-at-21.29.57-2.jpeg\",\"contentUrl\":\"https:\/\/glovesup.com.br\/wp-content\/uploads\/2024\/05\/cropped-WhatsApp-Image-2024-05-12-at-21.29.57-2.jpeg\",\"width\":55,\"height\":55,\"caption\":\"GLOVESUP\"},\"image\":{\"@id\":\"https:\/\/glovesup.com.br\/#\/schema\/logo\/image\/\"},\"sameAs\":[\"https:\/\/www.instagram.com\/glovesup.distribuidora\/\"]}]}<\/script>\n<!-- \/ Yoast SEO plugin. -->","yoast_head_json":{"title":"Aparelho de Barbear Bic Sensitive Shaver - Leve Mais Pague Menos! (LEVE 15 Pague 12!) - GLOVES&#039;UP","robots":{"index":"index","follow":"follow","max-snippet":"max-snippet:-1","max-image-preview":"max-image-preview:large","max-video-preview":"max-video-preview:-1"},"canonical":"https:\/\/glovesup.com.br\/index.php\/produto\/aparelho-de-barbear-bic-sensitive-shaver-cartela-12x2-unidades\/","og_locale":"pt_BR","og_type":"article","og_title":"Aparelho de Barbear Bic Sensitive Shaver - Leve Mais Pague Menos! (LEVE 15 Pague 12!) - GLOVES&#039;UP","og_description":"Barbeador descart\u00e1vel \u00e9 ideal para remover cabelos faciais mas tamb\u00e9m protegendo a pele sens\u00edvel, com uma \u00fanica l\u00e2mina para um barbear mais simples e f\u00e1cil Possui cabo antideslizante, fazendo com que fique mais ergon\u00f4mico e f\u00e1cil de usar. Sendo assim, barbeador d\u00e1Read More","og_url":"https:\/\/glovesup.com.br\/index.php\/produto\/aparelho-de-barbear-bic-sensitive-shaver-cartela-12x2-unidades\/","og_site_name":"GLOVES&#039;UP","article_modified_time":"2026-01-22T21:24:32+00:00","og_image":[{"width":222,"height":412,"url":"https:\/\/glovesup.com.br\/wp-content\/uploads\/2024\/10\/shaver-2.png","type":"image\/png"}],"twitter_card":"summary_large_image","twitter_misc":{"Est. tempo de leitura":"1 minuto"},"schema":{"@context":"https:\/\/schema.org","@graph":[{"@type":"WebPage","@id":"https:\/\/glovesup.com.br\/index.php\/produto\/aparelho-de-barbear-bic-sensitive-shaver-cartela-12x2-unidades\/","url":"https:\/\/glovesup.com.br\/index.php\/produto\/aparelho-de-barbear-bic-sensitive-shaver-cartela-12x2-unidades\/","name":"Aparelho de Barbear Bic Sensitive Shaver - Leve Mais Pague Menos! (LEVE 15 Pague 12!) - GLOVES&#039;UP","isPartOf":{"@id":"https:\/\/glovesup.com.br\/#website"},"primaryImageOfPage":{"@id":"https:\/\/glovesup.com.br\/index.php\/produto\/aparelho-de-barbear-bic-sensitive-shaver-cartela-12x2-unidades\/#primaryimage"},"image":{"@id":"https:\/\/glovesup.com.br\/index.php\/produto\/aparelho-de-barbear-bic-sensitive-shaver-cartela-12x2-unidades\/#primaryimage"},"thumbnailUrl":"https:\/\/glovesup.com.br\/wp-content\/uploads\/2024\/10\/shaver-2.png","datePublished":"2024-10-16T18:29:08+00:00","dateModified":"2026-01-22T21:24:32+00:00","breadcrumb":{"@id":"https:\/\/glovesup.com.br\/index.php\/produto\/aparelho-de-barbear-bic-sensitive-shaver-cartela-12x2-unidades\/#breadcrumb"},"inLanguage":"pt-BR","potentialAction":[{"@type":"ReadAction","target":["https:\/\/glovesup.com.br\/index.php\/produto\/aparelho-de-barbear-bic-sensitive-shaver-cartela-12x2-unidades\/"]}]},{"@type":"ImageObject","inLanguage":"pt-BR","@id":"https:\/\/glovesup.com.br\/index.php\/produto\/aparelho-de-barbear-bic-sensitive-shaver-cartela-12x2-unidades\/#primaryimage","url":"https:\/\/glovesup.com.br\/wp-content\/uploads\/2024\/10\/shaver-2.png","contentUrl":"https:\/\/glovesup.com.br\/wp-content\/uploads\/2024\/10\/shaver-2.png","width":222,"height":412},{"@type":"BreadcrumbList","@id":"https:\/\/glovesup.com.br\/index.php\/produto\/aparelho-de-barbear-bic-sensitive-shaver-cartela-12x2-unidades\/#breadcrumb","itemListElement":[{"@type":"ListItem","position":1,"name":"In\u00edcio","item":"https:\/\/glovesup.com.br\/"},{"@type":"ListItem","position":2,"name":"LOJA","item":"https:\/\/glovesup.com.br\/"},{"@type":"ListItem","position":3,"name":"Aparelho de Barbear Bic Sensitive Shaver &#8211; Leve Mais Pague Menos! (LEVE 15 Pague 12!)"}]},{"@type":"WebSite","@id":"https:\/\/glovesup.com.br\/#website","url":"https:\/\/glovesup.com.br\/","name":"Gloves\"UP_Conhe\u00e7a Nossos Produto!","description":"As Melhores Marcas de Luvas do Mercado para Voc\u00ea! QUALIDADE\/CUSTO BENEF\u00cdCIO S\u00d3 AQUI!!","publisher":{"@id":"https:\/\/glovesup.com.br\/#organization"},"alternateName":"Gloves\"UP_Conhe\u00e7a Nossos Produto!","potentialAction":[{"@type":"SearchAction","target":{"@type":"EntryPoint","urlTemplate":"https:\/\/glovesup.com.br\/?s={search_term_string}"},"query-input":{"@type":"PropertyValueSpecification","valueRequired":true,"valueName":"search_term_string"}}],"inLanguage":"pt-BR"},{"@type":"Organization","@id":"https:\/\/glovesup.com.br\/#organization","name":"GLOVESUP","url":"https:\/\/glovesup.com.br\/","logo":{"@type":"ImageObject","inLanguage":"pt-BR","@id":"https:\/\/glovesup.com.br\/#\/schema\/logo\/image\/","url":"https:\/\/glovesup.com.br\/wp-content\/uploads\/2024\/05\/cropped-WhatsApp-Image-2024-05-12-at-21.29.57-2.jpeg","contentUrl":"https:\/\/glovesup.com.br\/wp-content\/uploads\/2024\/05\/cropped-WhatsApp-Image-2024-05-12-at-21.29.57-2.jpeg","width":55,"height":55,"caption":"GLOVESUP"},"image":{"@id":"https:\/\/glovesup.com.br\/#\/schema\/logo\/image\/"},"sameAs":["https:\/\/www.instagram.com\/glovesup.distribuidora\/"]}]}},"jetpack_sharing_enabled":true,"_links":{"self":[{"href":"https:\/\/glovesup.com.br\/index.php\/wp-json\/wp\/v2\/product\/1283","targetHints":{"allow":["GET"]}}],"collection":[{"href":"https:\/\/glovesup.com.br\/index.php\/wp-json\/wp\/v2\/product"}],"about":[{"href":"https:\/\/glovesup.com.br\/index.php\/wp-json\/wp\/v2\/types\/product"}],"replies":[{"embeddable":true,"href":"https:\/\/glovesup.com.br\/index.php\/wp-json\/wp\/v2\/comments?post=1283"}],"wp:featuredmedia":[{"embeddable":true,"href":"https:\/\/glovesup.com.br\/index.php\/wp-json\/wp\/v2\/media\/1492"}],"wp:attachment":[{"href":"https:\/\/glovesup.com.br\/index.php\/wp-json\/wp\/v2\/media?parent=1283"}],"wp:term":[{"taxonomy":"product_brand","embeddable":true,"href":"https:\/\/glovesup.com.br\/index.php\/wp-json\/wp\/v2\/product_brand?post=1283"},{"taxonomy":"product_cat","embeddable":true,"href":"https:\/\/glovesup.com.br\/index.php\/wp-json\/wp\/v2\/product_cat?post=1283"},{"taxonomy":"product_tag","embeddable":true,"href":"https:\/\/glovesup.com.br\/index.php\/wp-json\/wp\/v2\/product_tag?post=1283"}],"curies":[{"name":"wp","href":"https:\/\/api.w.org\/{rel}","templated":true}]}}