{"id":1259,"date":"2024-10-05T11:33:49","date_gmt":"2024-10-05T14:33:49","guid":{"rendered":"https:\/\/glovesup.com.br\/?post_type=product&#038;p=1259"},"modified":"2026-03-19T15:11:22","modified_gmt":"2026-03-19T18:11:22","slug":"inoven-latex-sem-po","status":"publish","type":"product","link":"https:\/\/glovesup.com.br\/index.php\/produto\/inoven-latex-sem-po\/","title":{"rendered":"INOVEN &#8211; L\u00c1TEX SEM P\u00d3"},"content":{"rendered":"<h2 class=\"ui-pdp-description__title\"><\/h2>\n<p class=\"ui-pdp-description__content\">As luvas descart\u00e1veis da Inovem s\u00e3o seguras para muitas aplica\u00e7\u00f5es: sa\u00fade, ind\u00fastria, manuseio de alimentos, limpeza e muito mais. Elas protegem suas m\u00e3os e permitem que voc\u00ea trabalhe com seguran\u00e7a. Al\u00e9m disso, previnem doen\u00e7as e protegem voc\u00ea do contato direto com todos os materiais nocivos.<\/p>\n<p>Luvas de l\u00e1tex descart\u00e1veis<br \/>\nAs luvas de l\u00e1tex s\u00e3o confort\u00e1veis de usar, higi\u00eanicas e oferecem um alto grau de flexibilidade e destreza. Elas tamb\u00e9m s\u00e3o uma barreira de seguran\u00e7a em rela\u00e7\u00e3o a certos produtos qu\u00edmicos, agentes c\u00e1usticos, detergentes ou res\u00edduos biol\u00f3gicos. S\u00e3o particularmente resistentes a serem perfuradas ou rasgadas em compara\u00e7\u00e3o com outros materiais como o vinil.<\/p>\n","protected":false},"excerpt":{"rendered":"<p>L\u00c1TEX SEM P\u00d3<\/p>\n","protected":false},"featured_media":1263,"comment_status":"open","ping_status":"closed","template":"","meta":{"_joinchat":[]},"product_brand":[],"product_cat":[76,92],"product_tag":[],"class_list":{"0":"post-1259","1":"product","2":"type-product","3":"status-publish","4":"has-post-thumbnail","6":"product_cat-inoven","7":"product_cat-inoven-latex-sem-po","9":"first","10":"instock","11":"shipping-taxable","12":"purchasable","13":"product-type-variable"},"yoast_head":"<!-- This site is optimized with the Yoast SEO plugin v24.3 - https:\/\/yoast.com\/wordpress\/plugins\/seo\/ -->\n<title>INOVEN - L\u00c1TEX SEM P\u00d3 - GLOVES&#039;UP<\/title>\n<meta name=\"description\" content=\"Luvas de l\u00e1tex descart\u00e1veisAs luvas de l\u00e1tex s\u00e3o confort\u00e1veis de usar, higi\u00eanicas e oferecem um alto grau de flexibilidade e destreza. Elas tamb\u00e9m s\u00e3o uma barreira de seguran\u00e7a em rela\u00e7\u00e3o a certos produtos qu\u00edmicos, agentes c\u00e1usticos, detergentes ou res\u00edduos biol\u00f3gicos. S\u00e3o particularmente resistentes a serem perfuradas ou rasgadas em compara\u00e7\u00e3o com outros materiais como o vinil.\" \/>\n<meta name=\"robots\" content=\"index, follow, max-snippet:-1, max-image-preview:large, max-video-preview:-1\" \/>\n<link rel=\"canonical\" href=\"https:\/\/glovesup.com.br\/index.php\/produto\/inoven-latex-sem-po\/\" \/>\n<meta property=\"og:locale\" content=\"pt_BR\" \/>\n<meta property=\"og:type\" content=\"article\" \/>\n<meta property=\"og:title\" content=\"INOVEN - L\u00c1TEX SEM P\u00d3 - GLOVES&#039;UP\" \/>\n<meta property=\"og:description\" content=\"Luvas de l\u00e1tex descart\u00e1veisAs luvas de l\u00e1tex s\u00e3o confort\u00e1veis de usar, higi\u00eanicas e oferecem um alto grau de flexibilidade e destreza. Elas tamb\u00e9m s\u00e3o uma barreira de seguran\u00e7a em rela\u00e7\u00e3o a certos produtos qu\u00edmicos, agentes c\u00e1usticos, detergentes ou res\u00edduos biol\u00f3gicos. S\u00e3o particularmente resistentes a serem perfuradas ou rasgadas em compara\u00e7\u00e3o com outros materiais como o vinil.\" \/>\n<meta property=\"og:url\" content=\"https:\/\/glovesup.com.br\/index.php\/produto\/inoven-latex-sem-po\/\" \/>\n<meta property=\"og:site_name\" content=\"GLOVES&#039;UP\" \/>\n<meta property=\"article:modified_time\" content=\"2026-03-19T18:11:22+00:00\" \/>\n<meta property=\"og:image\" content=\"https:\/\/glovesup.com.br\/wp-content\/uploads\/2024\/10\/Design-sem-nome-3.jpg\" \/>\n\t<meta property=\"og:image:width\" content=\"1080\" \/>\n\t<meta property=\"og:image:height\" content=\"1920\" \/>\n\t<meta property=\"og:image:type\" content=\"image\/jpeg\" \/>\n<meta name=\"twitter:card\" content=\"summary_large_image\" \/>\n<meta name=\"twitter:label1\" content=\"Est. tempo de leitura\" \/>\n\t<meta name=\"twitter:data1\" content=\"1 minuto\" \/>\n<script type=\"application\/ld+json\" class=\"yoast-schema-graph\">{\"@context\":\"https:\/\/schema.org\",\"@graph\":[{\"@type\":\"WebPage\",\"@id\":\"https:\/\/glovesup.com.br\/index.php\/produto\/inoven-latex-sem-po\/\",\"url\":\"https:\/\/glovesup.com.br\/index.php\/produto\/inoven-latex-sem-po\/\",\"name\":\"INOVEN - L\u00c1TEX SEM P\u00d3 - GLOVES&#039;UP\",\"isPartOf\":{\"@id\":\"https:\/\/glovesup.com.br\/#website\"},\"primaryImageOfPage\":{\"@id\":\"https:\/\/glovesup.com.br\/index.php\/produto\/inoven-latex-sem-po\/#primaryimage\"},\"image\":{\"@id\":\"https:\/\/glovesup.com.br\/index.php\/produto\/inoven-latex-sem-po\/#primaryimage\"},\"thumbnailUrl\":\"https:\/\/glovesup.com.br\/wp-content\/uploads\/2024\/10\/Design-sem-nome-3.jpg\",\"datePublished\":\"2024-10-05T14:33:49+00:00\",\"dateModified\":\"2026-03-19T18:11:22+00:00\",\"description\":\"Luvas de l\u00e1tex descart\u00e1veisAs luvas de l\u00e1tex s\u00e3o confort\u00e1veis de usar, higi\u00eanicas e oferecem um alto grau de flexibilidade e destreza. Elas tamb\u00e9m s\u00e3o uma barreira de seguran\u00e7a em rela\u00e7\u00e3o a certos produtos qu\u00edmicos, agentes c\u00e1usticos, detergentes ou res\u00edduos biol\u00f3gicos. S\u00e3o particularmente resistentes a serem perfuradas ou rasgadas em compara\u00e7\u00e3o com outros materiais como o vinil.\",\"breadcrumb\":{\"@id\":\"https:\/\/glovesup.com.br\/index.php\/produto\/inoven-latex-sem-po\/#breadcrumb\"},\"inLanguage\":\"pt-BR\",\"potentialAction\":[{\"@type\":\"ReadAction\",\"target\":[\"https:\/\/glovesup.com.br\/index.php\/produto\/inoven-latex-sem-po\/\"]}]},{\"@type\":\"ImageObject\",\"inLanguage\":\"pt-BR\",\"@id\":\"https:\/\/glovesup.com.br\/index.php\/produto\/inoven-latex-sem-po\/#primaryimage\",\"url\":\"https:\/\/glovesup.com.br\/wp-content\/uploads\/2024\/10\/Design-sem-nome-3.jpg\",\"contentUrl\":\"https:\/\/glovesup.com.br\/wp-content\/uploads\/2024\/10\/Design-sem-nome-3.jpg\",\"width\":1080,\"height\":1920},{\"@type\":\"BreadcrumbList\",\"@id\":\"https:\/\/glovesup.com.br\/index.php\/produto\/inoven-latex-sem-po\/#breadcrumb\",\"itemListElement\":[{\"@type\":\"ListItem\",\"position\":1,\"name\":\"In\u00edcio\",\"item\":\"https:\/\/glovesup.com.br\/\"},{\"@type\":\"ListItem\",\"position\":2,\"name\":\"LOJA\",\"item\":\"https:\/\/glovesup.com.br\/\"},{\"@type\":\"ListItem\",\"position\":3,\"name\":\"INOVEN &#8211; L\u00c1TEX SEM P\u00d3\"}]},{\"@type\":\"WebSite\",\"@id\":\"https:\/\/glovesup.com.br\/#website\",\"url\":\"https:\/\/glovesup.com.br\/\",\"name\":\"Gloves\\\"UP_Conhe\u00e7a Nossos Produto!\",\"description\":\"As Melhores Marcas de Luvas do Mercado para Voc\u00ea! QUALIDADE\/CUSTO BENEF\u00cdCIO S\u00d3 AQUI!!\",\"publisher\":{\"@id\":\"https:\/\/glovesup.com.br\/#organization\"},\"alternateName\":\"Gloves\\\"UP_Conhe\u00e7a Nossos Produto!\",\"potentialAction\":[{\"@type\":\"SearchAction\",\"target\":{\"@type\":\"EntryPoint\",\"urlTemplate\":\"https:\/\/glovesup.com.br\/?s={search_term_string}\"},\"query-input\":{\"@type\":\"PropertyValueSpecification\",\"valueRequired\":true,\"valueName\":\"search_term_string\"}}],\"inLanguage\":\"pt-BR\"},{\"@type\":\"Organization\",\"@id\":\"https:\/\/glovesup.com.br\/#organization\",\"name\":\"GLOVESUP\",\"url\":\"https:\/\/glovesup.com.br\/\",\"logo\":{\"@type\":\"ImageObject\",\"inLanguage\":\"pt-BR\",\"@id\":\"https:\/\/glovesup.com.br\/#\/schema\/logo\/image\/\",\"url\":\"https:\/\/glovesup.com.br\/wp-content\/uploads\/2024\/05\/cropped-WhatsApp-Image-2024-05-12-at-21.29.57-2.jpeg\",\"contentUrl\":\"https:\/\/glovesup.com.br\/wp-content\/uploads\/2024\/05\/cropped-WhatsApp-Image-2024-05-12-at-21.29.57-2.jpeg\",\"width\":55,\"height\":55,\"caption\":\"GLOVESUP\"},\"image\":{\"@id\":\"https:\/\/glovesup.com.br\/#\/schema\/logo\/image\/\"},\"sameAs\":[\"https:\/\/www.instagram.com\/glovesup.distribuidora\/\"]}]}<\/script>\n<!-- \/ Yoast SEO plugin. -->","yoast_head_json":{"title":"INOVEN - L\u00c1TEX SEM P\u00d3 - GLOVES&#039;UP","description":"Luvas de l\u00e1tex descart\u00e1veisAs luvas de l\u00e1tex s\u00e3o confort\u00e1veis de usar, higi\u00eanicas e oferecem um alto grau de flexibilidade e destreza. Elas tamb\u00e9m s\u00e3o uma barreira de seguran\u00e7a em rela\u00e7\u00e3o a certos produtos qu\u00edmicos, agentes c\u00e1usticos, detergentes ou res\u00edduos biol\u00f3gicos. S\u00e3o particularmente resistentes a serem perfuradas ou rasgadas em compara\u00e7\u00e3o com outros materiais como o vinil.","robots":{"index":"index","follow":"follow","max-snippet":"max-snippet:-1","max-image-preview":"max-image-preview:large","max-video-preview":"max-video-preview:-1"},"canonical":"https:\/\/glovesup.com.br\/index.php\/produto\/inoven-latex-sem-po\/","og_locale":"pt_BR","og_type":"article","og_title":"INOVEN - L\u00c1TEX SEM P\u00d3 - GLOVES&#039;UP","og_description":"Luvas de l\u00e1tex descart\u00e1veisAs luvas de l\u00e1tex s\u00e3o confort\u00e1veis de usar, higi\u00eanicas e oferecem um alto grau de flexibilidade e destreza. Elas tamb\u00e9m s\u00e3o uma barreira de seguran\u00e7a em rela\u00e7\u00e3o a certos produtos qu\u00edmicos, agentes c\u00e1usticos, detergentes ou res\u00edduos biol\u00f3gicos. S\u00e3o particularmente resistentes a serem perfuradas ou rasgadas em compara\u00e7\u00e3o com outros materiais como o vinil.","og_url":"https:\/\/glovesup.com.br\/index.php\/produto\/inoven-latex-sem-po\/","og_site_name":"GLOVES&#039;UP","article_modified_time":"2026-03-19T18:11:22+00:00","og_image":[{"width":1080,"height":1920,"url":"https:\/\/glovesup.com.br\/wp-content\/uploads\/2024\/10\/Design-sem-nome-3.jpg","type":"image\/jpeg"}],"twitter_card":"summary_large_image","twitter_misc":{"Est. tempo de leitura":"1 minuto"},"schema":{"@context":"https:\/\/schema.org","@graph":[{"@type":"WebPage","@id":"https:\/\/glovesup.com.br\/index.php\/produto\/inoven-latex-sem-po\/","url":"https:\/\/glovesup.com.br\/index.php\/produto\/inoven-latex-sem-po\/","name":"INOVEN - L\u00c1TEX SEM P\u00d3 - GLOVES&#039;UP","isPartOf":{"@id":"https:\/\/glovesup.com.br\/#website"},"primaryImageOfPage":{"@id":"https:\/\/glovesup.com.br\/index.php\/produto\/inoven-latex-sem-po\/#primaryimage"},"image":{"@id":"https:\/\/glovesup.com.br\/index.php\/produto\/inoven-latex-sem-po\/#primaryimage"},"thumbnailUrl":"https:\/\/glovesup.com.br\/wp-content\/uploads\/2024\/10\/Design-sem-nome-3.jpg","datePublished":"2024-10-05T14:33:49+00:00","dateModified":"2026-03-19T18:11:22+00:00","description":"Luvas de l\u00e1tex descart\u00e1veisAs luvas de l\u00e1tex s\u00e3o confort\u00e1veis de usar, higi\u00eanicas e oferecem um alto grau de flexibilidade e destreza. Elas tamb\u00e9m s\u00e3o uma barreira de seguran\u00e7a em rela\u00e7\u00e3o a certos produtos qu\u00edmicos, agentes c\u00e1usticos, detergentes ou res\u00edduos biol\u00f3gicos. S\u00e3o particularmente resistentes a serem perfuradas ou rasgadas em compara\u00e7\u00e3o com outros materiais como o vinil.","breadcrumb":{"@id":"https:\/\/glovesup.com.br\/index.php\/produto\/inoven-latex-sem-po\/#breadcrumb"},"inLanguage":"pt-BR","potentialAction":[{"@type":"ReadAction","target":["https:\/\/glovesup.com.br\/index.php\/produto\/inoven-latex-sem-po\/"]}]},{"@type":"ImageObject","inLanguage":"pt-BR","@id":"https:\/\/glovesup.com.br\/index.php\/produto\/inoven-latex-sem-po\/#primaryimage","url":"https:\/\/glovesup.com.br\/wp-content\/uploads\/2024\/10\/Design-sem-nome-3.jpg","contentUrl":"https:\/\/glovesup.com.br\/wp-content\/uploads\/2024\/10\/Design-sem-nome-3.jpg","width":1080,"height":1920},{"@type":"BreadcrumbList","@id":"https:\/\/glovesup.com.br\/index.php\/produto\/inoven-latex-sem-po\/#breadcrumb","itemListElement":[{"@type":"ListItem","position":1,"name":"In\u00edcio","item":"https:\/\/glovesup.com.br\/"},{"@type":"ListItem","position":2,"name":"LOJA","item":"https:\/\/glovesup.com.br\/"},{"@type":"ListItem","position":3,"name":"INOVEN &#8211; L\u00c1TEX SEM P\u00d3"}]},{"@type":"WebSite","@id":"https:\/\/glovesup.com.br\/#website","url":"https:\/\/glovesup.com.br\/","name":"Gloves\"UP_Conhe\u00e7a Nossos Produto!","description":"As Melhores Marcas de Luvas do Mercado para Voc\u00ea! QUALIDADE\/CUSTO BENEF\u00cdCIO S\u00d3 AQUI!!","publisher":{"@id":"https:\/\/glovesup.com.br\/#organization"},"alternateName":"Gloves\"UP_Conhe\u00e7a Nossos Produto!","potentialAction":[{"@type":"SearchAction","target":{"@type":"EntryPoint","urlTemplate":"https:\/\/glovesup.com.br\/?s={search_term_string}"},"query-input":{"@type":"PropertyValueSpecification","valueRequired":true,"valueName":"search_term_string"}}],"inLanguage":"pt-BR"},{"@type":"Organization","@id":"https:\/\/glovesup.com.br\/#organization","name":"GLOVESUP","url":"https:\/\/glovesup.com.br\/","logo":{"@type":"ImageObject","inLanguage":"pt-BR","@id":"https:\/\/glovesup.com.br\/#\/schema\/logo\/image\/","url":"https:\/\/glovesup.com.br\/wp-content\/uploads\/2024\/05\/cropped-WhatsApp-Image-2024-05-12-at-21.29.57-2.jpeg","contentUrl":"https:\/\/glovesup.com.br\/wp-content\/uploads\/2024\/05\/cropped-WhatsApp-Image-2024-05-12-at-21.29.57-2.jpeg","width":55,"height":55,"caption":"GLOVESUP"},"image":{"@id":"https:\/\/glovesup.com.br\/#\/schema\/logo\/image\/"},"sameAs":["https:\/\/www.instagram.com\/glovesup.distribuidora\/"]}]}},"jetpack_sharing_enabled":true,"_links":{"self":[{"href":"https:\/\/glovesup.com.br\/index.php\/wp-json\/wp\/v2\/product\/1259","targetHints":{"allow":["GET"]}}],"collection":[{"href":"https:\/\/glovesup.com.br\/index.php\/wp-json\/wp\/v2\/product"}],"about":[{"href":"https:\/\/glovesup.com.br\/index.php\/wp-json\/wp\/v2\/types\/product"}],"replies":[{"embeddable":true,"href":"https:\/\/glovesup.com.br\/index.php\/wp-json\/wp\/v2\/comments?post=1259"}],"wp:featuredmedia":[{"embeddable":true,"href":"https:\/\/glovesup.com.br\/index.php\/wp-json\/wp\/v2\/media\/1263"}],"wp:attachment":[{"href":"https:\/\/glovesup.com.br\/index.php\/wp-json\/wp\/v2\/media?parent=1259"}],"wp:term":[{"taxonomy":"product_brand","embeddable":true,"href":"https:\/\/glovesup.com.br\/index.php\/wp-json\/wp\/v2\/product_brand?post=1259"},{"taxonomy":"product_cat","embeddable":true,"href":"https:\/\/glovesup.com.br\/index.php\/wp-json\/wp\/v2\/product_cat?post=1259"},{"taxonomy":"product_tag","embeddable":true,"href":"https:\/\/glovesup.com.br\/index.php\/wp-json\/wp\/v2\/product_tag?post=1259"}],"curies":[{"name":"wp","href":"https:\/\/api.w.org\/{rel}","templated":true}]}}