{"id":121,"date":"2024-03-03T14:36:41","date_gmt":"2024-03-03T17:36:41","guid":{"rendered":"https:\/\/glovesup.com.br\/?post_type=product&#038;p=121"},"modified":"2026-02-28T20:26:55","modified_gmt":"2026-02-28T23:26:55","slug":"unigloves-classico-premium-quality-pink","status":"publish","type":"product","link":"https:\/\/glovesup.com.br\/index.php\/produto\/unigloves-classico-premium-quality-pink\/","title":{"rendered":"UNIGLOVES &#8211; Cl\u00e1ssico \/ Premium Quality PINK"},"content":{"rendered":"<p>MACIEZ E QUALIDADE<\/p>\n<p>Fabricadas em l\u00e1tex de borracha natural, oferecem total sensibilidade t\u00e1til<br \/>\ne um manuseio perfeito, al\u00e9m disso, apresenta grande barreira de prote\u00e7\u00e3o<br \/>\ncontra pat\u00f3genos e situa\u00e7\u00f5es de alto risco de contamina\u00e7\u00e3o. A utiliza\u00e7\u00e3o<br \/>\nde amido de milho bioabsorv\u00edvel como p\u00f3, possibilita um f\u00e1cil cal\u00e7amento e<br \/>\nremo\u00e7\u00e3o das luvas.<\/p>\n","protected":false},"excerpt":{"rendered":"<p>MACIEZ E QUALIDADE Fabricadas em l\u00e1tex de borracha natural, oferecem total sensibilidade t\u00e1til e um manuseio perfeito, al\u00e9m disso, apresenta grande barreira de prote\u00e7\u00e3o contra pat\u00f3genos e situa\u00e7\u00f5es de alto risco de contamina\u00e7\u00e3o. A utiliza\u00e7\u00e3o de amido de milho bioabsorv\u00edvel como p\u00f3,<\/p>\n<p class=\"link-more\"><a class=\"myButt \" href=\"https:\/\/glovesup.com.br\/index.php\/produto\/unigloves-classico-premium-quality-pink\/\">Read More<\/a><\/p>\n","protected":false},"featured_media":419,"comment_status":"open","ping_status":"closed","template":"","meta":{"_joinchat":[]},"product_brand":[],"product_cat":[35,46],"product_tag":[],"class_list":{"0":"post-121","1":"product","2":"type-product","3":"status-publish","4":"has-post-thumbnail","6":"product_cat-unigloves","7":"product_cat-unigloves-luvas-latex-com-po","9":"first","10":"instock","11":"shipping-taxable","12":"purchasable","13":"product-type-variable"},"yoast_head":"<!-- This site is optimized with the Yoast SEO plugin v24.3 - https:\/\/yoast.com\/wordpress\/plugins\/seo\/ -->\n<title>UNIGLOVES - Cl\u00e1ssico \/ Premium Quality PINK - GLOVES&#039;UP<\/title>\n<meta name=\"robots\" content=\"index, follow, max-snippet:-1, max-image-preview:large, max-video-preview:-1\" \/>\n<link rel=\"canonical\" href=\"https:\/\/glovesup.com.br\/index.php\/produto\/unigloves-classico-premium-quality-pink\/\" \/>\n<meta property=\"og:locale\" content=\"pt_BR\" \/>\n<meta property=\"og:type\" content=\"article\" \/>\n<meta property=\"og:title\" content=\"UNIGLOVES - Cl\u00e1ssico \/ Premium Quality PINK - GLOVES&#039;UP\" \/>\n<meta property=\"og:description\" content=\"MACIEZ E QUALIDADE Fabricadas em l\u00e1tex de borracha natural, oferecem total sensibilidade t\u00e1til e um manuseio perfeito, al\u00e9m disso, apresenta grande barreira de prote\u00e7\u00e3o contra pat\u00f3genos e situa\u00e7\u00f5es de alto risco de contamina\u00e7\u00e3o. A utiliza\u00e7\u00e3o de amido de milho bioabsorv\u00edvel como p\u00f3,Read More\" \/>\n<meta property=\"og:url\" content=\"https:\/\/glovesup.com.br\/index.php\/produto\/unigloves-classico-premium-quality-pink\/\" \/>\n<meta property=\"og:site_name\" content=\"GLOVES&#039;UP\" \/>\n<meta property=\"article:modified_time\" content=\"2026-02-28T23:26:55+00:00\" \/>\n<meta property=\"og:image\" content=\"https:\/\/glovesup.com.br\/wp-content\/uploads\/2024\/03\/Classico-Pink-unigloves-10.png\" \/>\n\t<meta property=\"og:image:width\" content=\"277\" \/>\n\t<meta property=\"og:image:height\" content=\"238\" \/>\n\t<meta property=\"og:image:type\" content=\"image\/png\" \/>\n<meta name=\"twitter:card\" content=\"summary_large_image\" \/>\n<meta name=\"twitter:label1\" content=\"Est. tempo de leitura\" \/>\n\t<meta name=\"twitter:data1\" content=\"1 minuto\" \/>\n<script type=\"application\/ld+json\" class=\"yoast-schema-graph\">{\"@context\":\"https:\/\/schema.org\",\"@graph\":[{\"@type\":\"WebPage\",\"@id\":\"https:\/\/glovesup.com.br\/index.php\/produto\/unigloves-classico-premium-quality-pink\/\",\"url\":\"https:\/\/glovesup.com.br\/index.php\/produto\/unigloves-classico-premium-quality-pink\/\",\"name\":\"UNIGLOVES - Cl\u00e1ssico \/ Premium Quality PINK - GLOVES&#039;UP\",\"isPartOf\":{\"@id\":\"https:\/\/glovesup.com.br\/#website\"},\"primaryImageOfPage\":{\"@id\":\"https:\/\/glovesup.com.br\/index.php\/produto\/unigloves-classico-premium-quality-pink\/#primaryimage\"},\"image\":{\"@id\":\"https:\/\/glovesup.com.br\/index.php\/produto\/unigloves-classico-premium-quality-pink\/#primaryimage\"},\"thumbnailUrl\":\"https:\/\/glovesup.com.br\/wp-content\/uploads\/2024\/03\/Classico-Pink-unigloves-10.png\",\"datePublished\":\"2024-03-03T17:36:41+00:00\",\"dateModified\":\"2026-02-28T23:26:55+00:00\",\"breadcrumb\":{\"@id\":\"https:\/\/glovesup.com.br\/index.php\/produto\/unigloves-classico-premium-quality-pink\/#breadcrumb\"},\"inLanguage\":\"pt-BR\",\"potentialAction\":[{\"@type\":\"ReadAction\",\"target\":[\"https:\/\/glovesup.com.br\/index.php\/produto\/unigloves-classico-premium-quality-pink\/\"]}]},{\"@type\":\"ImageObject\",\"inLanguage\":\"pt-BR\",\"@id\":\"https:\/\/glovesup.com.br\/index.php\/produto\/unigloves-classico-premium-quality-pink\/#primaryimage\",\"url\":\"https:\/\/glovesup.com.br\/wp-content\/uploads\/2024\/03\/Classico-Pink-unigloves-10.png\",\"contentUrl\":\"https:\/\/glovesup.com.br\/wp-content\/uploads\/2024\/03\/Classico-Pink-unigloves-10.png\",\"width\":277,\"height\":238},{\"@type\":\"BreadcrumbList\",\"@id\":\"https:\/\/glovesup.com.br\/index.php\/produto\/unigloves-classico-premium-quality-pink\/#breadcrumb\",\"itemListElement\":[{\"@type\":\"ListItem\",\"position\":1,\"name\":\"In\u00edcio\",\"item\":\"https:\/\/glovesup.com.br\/\"},{\"@type\":\"ListItem\",\"position\":2,\"name\":\"LOJA\",\"item\":\"https:\/\/glovesup.com.br\/\"},{\"@type\":\"ListItem\",\"position\":3,\"name\":\"UNIGLOVES &#8211; Cl\u00e1ssico \/ Premium Quality PINK\"}]},{\"@type\":\"WebSite\",\"@id\":\"https:\/\/glovesup.com.br\/#website\",\"url\":\"https:\/\/glovesup.com.br\/\",\"name\":\"Gloves\\\"UP_Conhe\u00e7a Nossos Produto!\",\"description\":\"As Melhores Marcas de Luvas do Mercado para Voc\u00ea! QUALIDADE\/CUSTO BENEF\u00cdCIO S\u00d3 AQUI!!\",\"publisher\":{\"@id\":\"https:\/\/glovesup.com.br\/#organization\"},\"alternateName\":\"Gloves\\\"UP_Conhe\u00e7a Nossos Produto!\",\"potentialAction\":[{\"@type\":\"SearchAction\",\"target\":{\"@type\":\"EntryPoint\",\"urlTemplate\":\"https:\/\/glovesup.com.br\/?s={search_term_string}\"},\"query-input\":{\"@type\":\"PropertyValueSpecification\",\"valueRequired\":true,\"valueName\":\"search_term_string\"}}],\"inLanguage\":\"pt-BR\"},{\"@type\":\"Organization\",\"@id\":\"https:\/\/glovesup.com.br\/#organization\",\"name\":\"GLOVESUP\",\"url\":\"https:\/\/glovesup.com.br\/\",\"logo\":{\"@type\":\"ImageObject\",\"inLanguage\":\"pt-BR\",\"@id\":\"https:\/\/glovesup.com.br\/#\/schema\/logo\/image\/\",\"url\":\"https:\/\/glovesup.com.br\/wp-content\/uploads\/2024\/05\/cropped-WhatsApp-Image-2024-05-12-at-21.29.57-2.jpeg\",\"contentUrl\":\"https:\/\/glovesup.com.br\/wp-content\/uploads\/2024\/05\/cropped-WhatsApp-Image-2024-05-12-at-21.29.57-2.jpeg\",\"width\":55,\"height\":55,\"caption\":\"GLOVESUP\"},\"image\":{\"@id\":\"https:\/\/glovesup.com.br\/#\/schema\/logo\/image\/\"},\"sameAs\":[\"https:\/\/www.instagram.com\/glovesup.distribuidora\/\"]}]}<\/script>\n<!-- \/ Yoast SEO plugin. -->","yoast_head_json":{"title":"UNIGLOVES - Cl\u00e1ssico \/ Premium Quality PINK - GLOVES&#039;UP","robots":{"index":"index","follow":"follow","max-snippet":"max-snippet:-1","max-image-preview":"max-image-preview:large","max-video-preview":"max-video-preview:-1"},"canonical":"https:\/\/glovesup.com.br\/index.php\/produto\/unigloves-classico-premium-quality-pink\/","og_locale":"pt_BR","og_type":"article","og_title":"UNIGLOVES - Cl\u00e1ssico \/ Premium Quality PINK - GLOVES&#039;UP","og_description":"MACIEZ E QUALIDADE Fabricadas em l\u00e1tex de borracha natural, oferecem total sensibilidade t\u00e1til e um manuseio perfeito, al\u00e9m disso, apresenta grande barreira de prote\u00e7\u00e3o contra pat\u00f3genos e situa\u00e7\u00f5es de alto risco de contamina\u00e7\u00e3o. A utiliza\u00e7\u00e3o de amido de milho bioabsorv\u00edvel como p\u00f3,Read More","og_url":"https:\/\/glovesup.com.br\/index.php\/produto\/unigloves-classico-premium-quality-pink\/","og_site_name":"GLOVES&#039;UP","article_modified_time":"2026-02-28T23:26:55+00:00","og_image":[{"width":277,"height":238,"url":"https:\/\/glovesup.com.br\/wp-content\/uploads\/2024\/03\/Classico-Pink-unigloves-10.png","type":"image\/png"}],"twitter_card":"summary_large_image","twitter_misc":{"Est. tempo de leitura":"1 minuto"},"schema":{"@context":"https:\/\/schema.org","@graph":[{"@type":"WebPage","@id":"https:\/\/glovesup.com.br\/index.php\/produto\/unigloves-classico-premium-quality-pink\/","url":"https:\/\/glovesup.com.br\/index.php\/produto\/unigloves-classico-premium-quality-pink\/","name":"UNIGLOVES - Cl\u00e1ssico \/ Premium Quality PINK - GLOVES&#039;UP","isPartOf":{"@id":"https:\/\/glovesup.com.br\/#website"},"primaryImageOfPage":{"@id":"https:\/\/glovesup.com.br\/index.php\/produto\/unigloves-classico-premium-quality-pink\/#primaryimage"},"image":{"@id":"https:\/\/glovesup.com.br\/index.php\/produto\/unigloves-classico-premium-quality-pink\/#primaryimage"},"thumbnailUrl":"https:\/\/glovesup.com.br\/wp-content\/uploads\/2024\/03\/Classico-Pink-unigloves-10.png","datePublished":"2024-03-03T17:36:41+00:00","dateModified":"2026-02-28T23:26:55+00:00","breadcrumb":{"@id":"https:\/\/glovesup.com.br\/index.php\/produto\/unigloves-classico-premium-quality-pink\/#breadcrumb"},"inLanguage":"pt-BR","potentialAction":[{"@type":"ReadAction","target":["https:\/\/glovesup.com.br\/index.php\/produto\/unigloves-classico-premium-quality-pink\/"]}]},{"@type":"ImageObject","inLanguage":"pt-BR","@id":"https:\/\/glovesup.com.br\/index.php\/produto\/unigloves-classico-premium-quality-pink\/#primaryimage","url":"https:\/\/glovesup.com.br\/wp-content\/uploads\/2024\/03\/Classico-Pink-unigloves-10.png","contentUrl":"https:\/\/glovesup.com.br\/wp-content\/uploads\/2024\/03\/Classico-Pink-unigloves-10.png","width":277,"height":238},{"@type":"BreadcrumbList","@id":"https:\/\/glovesup.com.br\/index.php\/produto\/unigloves-classico-premium-quality-pink\/#breadcrumb","itemListElement":[{"@type":"ListItem","position":1,"name":"In\u00edcio","item":"https:\/\/glovesup.com.br\/"},{"@type":"ListItem","position":2,"name":"LOJA","item":"https:\/\/glovesup.com.br\/"},{"@type":"ListItem","position":3,"name":"UNIGLOVES &#8211; Cl\u00e1ssico \/ Premium Quality PINK"}]},{"@type":"WebSite","@id":"https:\/\/glovesup.com.br\/#website","url":"https:\/\/glovesup.com.br\/","name":"Gloves\"UP_Conhe\u00e7a Nossos Produto!","description":"As Melhores Marcas de Luvas do Mercado para Voc\u00ea! QUALIDADE\/CUSTO BENEF\u00cdCIO S\u00d3 AQUI!!","publisher":{"@id":"https:\/\/glovesup.com.br\/#organization"},"alternateName":"Gloves\"UP_Conhe\u00e7a Nossos Produto!","potentialAction":[{"@type":"SearchAction","target":{"@type":"EntryPoint","urlTemplate":"https:\/\/glovesup.com.br\/?s={search_term_string}"},"query-input":{"@type":"PropertyValueSpecification","valueRequired":true,"valueName":"search_term_string"}}],"inLanguage":"pt-BR"},{"@type":"Organization","@id":"https:\/\/glovesup.com.br\/#organization","name":"GLOVESUP","url":"https:\/\/glovesup.com.br\/","logo":{"@type":"ImageObject","inLanguage":"pt-BR","@id":"https:\/\/glovesup.com.br\/#\/schema\/logo\/image\/","url":"https:\/\/glovesup.com.br\/wp-content\/uploads\/2024\/05\/cropped-WhatsApp-Image-2024-05-12-at-21.29.57-2.jpeg","contentUrl":"https:\/\/glovesup.com.br\/wp-content\/uploads\/2024\/05\/cropped-WhatsApp-Image-2024-05-12-at-21.29.57-2.jpeg","width":55,"height":55,"caption":"GLOVESUP"},"image":{"@id":"https:\/\/glovesup.com.br\/#\/schema\/logo\/image\/"},"sameAs":["https:\/\/www.instagram.com\/glovesup.distribuidora\/"]}]}},"jetpack_sharing_enabled":true,"_links":{"self":[{"href":"https:\/\/glovesup.com.br\/index.php\/wp-json\/wp\/v2\/product\/121","targetHints":{"allow":["GET"]}}],"collection":[{"href":"https:\/\/glovesup.com.br\/index.php\/wp-json\/wp\/v2\/product"}],"about":[{"href":"https:\/\/glovesup.com.br\/index.php\/wp-json\/wp\/v2\/types\/product"}],"replies":[{"embeddable":true,"href":"https:\/\/glovesup.com.br\/index.php\/wp-json\/wp\/v2\/comments?post=121"}],"wp:featuredmedia":[{"embeddable":true,"href":"https:\/\/glovesup.com.br\/index.php\/wp-json\/wp\/v2\/media\/419"}],"wp:attachment":[{"href":"https:\/\/glovesup.com.br\/index.php\/wp-json\/wp\/v2\/media?parent=121"}],"wp:term":[{"taxonomy":"product_brand","embeddable":true,"href":"https:\/\/glovesup.com.br\/index.php\/wp-json\/wp\/v2\/product_brand?post=121"},{"taxonomy":"product_cat","embeddable":true,"href":"https:\/\/glovesup.com.br\/index.php\/wp-json\/wp\/v2\/product_cat?post=121"},{"taxonomy":"product_tag","embeddable":true,"href":"https:\/\/glovesup.com.br\/index.php\/wp-json\/wp\/v2\/product_tag?post=121"}],"curies":[{"name":"wp","href":"https:\/\/api.w.org\/{rel}","templated":true}]}}