{"id":1075,"date":"2024-07-11T18:38:27","date_gmt":"2024-07-11T21:38:27","guid":{"rendered":"https:\/\/glovesup.com.br\/?post_type=product&#038;p=1075"},"modified":"2025-04-16T14:40:15","modified_gmt":"2025-04-16T17:40:15","slug":"babador-descartavel-towel-up-monoart-euronda-laranja","status":"publish","type":"product","link":"https:\/\/glovesup.com.br\/index.php\/produto\/babador-descartavel-towel-up-monoart-euronda-laranja\/","title":{"rendered":"Babador Descartavel Towel Up Monoart Euronda &#8211; LARANJA"},"content":{"rendered":"<p>APLICA\u00c7\u00d5ES:<br \/>\nO babador descart\u00e1vel \u00e9 indicado para uso m\u00e9dico, odontol\u00f3gico e hospitalar na prote\u00e7\u00e3o da vestimenta do paciente, de bandejas e bancadas. Tamb\u00e9m usado em est\u00fadios de tatuagens.<\/p>\n<p>MEDIDA: 33x45cm.<br \/>\nCada embalagem vem com 50 unidades<\/p>\n<p>APRESENTA\u00c7\u00c3O \/ BENEF\u00cdCIOS:<\/p>\n<p>O Monoart\u00ae Towel Up! revolucionou a embalagem de toalhas descart\u00e1veis.<\/p>\n<p>O compacto e colorido Monoart\u00ae Towel Up! acrescenta um toque de eleg\u00e2ncia e estilo \u00e0s pr\u00e1ticas odontol\u00f3gicas com total seguran\u00e7a, ao mesmo tempo em que ajudam a mant\u00ea-los organizados.<\/p>\n<p>O sistema aberto \/ fechado que pode ser fechado novamente garante maior higiene e reduz o risco de contamina\u00e7\u00e3o: a abertura foi projetada n\u00e3o apenas para evitar o contato com a poeira, mas tamb\u00e9m para garantir que a equipe toque apenas uma toalha de cada vez.<\/p>\n<p>Higiene: a m\u00e1xima higiene \u00e9 garantida gra\u00e7as ao sistema aberto \/ fechado que pode ser vedado, o que reduz o contato e, portanto, o risco de contamina\u00e7\u00e3o;<\/p>\n<p>Pr\u00e1tico: o primeiro sistema aberto \/ fechado que pode ser reutilizado para o setor odontol\u00f3gico. O design compacto se encaixa discretamente em pr\u00e1ticas odontol\u00f3gicas;<\/p>\n<p>Seguro: toalhas absorventes, sem cola e protetoras, com tecido em celulose pura proveniente de uma cadeia de suprimentos sustent\u00e1vel. Ligado usando calor e grava\u00e7\u00e3o em um filme de polietileno livre de poluentes;<\/p>\n<p>Elegante: todas as cores Monoart\u00ae est\u00e3o dispon\u00edveis para um produto com um design atraente que expressa perfeitamente o sabor e a excel\u00eancia do Made in Italy.<\/p>\n<p>COMPOSI\u00c7\u00c3O QU\u00cdMICA DO MATERIAL:<br \/>\nS\u00e3o babadores descart\u00e1veis feitos de celulose pura que \u00e9 altamente absorvente. \u00c9 gravado e colado com um filme de polietileno \u00e0 prova d&#8217;\u00e1gua, tornando-o imperme\u00e1vel.<\/p>\n<p>Gra\u00e7as \u00e0 embalagem inovadora, com um sistema de abrir \/ fechar ressel\u00e1vel, as toalhas s\u00e3o manuseadas uma de cada vez e mant\u00eam-se protegidas da poeira e da contamina\u00e7\u00e3o, proporcionando o m\u00e1ximo de higiene e uma utiliza\u00e7\u00e3o altamente pr\u00e1tica.<\/p>\n","protected":false},"excerpt":{"rendered":"<p>50 &#8211; UNIDADES<\/p>\n","protected":false},"featured_media":1076,"comment_status":"open","ping_status":"closed","template":"","meta":{"_joinchat":[]},"product_brand":[],"product_cat":[96,83,91],"product_tag":[],"class_list":{"0":"post-1075","1":"product","2":"type-product","3":"status-publish","4":"has-post-thumbnail","6":"product_cat-babadores-odonto","7":"product_cat-acessorios-descartaveis-2","8":"product_cat-kits","10":"first","11":"instock","12":"shipping-taxable","13":"purchasable","14":"product-type-simple"},"yoast_head":"<!-- This site is optimized with the Yoast SEO plugin v24.3 - https:\/\/yoast.com\/wordpress\/plugins\/seo\/ -->\n<title>Babador Descartavel Towel Up Monoart Euronda - LARANJA - GLOVES&#039;UP<\/title>\n<meta name=\"robots\" content=\"index, follow, max-snippet:-1, max-image-preview:large, max-video-preview:-1\" \/>\n<link rel=\"canonical\" href=\"https:\/\/glovesup.com.br\/index.php\/produto\/babador-descartavel-towel-up-monoart-euronda-laranja\/\" \/>\n<meta property=\"og:locale\" content=\"pt_BR\" \/>\n<meta property=\"og:type\" content=\"article\" \/>\n<meta property=\"og:title\" content=\"Babador Descartavel Towel Up Monoart Euronda - LARANJA - GLOVES&#039;UP\" \/>\n<meta property=\"og:description\" content=\"50 - UNIDADES\" \/>\n<meta property=\"og:url\" content=\"https:\/\/glovesup.com.br\/index.php\/produto\/babador-descartavel-towel-up-monoart-euronda-laranja\/\" \/>\n<meta property=\"og:site_name\" content=\"GLOVES&#039;UP\" \/>\n<meta property=\"article:modified_time\" content=\"2025-04-16T17:40:15+00:00\" \/>\n<meta property=\"og:image\" content=\"https:\/\/glovesup.com.br\/wp-content\/uploads\/2024\/07\/babador-monoart-laranja.png\" \/>\n\t<meta property=\"og:image:width\" content=\"285\" \/>\n\t<meta property=\"og:image:height\" content=\"232\" \/>\n\t<meta property=\"og:image:type\" content=\"image\/png\" \/>\n<meta name=\"twitter:card\" content=\"summary_large_image\" \/>\n<meta name=\"twitter:label1\" content=\"Est. tempo de leitura\" \/>\n\t<meta name=\"twitter:data1\" content=\"2 minutos\" \/>\n<script type=\"application\/ld+json\" class=\"yoast-schema-graph\">{\"@context\":\"https:\/\/schema.org\",\"@graph\":[{\"@type\":\"WebPage\",\"@id\":\"https:\/\/glovesup.com.br\/index.php\/produto\/babador-descartavel-towel-up-monoart-euronda-laranja\/\",\"url\":\"https:\/\/glovesup.com.br\/index.php\/produto\/babador-descartavel-towel-up-monoart-euronda-laranja\/\",\"name\":\"Babador Descartavel Towel Up Monoart Euronda - LARANJA - GLOVES&#039;UP\",\"isPartOf\":{\"@id\":\"https:\/\/glovesup.com.br\/#website\"},\"primaryImageOfPage\":{\"@id\":\"https:\/\/glovesup.com.br\/index.php\/produto\/babador-descartavel-towel-up-monoart-euronda-laranja\/#primaryimage\"},\"image\":{\"@id\":\"https:\/\/glovesup.com.br\/index.php\/produto\/babador-descartavel-towel-up-monoart-euronda-laranja\/#primaryimage\"},\"thumbnailUrl\":\"https:\/\/glovesup.com.br\/wp-content\/uploads\/2024\/07\/babador-monoart-laranja.png\",\"datePublished\":\"2024-07-11T21:38:27+00:00\",\"dateModified\":\"2025-04-16T17:40:15+00:00\",\"breadcrumb\":{\"@id\":\"https:\/\/glovesup.com.br\/index.php\/produto\/babador-descartavel-towel-up-monoart-euronda-laranja\/#breadcrumb\"},\"inLanguage\":\"pt-BR\",\"potentialAction\":[{\"@type\":\"ReadAction\",\"target\":[\"https:\/\/glovesup.com.br\/index.php\/produto\/babador-descartavel-towel-up-monoart-euronda-laranja\/\"]}]},{\"@type\":\"ImageObject\",\"inLanguage\":\"pt-BR\",\"@id\":\"https:\/\/glovesup.com.br\/index.php\/produto\/babador-descartavel-towel-up-monoart-euronda-laranja\/#primaryimage\",\"url\":\"https:\/\/glovesup.com.br\/wp-content\/uploads\/2024\/07\/babador-monoart-laranja.png\",\"contentUrl\":\"https:\/\/glovesup.com.br\/wp-content\/uploads\/2024\/07\/babador-monoart-laranja.png\",\"width\":285,\"height\":232},{\"@type\":\"BreadcrumbList\",\"@id\":\"https:\/\/glovesup.com.br\/index.php\/produto\/babador-descartavel-towel-up-monoart-euronda-laranja\/#breadcrumb\",\"itemListElement\":[{\"@type\":\"ListItem\",\"position\":1,\"name\":\"In\u00edcio\",\"item\":\"https:\/\/glovesup.com.br\/\"},{\"@type\":\"ListItem\",\"position\":2,\"name\":\"LOJA\",\"item\":\"https:\/\/glovesup.com.br\/\"},{\"@type\":\"ListItem\",\"position\":3,\"name\":\"Babador Descartavel Towel Up Monoart Euronda &#8211; LARANJA\"}]},{\"@type\":\"WebSite\",\"@id\":\"https:\/\/glovesup.com.br\/#website\",\"url\":\"https:\/\/glovesup.com.br\/\",\"name\":\"Gloves\\\"UP_Conhe\u00e7a Nossos Produto!\",\"description\":\"As Melhores Marcas de Luvas do Mercado para Voc\u00ea! QUALIDADE\/CUSTO BENEF\u00cdCIO S\u00d3 AQUI!!\",\"publisher\":{\"@id\":\"https:\/\/glovesup.com.br\/#organization\"},\"alternateName\":\"Gloves\\\"UP_Conhe\u00e7a Nossos Produto!\",\"potentialAction\":[{\"@type\":\"SearchAction\",\"target\":{\"@type\":\"EntryPoint\",\"urlTemplate\":\"https:\/\/glovesup.com.br\/?s={search_term_string}\"},\"query-input\":{\"@type\":\"PropertyValueSpecification\",\"valueRequired\":true,\"valueName\":\"search_term_string\"}}],\"inLanguage\":\"pt-BR\"},{\"@type\":\"Organization\",\"@id\":\"https:\/\/glovesup.com.br\/#organization\",\"name\":\"GLOVESUP\",\"url\":\"https:\/\/glovesup.com.br\/\",\"logo\":{\"@type\":\"ImageObject\",\"inLanguage\":\"pt-BR\",\"@id\":\"https:\/\/glovesup.com.br\/#\/schema\/logo\/image\/\",\"url\":\"https:\/\/glovesup.com.br\/wp-content\/uploads\/2024\/05\/cropped-WhatsApp-Image-2024-05-12-at-21.29.57-2.jpeg\",\"contentUrl\":\"https:\/\/glovesup.com.br\/wp-content\/uploads\/2024\/05\/cropped-WhatsApp-Image-2024-05-12-at-21.29.57-2.jpeg\",\"width\":55,\"height\":55,\"caption\":\"GLOVESUP\"},\"image\":{\"@id\":\"https:\/\/glovesup.com.br\/#\/schema\/logo\/image\/\"},\"sameAs\":[\"https:\/\/www.instagram.com\/glovesup.distribuidora\/\"]}]}<\/script>\n<!-- \/ Yoast SEO plugin. -->","yoast_head_json":{"title":"Babador Descartavel Towel Up Monoart Euronda - LARANJA - GLOVES&#039;UP","robots":{"index":"index","follow":"follow","max-snippet":"max-snippet:-1","max-image-preview":"max-image-preview:large","max-video-preview":"max-video-preview:-1"},"canonical":"https:\/\/glovesup.com.br\/index.php\/produto\/babador-descartavel-towel-up-monoart-euronda-laranja\/","og_locale":"pt_BR","og_type":"article","og_title":"Babador Descartavel Towel Up Monoart Euronda - LARANJA - GLOVES&#039;UP","og_description":"50 - UNIDADES","og_url":"https:\/\/glovesup.com.br\/index.php\/produto\/babador-descartavel-towel-up-monoart-euronda-laranja\/","og_site_name":"GLOVES&#039;UP","article_modified_time":"2025-04-16T17:40:15+00:00","og_image":[{"width":285,"height":232,"url":"https:\/\/glovesup.com.br\/wp-content\/uploads\/2024\/07\/babador-monoart-laranja.png","type":"image\/png"}],"twitter_card":"summary_large_image","twitter_misc":{"Est. tempo de leitura":"2 minutos"},"schema":{"@context":"https:\/\/schema.org","@graph":[{"@type":"WebPage","@id":"https:\/\/glovesup.com.br\/index.php\/produto\/babador-descartavel-towel-up-monoart-euronda-laranja\/","url":"https:\/\/glovesup.com.br\/index.php\/produto\/babador-descartavel-towel-up-monoart-euronda-laranja\/","name":"Babador Descartavel Towel Up Monoart Euronda - LARANJA - GLOVES&#039;UP","isPartOf":{"@id":"https:\/\/glovesup.com.br\/#website"},"primaryImageOfPage":{"@id":"https:\/\/glovesup.com.br\/index.php\/produto\/babador-descartavel-towel-up-monoart-euronda-laranja\/#primaryimage"},"image":{"@id":"https:\/\/glovesup.com.br\/index.php\/produto\/babador-descartavel-towel-up-monoart-euronda-laranja\/#primaryimage"},"thumbnailUrl":"https:\/\/glovesup.com.br\/wp-content\/uploads\/2024\/07\/babador-monoart-laranja.png","datePublished":"2024-07-11T21:38:27+00:00","dateModified":"2025-04-16T17:40:15+00:00","breadcrumb":{"@id":"https:\/\/glovesup.com.br\/index.php\/produto\/babador-descartavel-towel-up-monoart-euronda-laranja\/#breadcrumb"},"inLanguage":"pt-BR","potentialAction":[{"@type":"ReadAction","target":["https:\/\/glovesup.com.br\/index.php\/produto\/babador-descartavel-towel-up-monoart-euronda-laranja\/"]}]},{"@type":"ImageObject","inLanguage":"pt-BR","@id":"https:\/\/glovesup.com.br\/index.php\/produto\/babador-descartavel-towel-up-monoart-euronda-laranja\/#primaryimage","url":"https:\/\/glovesup.com.br\/wp-content\/uploads\/2024\/07\/babador-monoart-laranja.png","contentUrl":"https:\/\/glovesup.com.br\/wp-content\/uploads\/2024\/07\/babador-monoart-laranja.png","width":285,"height":232},{"@type":"BreadcrumbList","@id":"https:\/\/glovesup.com.br\/index.php\/produto\/babador-descartavel-towel-up-monoart-euronda-laranja\/#breadcrumb","itemListElement":[{"@type":"ListItem","position":1,"name":"In\u00edcio","item":"https:\/\/glovesup.com.br\/"},{"@type":"ListItem","position":2,"name":"LOJA","item":"https:\/\/glovesup.com.br\/"},{"@type":"ListItem","position":3,"name":"Babador Descartavel Towel Up Monoart Euronda &#8211; LARANJA"}]},{"@type":"WebSite","@id":"https:\/\/glovesup.com.br\/#website","url":"https:\/\/glovesup.com.br\/","name":"Gloves\"UP_Conhe\u00e7a Nossos Produto!","description":"As Melhores Marcas de Luvas do Mercado para Voc\u00ea! QUALIDADE\/CUSTO BENEF\u00cdCIO S\u00d3 AQUI!!","publisher":{"@id":"https:\/\/glovesup.com.br\/#organization"},"alternateName":"Gloves\"UP_Conhe\u00e7a Nossos Produto!","potentialAction":[{"@type":"SearchAction","target":{"@type":"EntryPoint","urlTemplate":"https:\/\/glovesup.com.br\/?s={search_term_string}"},"query-input":{"@type":"PropertyValueSpecification","valueRequired":true,"valueName":"search_term_string"}}],"inLanguage":"pt-BR"},{"@type":"Organization","@id":"https:\/\/glovesup.com.br\/#organization","name":"GLOVESUP","url":"https:\/\/glovesup.com.br\/","logo":{"@type":"ImageObject","inLanguage":"pt-BR","@id":"https:\/\/glovesup.com.br\/#\/schema\/logo\/image\/","url":"https:\/\/glovesup.com.br\/wp-content\/uploads\/2024\/05\/cropped-WhatsApp-Image-2024-05-12-at-21.29.57-2.jpeg","contentUrl":"https:\/\/glovesup.com.br\/wp-content\/uploads\/2024\/05\/cropped-WhatsApp-Image-2024-05-12-at-21.29.57-2.jpeg","width":55,"height":55,"caption":"GLOVESUP"},"image":{"@id":"https:\/\/glovesup.com.br\/#\/schema\/logo\/image\/"},"sameAs":["https:\/\/www.instagram.com\/glovesup.distribuidora\/"]}]}},"jetpack_sharing_enabled":true,"_links":{"self":[{"href":"https:\/\/glovesup.com.br\/index.php\/wp-json\/wp\/v2\/product\/1075","targetHints":{"allow":["GET"]}}],"collection":[{"href":"https:\/\/glovesup.com.br\/index.php\/wp-json\/wp\/v2\/product"}],"about":[{"href":"https:\/\/glovesup.com.br\/index.php\/wp-json\/wp\/v2\/types\/product"}],"replies":[{"embeddable":true,"href":"https:\/\/glovesup.com.br\/index.php\/wp-json\/wp\/v2\/comments?post=1075"}],"wp:featuredmedia":[{"embeddable":true,"href":"https:\/\/glovesup.com.br\/index.php\/wp-json\/wp\/v2\/media\/1076"}],"wp:attachment":[{"href":"https:\/\/glovesup.com.br\/index.php\/wp-json\/wp\/v2\/media?parent=1075"}],"wp:term":[{"taxonomy":"product_brand","embeddable":true,"href":"https:\/\/glovesup.com.br\/index.php\/wp-json\/wp\/v2\/product_brand?post=1075"},{"taxonomy":"product_cat","embeddable":true,"href":"https:\/\/glovesup.com.br\/index.php\/wp-json\/wp\/v2\/product_cat?post=1075"},{"taxonomy":"product_tag","embeddable":true,"href":"https:\/\/glovesup.com.br\/index.php\/wp-json\/wp\/v2\/product_tag?post=1075"}],"curies":[{"name":"wp","href":"https:\/\/api.w.org\/{rel}","templated":true}]}}