{"id":1044,"date":"2024-07-02T09:14:07","date_gmt":"2024-07-02T12:14:07","guid":{"rendered":"https:\/\/glovesup.com.br\/?post_type=product&#038;p=1044"},"modified":"2026-02-15T20:10:30","modified_gmt":"2026-02-15T23:10:30","slug":"unigloves-sem-po-com-hidratante-verde-menta-lano-e","status":"publish","type":"product","link":"https:\/\/glovesup.com.br\/index.php\/produto\/unigloves-sem-po-com-hidratante-verde-menta-lano-e\/","title":{"rendered":"UNIGLOVES  (SEM PO, COM HIDRATANTE)  &#8211; VERDE MENTA LANO-E"},"content":{"rendered":"<p>A Lano-E \u00e9 uma luva m\u00e9dica n\u00e3o cir\u00fargica revolucion\u00e1ria, que contem parte interna uma exclusiva formula\u00e7\u00e3o que protege as m\u00e3os. Contendo Lanolina e Vitamina E, em contato com a umidade proveniente da transpira\u00e7\u00e3o do us\u00e1rio a formula\u00e7\u00e3o transforma-se em uma eficiente emuls\u00e3o que nutre e hidrata as m\u00e3os do usu\u00e1rio, melhorando a cicatriza\u00e7\u00e3o, a elasticidade e tornando-as mais macias e saud\u00e1veis.<\/p>\n<ul>\n<li>F\u00e1cil cal\u00e7amento<\/li>\n<li>Combina\u00e7\u00e3o de hidratantes para proteger e nutrir a pele<\/li>\n<li>Aroma de menta, promovendo conforto ao paciente<\/li>\n<li>Maciez, alto conforto, e ajuste adequado \u00e0s m\u00e3os<\/li>\n<li><\/li>\n<li>ANVISA 81479560015<\/li>\n<li>C.A 42.122<\/li>\n<\/ul>\n","protected":false},"excerpt":{"rendered":"<p>A Lano-E \u00e9 uma luva m\u00e9dica n\u00e3o cir\u00fargica revolucion\u00e1ria, que contem parte interna uma exclusiva formula\u00e7\u00e3o que protege as m\u00e3os. Contendo Lanolina e Vitamina E, em contato com a umidade proveniente da transpira\u00e7\u00e3o do us\u00e1rio a formula\u00e7\u00e3o transforma-se em uma eficiente emuls\u00e3o<\/p>\n<p class=\"link-more\"><a class=\"myButt \" href=\"https:\/\/glovesup.com.br\/index.php\/produto\/unigloves-sem-po-com-hidratante-verde-menta-lano-e\/\">Read More<\/a><\/p>\n","protected":false},"featured_media":1047,"comment_status":"open","ping_status":"closed","template":"","meta":{"_joinchat":[]},"product_brand":[],"product_cat":[35,37,45],"product_tag":[],"class_list":{"0":"post-1044","1":"product","2":"type-product","3":"status-publish","4":"has-post-thumbnail","6":"product_cat-unigloves","7":"product_cat-unigloves-luvas-procedimentos-nao-cirurgicos-sem-po","8":"product_cat-unigloves-luvas-latex-sem-po","10":"first","11":"instock","12":"shipping-taxable","13":"purchasable","14":"product-type-variable"},"yoast_head":"<!-- This site is optimized with the Yoast SEO plugin v24.3 - https:\/\/yoast.com\/wordpress\/plugins\/seo\/ -->\n<title>UNIGLOVES (SEM PO, COM HIDRATANTE) - VERDE MENTA LANO-E - GLOVES&#039;UP<\/title>\n<meta name=\"robots\" content=\"index, follow, max-snippet:-1, max-image-preview:large, max-video-preview:-1\" \/>\n<link rel=\"canonical\" href=\"https:\/\/glovesup.com.br\/index.php\/produto\/unigloves-sem-po-com-hidratante-verde-menta-lano-e\/\" \/>\n<meta property=\"og:locale\" content=\"pt_BR\" \/>\n<meta property=\"og:type\" content=\"article\" \/>\n<meta property=\"og:title\" content=\"UNIGLOVES (SEM PO, COM HIDRATANTE) - VERDE MENTA LANO-E - GLOVES&#039;UP\" \/>\n<meta property=\"og:description\" content=\"A Lano-E \u00e9 uma luva m\u00e9dica n\u00e3o cir\u00fargica revolucion\u00e1ria, que contem parte interna uma exclusiva formula\u00e7\u00e3o que protege as m\u00e3os. Contendo Lanolina e Vitamina E, em contato com a umidade proveniente da transpira\u00e7\u00e3o do us\u00e1rio a formula\u00e7\u00e3o transforma-se em uma eficiente emuls\u00e3oRead More\" \/>\n<meta property=\"og:url\" content=\"https:\/\/glovesup.com.br\/index.php\/produto\/unigloves-sem-po-com-hidratante-verde-menta-lano-e\/\" \/>\n<meta property=\"og:site_name\" content=\"GLOVES&#039;UP\" \/>\n<meta property=\"article:modified_time\" content=\"2026-02-15T23:10:30+00:00\" \/>\n<meta property=\"og:image\" content=\"https:\/\/glovesup.com.br\/wp-content\/uploads\/2024\/07\/LANO_E.png\" \/>\n\t<meta property=\"og:image:width\" content=\"340\" \/>\n\t<meta property=\"og:image:height\" content=\"270\" \/>\n\t<meta property=\"og:image:type\" content=\"image\/png\" \/>\n<meta name=\"twitter:card\" content=\"summary_large_image\" \/>\n<meta name=\"twitter:label1\" content=\"Est. tempo de leitura\" \/>\n\t<meta name=\"twitter:data1\" content=\"1 minuto\" \/>\n<script type=\"application\/ld+json\" class=\"yoast-schema-graph\">{\"@context\":\"https:\/\/schema.org\",\"@graph\":[{\"@type\":\"WebPage\",\"@id\":\"https:\/\/glovesup.com.br\/index.php\/produto\/unigloves-sem-po-com-hidratante-verde-menta-lano-e\/\",\"url\":\"https:\/\/glovesup.com.br\/index.php\/produto\/unigloves-sem-po-com-hidratante-verde-menta-lano-e\/\",\"name\":\"UNIGLOVES (SEM PO, COM HIDRATANTE) - VERDE MENTA LANO-E - GLOVES&#039;UP\",\"isPartOf\":{\"@id\":\"https:\/\/glovesup.com.br\/#website\"},\"primaryImageOfPage\":{\"@id\":\"https:\/\/glovesup.com.br\/index.php\/produto\/unigloves-sem-po-com-hidratante-verde-menta-lano-e\/#primaryimage\"},\"image\":{\"@id\":\"https:\/\/glovesup.com.br\/index.php\/produto\/unigloves-sem-po-com-hidratante-verde-menta-lano-e\/#primaryimage\"},\"thumbnailUrl\":\"https:\/\/glovesup.com.br\/wp-content\/uploads\/2024\/07\/LANO_E.png\",\"datePublished\":\"2024-07-02T12:14:07+00:00\",\"dateModified\":\"2026-02-15T23:10:30+00:00\",\"breadcrumb\":{\"@id\":\"https:\/\/glovesup.com.br\/index.php\/produto\/unigloves-sem-po-com-hidratante-verde-menta-lano-e\/#breadcrumb\"},\"inLanguage\":\"pt-BR\",\"potentialAction\":[{\"@type\":\"ReadAction\",\"target\":[\"https:\/\/glovesup.com.br\/index.php\/produto\/unigloves-sem-po-com-hidratante-verde-menta-lano-e\/\"]}]},{\"@type\":\"ImageObject\",\"inLanguage\":\"pt-BR\",\"@id\":\"https:\/\/glovesup.com.br\/index.php\/produto\/unigloves-sem-po-com-hidratante-verde-menta-lano-e\/#primaryimage\",\"url\":\"https:\/\/glovesup.com.br\/wp-content\/uploads\/2024\/07\/LANO_E.png\",\"contentUrl\":\"https:\/\/glovesup.com.br\/wp-content\/uploads\/2024\/07\/LANO_E.png\",\"width\":340,\"height\":270},{\"@type\":\"BreadcrumbList\",\"@id\":\"https:\/\/glovesup.com.br\/index.php\/produto\/unigloves-sem-po-com-hidratante-verde-menta-lano-e\/#breadcrumb\",\"itemListElement\":[{\"@type\":\"ListItem\",\"position\":1,\"name\":\"In\u00edcio\",\"item\":\"https:\/\/glovesup.com.br\/\"},{\"@type\":\"ListItem\",\"position\":2,\"name\":\"LOJA\",\"item\":\"https:\/\/glovesup.com.br\/\"},{\"@type\":\"ListItem\",\"position\":3,\"name\":\"UNIGLOVES (SEM PO, COM HIDRATANTE) &#8211; VERDE MENTA LANO-E\"}]},{\"@type\":\"WebSite\",\"@id\":\"https:\/\/glovesup.com.br\/#website\",\"url\":\"https:\/\/glovesup.com.br\/\",\"name\":\"Gloves\\\"UP_Conhe\u00e7a Nossos Produto!\",\"description\":\"As Melhores Marcas de Luvas do Mercado para Voc\u00ea! QUALIDADE\/CUSTO BENEF\u00cdCIO S\u00d3 AQUI!!\",\"publisher\":{\"@id\":\"https:\/\/glovesup.com.br\/#organization\"},\"alternateName\":\"Gloves\\\"UP_Conhe\u00e7a Nossos Produto!\",\"potentialAction\":[{\"@type\":\"SearchAction\",\"target\":{\"@type\":\"EntryPoint\",\"urlTemplate\":\"https:\/\/glovesup.com.br\/?s={search_term_string}\"},\"query-input\":{\"@type\":\"PropertyValueSpecification\",\"valueRequired\":true,\"valueName\":\"search_term_string\"}}],\"inLanguage\":\"pt-BR\"},{\"@type\":\"Organization\",\"@id\":\"https:\/\/glovesup.com.br\/#organization\",\"name\":\"GLOVESUP\",\"url\":\"https:\/\/glovesup.com.br\/\",\"logo\":{\"@type\":\"ImageObject\",\"inLanguage\":\"pt-BR\",\"@id\":\"https:\/\/glovesup.com.br\/#\/schema\/logo\/image\/\",\"url\":\"https:\/\/glovesup.com.br\/wp-content\/uploads\/2024\/05\/cropped-WhatsApp-Image-2024-05-12-at-21.29.57-2.jpeg\",\"contentUrl\":\"https:\/\/glovesup.com.br\/wp-content\/uploads\/2024\/05\/cropped-WhatsApp-Image-2024-05-12-at-21.29.57-2.jpeg\",\"width\":55,\"height\":55,\"caption\":\"GLOVESUP\"},\"image\":{\"@id\":\"https:\/\/glovesup.com.br\/#\/schema\/logo\/image\/\"},\"sameAs\":[\"https:\/\/www.instagram.com\/glovesup.distribuidora\/\"]}]}<\/script>\n<!-- \/ Yoast SEO plugin. -->","yoast_head_json":{"title":"UNIGLOVES (SEM PO, COM HIDRATANTE) - VERDE MENTA LANO-E - GLOVES&#039;UP","robots":{"index":"index","follow":"follow","max-snippet":"max-snippet:-1","max-image-preview":"max-image-preview:large","max-video-preview":"max-video-preview:-1"},"canonical":"https:\/\/glovesup.com.br\/index.php\/produto\/unigloves-sem-po-com-hidratante-verde-menta-lano-e\/","og_locale":"pt_BR","og_type":"article","og_title":"UNIGLOVES (SEM PO, COM HIDRATANTE) - VERDE MENTA LANO-E - GLOVES&#039;UP","og_description":"A Lano-E \u00e9 uma luva m\u00e9dica n\u00e3o cir\u00fargica revolucion\u00e1ria, que contem parte interna uma exclusiva formula\u00e7\u00e3o que protege as m\u00e3os. Contendo Lanolina e Vitamina E, em contato com a umidade proveniente da transpira\u00e7\u00e3o do us\u00e1rio a formula\u00e7\u00e3o transforma-se em uma eficiente emuls\u00e3oRead More","og_url":"https:\/\/glovesup.com.br\/index.php\/produto\/unigloves-sem-po-com-hidratante-verde-menta-lano-e\/","og_site_name":"GLOVES&#039;UP","article_modified_time":"2026-02-15T23:10:30+00:00","og_image":[{"width":340,"height":270,"url":"https:\/\/glovesup.com.br\/wp-content\/uploads\/2024\/07\/LANO_E.png","type":"image\/png"}],"twitter_card":"summary_large_image","twitter_misc":{"Est. tempo de leitura":"1 minuto"},"schema":{"@context":"https:\/\/schema.org","@graph":[{"@type":"WebPage","@id":"https:\/\/glovesup.com.br\/index.php\/produto\/unigloves-sem-po-com-hidratante-verde-menta-lano-e\/","url":"https:\/\/glovesup.com.br\/index.php\/produto\/unigloves-sem-po-com-hidratante-verde-menta-lano-e\/","name":"UNIGLOVES (SEM PO, COM HIDRATANTE) - VERDE MENTA LANO-E - GLOVES&#039;UP","isPartOf":{"@id":"https:\/\/glovesup.com.br\/#website"},"primaryImageOfPage":{"@id":"https:\/\/glovesup.com.br\/index.php\/produto\/unigloves-sem-po-com-hidratante-verde-menta-lano-e\/#primaryimage"},"image":{"@id":"https:\/\/glovesup.com.br\/index.php\/produto\/unigloves-sem-po-com-hidratante-verde-menta-lano-e\/#primaryimage"},"thumbnailUrl":"https:\/\/glovesup.com.br\/wp-content\/uploads\/2024\/07\/LANO_E.png","datePublished":"2024-07-02T12:14:07+00:00","dateModified":"2026-02-15T23:10:30+00:00","breadcrumb":{"@id":"https:\/\/glovesup.com.br\/index.php\/produto\/unigloves-sem-po-com-hidratante-verde-menta-lano-e\/#breadcrumb"},"inLanguage":"pt-BR","potentialAction":[{"@type":"ReadAction","target":["https:\/\/glovesup.com.br\/index.php\/produto\/unigloves-sem-po-com-hidratante-verde-menta-lano-e\/"]}]},{"@type":"ImageObject","inLanguage":"pt-BR","@id":"https:\/\/glovesup.com.br\/index.php\/produto\/unigloves-sem-po-com-hidratante-verde-menta-lano-e\/#primaryimage","url":"https:\/\/glovesup.com.br\/wp-content\/uploads\/2024\/07\/LANO_E.png","contentUrl":"https:\/\/glovesup.com.br\/wp-content\/uploads\/2024\/07\/LANO_E.png","width":340,"height":270},{"@type":"BreadcrumbList","@id":"https:\/\/glovesup.com.br\/index.php\/produto\/unigloves-sem-po-com-hidratante-verde-menta-lano-e\/#breadcrumb","itemListElement":[{"@type":"ListItem","position":1,"name":"In\u00edcio","item":"https:\/\/glovesup.com.br\/"},{"@type":"ListItem","position":2,"name":"LOJA","item":"https:\/\/glovesup.com.br\/"},{"@type":"ListItem","position":3,"name":"UNIGLOVES (SEM PO, COM HIDRATANTE) &#8211; VERDE MENTA LANO-E"}]},{"@type":"WebSite","@id":"https:\/\/glovesup.com.br\/#website","url":"https:\/\/glovesup.com.br\/","name":"Gloves\"UP_Conhe\u00e7a Nossos Produto!","description":"As Melhores Marcas de Luvas do Mercado para Voc\u00ea! QUALIDADE\/CUSTO BENEF\u00cdCIO S\u00d3 AQUI!!","publisher":{"@id":"https:\/\/glovesup.com.br\/#organization"},"alternateName":"Gloves\"UP_Conhe\u00e7a Nossos Produto!","potentialAction":[{"@type":"SearchAction","target":{"@type":"EntryPoint","urlTemplate":"https:\/\/glovesup.com.br\/?s={search_term_string}"},"query-input":{"@type":"PropertyValueSpecification","valueRequired":true,"valueName":"search_term_string"}}],"inLanguage":"pt-BR"},{"@type":"Organization","@id":"https:\/\/glovesup.com.br\/#organization","name":"GLOVESUP","url":"https:\/\/glovesup.com.br\/","logo":{"@type":"ImageObject","inLanguage":"pt-BR","@id":"https:\/\/glovesup.com.br\/#\/schema\/logo\/image\/","url":"https:\/\/glovesup.com.br\/wp-content\/uploads\/2024\/05\/cropped-WhatsApp-Image-2024-05-12-at-21.29.57-2.jpeg","contentUrl":"https:\/\/glovesup.com.br\/wp-content\/uploads\/2024\/05\/cropped-WhatsApp-Image-2024-05-12-at-21.29.57-2.jpeg","width":55,"height":55,"caption":"GLOVESUP"},"image":{"@id":"https:\/\/glovesup.com.br\/#\/schema\/logo\/image\/"},"sameAs":["https:\/\/www.instagram.com\/glovesup.distribuidora\/"]}]}},"jetpack_sharing_enabled":true,"_links":{"self":[{"href":"https:\/\/glovesup.com.br\/index.php\/wp-json\/wp\/v2\/product\/1044","targetHints":{"allow":["GET"]}}],"collection":[{"href":"https:\/\/glovesup.com.br\/index.php\/wp-json\/wp\/v2\/product"}],"about":[{"href":"https:\/\/glovesup.com.br\/index.php\/wp-json\/wp\/v2\/types\/product"}],"replies":[{"embeddable":true,"href":"https:\/\/glovesup.com.br\/index.php\/wp-json\/wp\/v2\/comments?post=1044"}],"wp:featuredmedia":[{"embeddable":true,"href":"https:\/\/glovesup.com.br\/index.php\/wp-json\/wp\/v2\/media\/1047"}],"wp:attachment":[{"href":"https:\/\/glovesup.com.br\/index.php\/wp-json\/wp\/v2\/media?parent=1044"}],"wp:term":[{"taxonomy":"product_brand","embeddable":true,"href":"https:\/\/glovesup.com.br\/index.php\/wp-json\/wp\/v2\/product_brand?post=1044"},{"taxonomy":"product_cat","embeddable":true,"href":"https:\/\/glovesup.com.br\/index.php\/wp-json\/wp\/v2\/product_cat?post=1044"},{"taxonomy":"product_tag","embeddable":true,"href":"https:\/\/glovesup.com.br\/index.php\/wp-json\/wp\/v2\/product_tag?post=1044"}],"curies":[{"name":"wp","href":"https:\/\/api.w.org\/{rel}","templated":true}]}}