{"id":624,"date":"2024-04-08T21:25:28","date_gmt":"2024-04-09T00:25:28","guid":{"rendered":"https:\/\/glovesup.com.br\/?page_id=624"},"modified":"2024-08-05T12:38:47","modified_gmt":"2024-08-05T15:38:47","slug":"as-melhores-marcas-do-mercado","status":"publish","type":"page","link":"https:\/\/glovesup.com.br\/index.php\/as-melhores-marcas-do-mercado\/","title":{"rendered":"NOSSAS REDES"},"content":{"rendered":"\n<p><\/p>\n\n\n\n<div id=\"sb_instagram\"  class=\"sbi sbi_mob_col_3 sbi_tab_col_2 sbi_col_3 sbi_width_resp\" style=\"padding-bottom: 2px;\"\t data-feedid=\"*1\"  data-res=\"auto\" data-cols=\"3\" data-colsmobile=\"3\" data-colstablet=\"2\" data-num=\"3\" data-nummobile=\"3\" data-item-padding=\"1\"\t data-shortcode-atts=\"{&quot;feed&quot;:&quot;1&quot;,&quot;cachetime&quot;:30}\"  data-postid=\"624\" data-locatornonce=\"93e0c35e26\" data-imageaspectratio=\"1:1\" data-sbi-flags=\"favorLocal,gdpr\">\n\t<div class=\"sb_instagram_header \"   >\n\t<a class=\"sbi_header_link\" target=\"_blank\"\n\t   rel=\"nofollow noopener\" href=\"https:\/\/www.instagram.com\/glovesup.distribuidora\/\" title=\"@glovesup.distribuidora\">\n\t\t<div class=\"sbi_header_text\">\n\t\t\t<div class=\"sbi_header_img\">\n\t\t\t\t\t\t\t\t\t<div class=\"sbi_header_img_hover\"  ><svg class=\"sbi_new_logo fa-instagram fa-w-14\" aria-hidden=\"true\" data-fa-processed=\"\" aria-label=\"Instagram\" data-prefix=\"fab\" data-icon=\"instagram\" role=\"img\" viewBox=\"0 0 448 512\">\n                    <path fill=\"currentColor\" d=\"M224.1 141c-63.6 0-114.9 51.3-114.9 114.9s51.3 114.9 114.9 114.9S339 319.5 339 255.9 287.7 141 224.1 141zm0 189.6c-41.1 0-74.7-33.5-74.7-74.7s33.5-74.7 74.7-74.7 74.7 33.5 74.7 74.7-33.6 74.7-74.7 74.7zm146.4-194.3c0 14.9-12 26.8-26.8 26.8-14.9 0-26.8-12-26.8-26.8s12-26.8 26.8-26.8 26.8 12 26.8 26.8zm76.1 27.2c-1.7-35.9-9.9-67.7-36.2-93.9-26.2-26.2-58-34.4-93.9-36.2-37-2.1-147.9-2.1-184.9 0-35.8 1.7-67.6 9.9-93.9 36.1s-34.4 58-36.2 93.9c-2.1 37-2.1 147.9 0 184.9 1.7 35.9 9.9 67.7 36.2 93.9s58 34.4 93.9 36.2c37 2.1 147.9 2.1 184.9 0 35.9-1.7 67.7-9.9 93.9-36.2 26.2-26.2 34.4-58 36.2-93.9 2.1-37 2.1-147.8 0-184.8zM398.8 388c-7.8 19.6-22.9 34.7-42.6 42.6-29.5 11.7-99.5 9-132.1 9s-102.7 2.6-132.1-9c-19.6-7.8-34.7-22.9-42.6-42.6-11.7-29.5-9-99.5-9-132.1s-2.6-102.7 9-132.1c7.8-19.6 22.9-34.7 42.6-42.6 29.5-11.7 99.5-9 132.1-9s102.7-2.6 132.1 9c19.6 7.8 34.7 22.9 42.6 42.6 11.7 29.5 9 99.5 9 132.1s2.7 102.7-9 132.1z\"><\/path>\n                <\/svg><\/div>\n\t\t\t\t\t<img decoding=\"async\"  src=\"https:\/\/glovesup.com.br\/wp-content\/uploads\/2024\/04\/Logo-Oficial.jpeg\" alt=\"\" width=\"50\" height=\"50\">\n\t\t\t\t\n\t\t\t\t\t\t\t<\/div>\n\n\t\t\t<div class=\"sbi_feedtheme_header_text\">\n\t\t\t\t<h3>glovesup.distribuidora<\/h3>\n\t\t\t\t\t\t\t\t\t<p class=\"sbi_bio\">Estamos Em Movimento! Aguardem!!...<\/p>\n\t\t\t\t\t\t\t<\/div>\n\t\t<\/div>\n\t<\/a>\n<\/div>\n\n\t<div id=\"sbi_images\"  style=\"gap: 2px;\">\n\t\t<div class=\"sbi_item sbi_type_video sbi_new sbi_transition\"\n\tid=\"sbi_18010420715435398\" data-date=\"1728939459\">\n\t<div class=\"sbi_photo_wrap\">\n\t\t<a class=\"sbi_photo\" href=\"https:\/\/www.instagram.com\/reel\/DBHlu7pxaNE\/\" target=\"_blank\" rel=\"noopener nofollow\"\n\t\t\tdata-full-res=\"https:\/\/scontent-gru2-2.cdninstagram.com\/v\/t51.29350-15\/462748309_1780960439401207_821209127483942448_n.jpg?_nc_cat=105&#038;ccb=1-7&#038;_nc_sid=18de74&#038;_nc_ohc=nvgAReXom-AQ7kNvgHuc9te&#038;_nc_zt=23&#038;_nc_ht=scontent-gru2-2.cdninstagram.com&#038;edm=ANo9K5cEAAAA&#038;_nc_gid=AXJm-0JTBLrlc94PdHyknDx&#038;oh=00_AYBHaTs7k9EACgU4ck9swEm9iuEqQe0qPZP94oyFsXJfag&#038;oe=6719C712\"\n\t\t\tdata-img-src-set=\"{&quot;d&quot;:&quot;https:\\\/\\\/scontent-gru2-2.cdninstagram.com\\\/v\\\/t51.29350-15\\\/462748309_1780960439401207_821209127483942448_n.jpg?_nc_cat=105&amp;ccb=1-7&amp;_nc_sid=18de74&amp;_nc_ohc=nvgAReXom-AQ7kNvgHuc9te&amp;_nc_zt=23&amp;_nc_ht=scontent-gru2-2.cdninstagram.com&amp;edm=ANo9K5cEAAAA&amp;_nc_gid=AXJm-0JTBLrlc94PdHyknDx&amp;oh=00_AYBHaTs7k9EACgU4ck9swEm9iuEqQe0qPZP94oyFsXJfag&amp;oe=6719C712&quot;,&quot;150&quot;:&quot;https:\\\/\\\/scontent-gru2-2.cdninstagram.com\\\/v\\\/t51.29350-15\\\/462748309_1780960439401207_821209127483942448_n.jpg?_nc_cat=105&amp;ccb=1-7&amp;_nc_sid=18de74&amp;_nc_ohc=nvgAReXom-AQ7kNvgHuc9te&amp;_nc_zt=23&amp;_nc_ht=scontent-gru2-2.cdninstagram.com&amp;edm=ANo9K5cEAAAA&amp;_nc_gid=AXJm-0JTBLrlc94PdHyknDx&amp;oh=00_AYBHaTs7k9EACgU4ck9swEm9iuEqQe0qPZP94oyFsXJfag&amp;oe=6719C712&quot;,&quot;320&quot;:&quot;https:\\\/\\\/scontent-gru2-2.cdninstagram.com\\\/v\\\/t51.29350-15\\\/462748309_1780960439401207_821209127483942448_n.jpg?_nc_cat=105&amp;ccb=1-7&amp;_nc_sid=18de74&amp;_nc_ohc=nvgAReXom-AQ7kNvgHuc9te&amp;_nc_zt=23&amp;_nc_ht=scontent-gru2-2.cdninstagram.com&amp;edm=ANo9K5cEAAAA&amp;_nc_gid=AXJm-0JTBLrlc94PdHyknDx&amp;oh=00_AYBHaTs7k9EACgU4ck9swEm9iuEqQe0qPZP94oyFsXJfag&amp;oe=6719C712&quot;,&quot;640&quot;:&quot;https:\\\/\\\/scontent-gru2-2.cdninstagram.com\\\/v\\\/t51.29350-15\\\/462748309_1780960439401207_821209127483942448_n.jpg?_nc_cat=105&amp;ccb=1-7&amp;_nc_sid=18de74&amp;_nc_ohc=nvgAReXom-AQ7kNvgHuc9te&amp;_nc_zt=23&amp;_nc_ht=scontent-gru2-2.cdninstagram.com&amp;edm=ANo9K5cEAAAA&amp;_nc_gid=AXJm-0JTBLrlc94PdHyknDx&amp;oh=00_AYBHaTs7k9EACgU4ck9swEm9iuEqQe0qPZP94oyFsXJfag&amp;oe=6719C712&quot;}\">\n\t\t\t<span class=\"sbi-screenreader\">\ud83c\udf89 \u201cQuem disse que segunda \u00e9 sem gra\u00e7a? \n\nBabadores<\/span>\n\t\t\t\t\t\t<svg style=\"color: rgba(255,255,255,1)\" class=\"svg-inline--fa fa-play fa-w-14 sbi_playbtn\" aria-label=\"Play\" aria-hidden=\"true\" data-fa-processed=\"\" data-prefix=\"fa\" data-icon=\"play\" role=\"presentation\" xmlns=\"http:\/\/www.w3.org\/2000\/svg\" viewBox=\"0 0 448 512\"><path fill=\"currentColor\" d=\"M424.4 214.7L72.4 6.6C43.8-10.3 0 6.1 0 47.9V464c0 37.5 40.7 60.1 72.4 41.3l352-208c31.4-18.5 31.5-64.1 0-82.6z\"><\/path><\/svg>\t\t\t<img decoding=\"async\" src=\"https:\/\/glovesup.com.br\/wp-content\/plugins\/instagram-feed\/img\/placeholder.png\" alt=\"\ud83c\udf89 \u201cQuem disse que segunda \u00e9 sem gra\u00e7a? \n\nBabadores super coloridos pra transformar seu ambiente de trabalho e come\u00e7ar a semana com estilo! \ud83c\udf08\ud83d\udca5 Aproveite a #Promo\u00e7\u00e3o e garanta um toque de cor no seu dia! \n\nAcesse nosso site e aproveite agora!\nwww.glovesup.com.br\n\n#glovesupdistribuidora#Odontologia #Estilo #SegundaColorida #Babadores\" aria-hidden=\"true\">\n\t\t<\/a>\n\t<\/div>\n<\/div><div class=\"sbi_item sbi_type_video sbi_new sbi_transition\"\n\tid=\"sbi_18030813830518412\" data-date=\"1728485410\">\n\t<div class=\"sbi_photo_wrap\">\n\t\t<a class=\"sbi_photo\" href=\"https:\/\/www.instagram.com\/reel\/DA6DKDyxXPX\/\" target=\"_blank\" rel=\"noopener nofollow\"\n\t\t\tdata-full-res=\"https:\/\/scontent-gru2-2.cdninstagram.com\/v\/t51.29350-15\/462454559_466764562340888_695283476622791119_n.jpg?_nc_cat=102&#038;ccb=1-7&#038;_nc_sid=18de74&#038;_nc_ohc=ocOSGmTkHK4Q7kNvgGdtmpX&#038;_nc_zt=23&#038;_nc_ht=scontent-gru2-2.cdninstagram.com&#038;edm=ANo9K5cEAAAA&#038;_nc_gid=AXJm-0JTBLrlc94PdHyknDx&#038;oh=00_AYCOw0kUUestp4hc_XbQ-dY_U56ZR4PgPb5u9-8yyPk6zQ&#038;oe=6719C0F3\"\n\t\t\tdata-img-src-set=\"{&quot;d&quot;:&quot;https:\\\/\\\/scontent-gru2-2.cdninstagram.com\\\/v\\\/t51.29350-15\\\/462454559_466764562340888_695283476622791119_n.jpg?_nc_cat=102&amp;ccb=1-7&amp;_nc_sid=18de74&amp;_nc_ohc=ocOSGmTkHK4Q7kNvgGdtmpX&amp;_nc_zt=23&amp;_nc_ht=scontent-gru2-2.cdninstagram.com&amp;edm=ANo9K5cEAAAA&amp;_nc_gid=AXJm-0JTBLrlc94PdHyknDx&amp;oh=00_AYCOw0kUUestp4hc_XbQ-dY_U56ZR4PgPb5u9-8yyPk6zQ&amp;oe=6719C0F3&quot;,&quot;150&quot;:&quot;https:\\\/\\\/scontent-gru2-2.cdninstagram.com\\\/v\\\/t51.29350-15\\\/462454559_466764562340888_695283476622791119_n.jpg?_nc_cat=102&amp;ccb=1-7&amp;_nc_sid=18de74&amp;_nc_ohc=ocOSGmTkHK4Q7kNvgGdtmpX&amp;_nc_zt=23&amp;_nc_ht=scontent-gru2-2.cdninstagram.com&amp;edm=ANo9K5cEAAAA&amp;_nc_gid=AXJm-0JTBLrlc94PdHyknDx&amp;oh=00_AYCOw0kUUestp4hc_XbQ-dY_U56ZR4PgPb5u9-8yyPk6zQ&amp;oe=6719C0F3&quot;,&quot;320&quot;:&quot;https:\\\/\\\/scontent-gru2-2.cdninstagram.com\\\/v\\\/t51.29350-15\\\/462454559_466764562340888_695283476622791119_n.jpg?_nc_cat=102&amp;ccb=1-7&amp;_nc_sid=18de74&amp;_nc_ohc=ocOSGmTkHK4Q7kNvgGdtmpX&amp;_nc_zt=23&amp;_nc_ht=scontent-gru2-2.cdninstagram.com&amp;edm=ANo9K5cEAAAA&amp;_nc_gid=AXJm-0JTBLrlc94PdHyknDx&amp;oh=00_AYCOw0kUUestp4hc_XbQ-dY_U56ZR4PgPb5u9-8yyPk6zQ&amp;oe=6719C0F3&quot;,&quot;640&quot;:&quot;https:\\\/\\\/scontent-gru2-2.cdninstagram.com\\\/v\\\/t51.29350-15\\\/462454559_466764562340888_695283476622791119_n.jpg?_nc_cat=102&amp;ccb=1-7&amp;_nc_sid=18de74&amp;_nc_ohc=ocOSGmTkHK4Q7kNvgGdtmpX&amp;_nc_zt=23&amp;_nc_ht=scontent-gru2-2.cdninstagram.com&amp;edm=ANo9K5cEAAAA&amp;_nc_gid=AXJm-0JTBLrlc94PdHyknDx&amp;oh=00_AYCOw0kUUestp4hc_XbQ-dY_U56ZR4PgPb5u9-8yyPk6zQ&amp;oe=6719C0F3&quot;}\">\n\t\t\t<span class=\"sbi-screenreader\">\ud83c\udfa5 \u201cNos bastidores de cada entrega...\u201d \ud83d\ude9a\u2728\n\nDo prime<\/span>\n\t\t\t\t\t\t<svg style=\"color: rgba(255,255,255,1)\" class=\"svg-inline--fa fa-play fa-w-14 sbi_playbtn\" aria-label=\"Play\" aria-hidden=\"true\" data-fa-processed=\"\" data-prefix=\"fa\" data-icon=\"play\" role=\"presentation\" xmlns=\"http:\/\/www.w3.org\/2000\/svg\" viewBox=\"0 0 448 512\"><path fill=\"currentColor\" d=\"M424.4 214.7L72.4 6.6C43.8-10.3 0 6.1 0 47.9V464c0 37.5 40.7 60.1 72.4 41.3l352-208c31.4-18.5 31.5-64.1 0-82.6z\"><\/path><\/svg>\t\t\t<img decoding=\"async\" src=\"https:\/\/glovesup.com.br\/wp-content\/plugins\/instagram-feed\/img\/placeholder.png\" alt=\"\ud83c\udfa5 \u201cNos bastidores de cada entrega...\u201d \ud83d\ude9a\u2728\n\nDo primeiro caf\u00e9 at\u00e9 o \u00faltimo pacote, nossa rotina \u00e9 embalada por dedica\u00e7\u00e3o e agilidade! \u2615\ud83d\udce6\n\nCada movimento r\u00e1pido \u00e9 um passo a mais para garantir que tudo chegue at\u00e9 voc\u00ea, com carinho e pontualidade. Porque aqui, cada detalhe conta! \ud83d\udcbc\ud83d\udc96\n\nJ\u00e1 pensou no que acontece por tr\u00e1s das suas encomendas? \ud83d\ude09\n\n#glovesupdistribuidora#rotinacomprop\u00f3sito #demaosaobra #carinhoemcadapacote #entregaespecial\" aria-hidden=\"true\">\n\t\t<\/a>\n\t<\/div>\n<\/div><div class=\"sbi_item sbi_type_video sbi_new sbi_transition\"\n\tid=\"sbi_17926182542958885\" data-date=\"1728333238\">\n\t<div class=\"sbi_photo_wrap\">\n\t\t<a class=\"sbi_photo\" href=\"https:\/\/www.instagram.com\/reel\/DA1UsPMxcPX\/\" target=\"_blank\" rel=\"noopener nofollow\"\n\t\t\tdata-full-res=\"https:\/\/scontent-gru2-1.cdninstagram.com\/v\/t51.29350-15\/462143486_1634810237377331_1757673652200755371_n.jpg?_nc_cat=109&#038;ccb=1-7&#038;_nc_sid=18de74&#038;_nc_ohc=SdluehxXkrYQ7kNvgGi_Z5z&#038;_nc_zt=23&#038;_nc_ht=scontent-gru2-1.cdninstagram.com&#038;edm=ANo9K5cEAAAA&#038;_nc_gid=AXJm-0JTBLrlc94PdHyknDx&#038;oh=00_AYAM6qb9fi7NLkSHzKhwQWxurBSYArSQ6Wy2rSugsKakDQ&#038;oe=6719C637\"\n\t\t\tdata-img-src-set=\"{&quot;d&quot;:&quot;https:\\\/\\\/scontent-gru2-1.cdninstagram.com\\\/v\\\/t51.29350-15\\\/462143486_1634810237377331_1757673652200755371_n.jpg?_nc_cat=109&amp;ccb=1-7&amp;_nc_sid=18de74&amp;_nc_ohc=SdluehxXkrYQ7kNvgGi_Z5z&amp;_nc_zt=23&amp;_nc_ht=scontent-gru2-1.cdninstagram.com&amp;edm=ANo9K5cEAAAA&amp;_nc_gid=AXJm-0JTBLrlc94PdHyknDx&amp;oh=00_AYAM6qb9fi7NLkSHzKhwQWxurBSYArSQ6Wy2rSugsKakDQ&amp;oe=6719C637&quot;,&quot;150&quot;:&quot;https:\\\/\\\/scontent-gru2-1.cdninstagram.com\\\/v\\\/t51.29350-15\\\/462143486_1634810237377331_1757673652200755371_n.jpg?_nc_cat=109&amp;ccb=1-7&amp;_nc_sid=18de74&amp;_nc_ohc=SdluehxXkrYQ7kNvgGi_Z5z&amp;_nc_zt=23&amp;_nc_ht=scontent-gru2-1.cdninstagram.com&amp;edm=ANo9K5cEAAAA&amp;_nc_gid=AXJm-0JTBLrlc94PdHyknDx&amp;oh=00_AYAM6qb9fi7NLkSHzKhwQWxurBSYArSQ6Wy2rSugsKakDQ&amp;oe=6719C637&quot;,&quot;320&quot;:&quot;https:\\\/\\\/scontent-gru2-1.cdninstagram.com\\\/v\\\/t51.29350-15\\\/462143486_1634810237377331_1757673652200755371_n.jpg?_nc_cat=109&amp;ccb=1-7&amp;_nc_sid=18de74&amp;_nc_ohc=SdluehxXkrYQ7kNvgGi_Z5z&amp;_nc_zt=23&amp;_nc_ht=scontent-gru2-1.cdninstagram.com&amp;edm=ANo9K5cEAAAA&amp;_nc_gid=AXJm-0JTBLrlc94PdHyknDx&amp;oh=00_AYAM6qb9fi7NLkSHzKhwQWxurBSYArSQ6Wy2rSugsKakDQ&amp;oe=6719C637&quot;,&quot;640&quot;:&quot;https:\\\/\\\/scontent-gru2-1.cdninstagram.com\\\/v\\\/t51.29350-15\\\/462143486_1634810237377331_1757673652200755371_n.jpg?_nc_cat=109&amp;ccb=1-7&amp;_nc_sid=18de74&amp;_nc_ohc=SdluehxXkrYQ7kNvgGi_Z5z&amp;_nc_zt=23&amp;_nc_ht=scontent-gru2-1.cdninstagram.com&amp;edm=ANo9K5cEAAAA&amp;_nc_gid=AXJm-0JTBLrlc94PdHyknDx&amp;oh=00_AYAM6qb9fi7NLkSHzKhwQWxurBSYArSQ6Wy2rSugsKakDQ&amp;oe=6719C637&quot;}\">\n\t\t\t<span class=\"sbi-screenreader\">\ud83d\udcab Correr sem destino, rir at\u00e9 a barriga doer e acr<\/span>\n\t\t\t\t\t\t<svg style=\"color: rgba(255,255,255,1)\" class=\"svg-inline--fa fa-play fa-w-14 sbi_playbtn\" aria-label=\"Play\" aria-hidden=\"true\" data-fa-processed=\"\" data-prefix=\"fa\" data-icon=\"play\" role=\"presentation\" xmlns=\"http:\/\/www.w3.org\/2000\/svg\" viewBox=\"0 0 448 512\"><path fill=\"currentColor\" d=\"M424.4 214.7L72.4 6.6C43.8-10.3 0 6.1 0 47.9V464c0 37.5 40.7 60.1 72.4 41.3l352-208c31.4-18.5 31.5-64.1 0-82.6z\"><\/path><\/svg>\t\t\t<img decoding=\"async\" src=\"https:\/\/glovesup.com.br\/wp-content\/plugins\/instagram-feed\/img\/placeholder.png\" alt=\"\ud83d\udcab Correr sem destino, rir at\u00e9 a barriga doer e acreditar que o mundo \u00e9 cheio de magia... isso \u00e9 ser crian\u00e7a! \ud83c\udf1f\n\n\u2728 No Dia das Crian\u00e7as, vamos nos conectar com essa energia que transforma o simples em extraordin\u00e1rio. Que momento te faz reviver essa alegria? \n\nCompartilhe aqui nos coment\u00e1rios e vamos espalhar a leveza que s\u00f3 uma crian\u00e7a sabe sentir! \ud83d\ude0d\ud83c\udf88\n\nglovesupdistribuidora#diadascrian\u00e7as #inf\u00e2nciainesquec\u00edvel #felicidadegenuina #vivaohoje #esp\u00edritocrian\u00e7a\" aria-hidden=\"true\">\n\t\t<\/a>\n\t<\/div>\n<\/div>\t<\/div>\n\n\t<div id=\"sbi_load\" >\n\n\t\t\t<button class=\"sbi_load_btn\"\n\t\t\ttype=\"button\"  style=\"background: rgb(61,141,58);\">\n\t\t\t<span class=\"sbi_btn_text\" >Veja mais!!<\/span>\n\t\t\t<span class=\"sbi_loader sbi_hidden\" style=\"background-color: rgb(255, 255, 255);\" aria-hidden=\"true\"><\/span>\n\t\t<\/button>\n\t\n\t\t\t<span class=\"sbi_follow_btn sbi_custom\" >\n\t\t\t<a target=\"_blank\"\n\t\t\t\trel=\"nofollow noopener\"  href=\"https:\/\/www.instagram.com\/glovesup.distribuidora\/\" style=\"background: rgb(62,149,49);\">\n\t\t\t\t<svg class=\"svg-inline--fa fa-instagram fa-w-14\" aria-hidden=\"true\" data-fa-processed=\"\" aria-label=\"Instagram\" data-prefix=\"fab\" data-icon=\"instagram\" role=\"img\" viewBox=\"0 0 448 512\">\n                    <path fill=\"currentColor\" d=\"M224.1 141c-63.6 0-114.9 51.3-114.9 114.9s51.3 114.9 114.9 114.9S339 319.5 339 255.9 287.7 141 224.1 141zm0 189.6c-41.1 0-74.7-33.5-74.7-74.7s33.5-74.7 74.7-74.7 74.7 33.5 74.7 74.7-33.6 74.7-74.7 74.7zm146.4-194.3c0 14.9-12 26.8-26.8 26.8-14.9 0-26.8-12-26.8-26.8s12-26.8 26.8-26.8 26.8 12 26.8 26.8zm76.1 27.2c-1.7-35.9-9.9-67.7-36.2-93.9-26.2-26.2-58-34.4-93.9-36.2-37-2.1-147.9-2.1-184.9 0-35.8 1.7-67.6 9.9-93.9 36.1s-34.4 58-36.2 93.9c-2.1 37-2.1 147.9 0 184.9 1.7 35.9 9.9 67.7 36.2 93.9s58 34.4 93.9 36.2c37 2.1 147.9 2.1 184.9 0 35.9-1.7 67.7-9.9 93.9-36.2 26.2-26.2 34.4-58 36.2-93.9 2.1-37 2.1-147.8 0-184.8zM398.8 388c-7.8 19.6-22.9 34.7-42.6 42.6-29.5 11.7-99.5 9-132.1 9s-102.7 2.6-132.1-9c-19.6-7.8-34.7-22.9-42.6-42.6-11.7-29.5-9-99.5-9-132.1s-2.6-102.7 9-132.1c7.8-19.6 22.9-34.7 42.6-42.6 29.5-11.7 99.5-9 132.1-9s102.7-2.6 132.1 9c19.6 7.8 34.7 22.9 42.6 42.6 11.7 29.5 9 99.5 9 132.1s2.7 102.7-9 132.1z\"><\/path>\n                <\/svg>\t\t\t\t<span>Siga no Instagram<\/span>\n\t\t\t<\/a>\n\t\t<\/span>\n\t\n<\/div>\n\t\t<span class=\"sbi_resized_image_data\" data-feed-id=\"*1\"\n\t\t  data-resized=\"{&quot;17926182542958885&quot;:{&quot;id&quot;:&quot;462143486_1634810237377331_1757673652200755371_n&quot;,&quot;ratio&quot;:&quot;0.56&quot;,&quot;sizes&quot;:{&quot;full&quot;:640,&quot;low&quot;:320,&quot;thumb&quot;:150},&quot;extension&quot;:&quot;.webp&quot;},&quot;18030813830518412&quot;:{&quot;id&quot;:&quot;462454559_466764562340888_695283476622791119_n&quot;,&quot;ratio&quot;:&quot;0.56&quot;,&quot;sizes&quot;:{&quot;full&quot;:640,&quot;low&quot;:320,&quot;thumb&quot;:150},&quot;extension&quot;:&quot;.webp&quot;},&quot;18010420715435398&quot;:{&quot;id&quot;:&quot;462748309_1780960439401207_821209127483942448_n&quot;,&quot;ratio&quot;:&quot;0.56&quot;,&quot;sizes&quot;:{&quot;full&quot;:640,&quot;low&quot;:320,&quot;thumb&quot;:150},&quot;extension&quot;:&quot;.webp&quot;}}\">\n\t<\/span>\n\t<\/div>\n\n\t<style type=\"text\/css\">\n\t\t\t\t\t\t#sb_instagram .sbi_follow_btn a:hover,\n\t\t#sb_instagram .sbi_follow_btn a:focus {\n\t\t\toutline: none;\n\t\t\tbox-shadow: inset 0 0 10px 20px#5BBB4D;\n\t\t}\n\n\t\t\t<\/style>\n\t\n\n\n\n<p><\/p>\n","protected":false},"excerpt":{"rendered":"","protected":false},"author":1,"featured_media":0,"parent":0,"menu_order":0,"comment_status":"closed","ping_status":"closed","template":"","meta":{"_joinchat":[],"footnotes":""},"class_list":["post-624","page","type-page","status-publish","hentry"],"yoast_head":"<!-- This site is optimized with the Yoast SEO plugin v24.3 - https:\/\/yoast.com\/wordpress\/plugins\/seo\/ -->\n<title>NOSSAS REDES - GLOVES&#039;UP<\/title>\n<meta name=\"robots\" content=\"index, follow, max-snippet:-1, max-image-preview:large, max-video-preview:-1\" \/>\n<link rel=\"canonical\" href=\"https:\/\/glovesup.com.br\/index.php\/as-melhores-marcas-do-mercado\/\" \/>\n<meta property=\"og:locale\" content=\"pt_BR\" \/>\n<meta property=\"og:type\" content=\"article\" \/>\n<meta property=\"og:title\" content=\"NOSSAS REDES - GLOVES&#039;UP\" \/>\n<meta property=\"og:url\" content=\"https:\/\/glovesup.com.br\/index.php\/as-melhores-marcas-do-mercado\/\" \/>\n<meta property=\"og:site_name\" content=\"GLOVES&#039;UP\" \/>\n<meta property=\"article:modified_time\" content=\"2024-08-05T15:38:47+00:00\" \/>\n<meta property=\"og:image\" content=\"https:\/\/glovesup.com.br\/wp-content\/uploads\/2024\/08\/logo-canva.png\" \/>\n\t<meta property=\"og:image:width\" content=\"540\" \/>\n\t<meta property=\"og:image:height\" content=\"540\" \/>\n\t<meta property=\"og:image:type\" content=\"image\/png\" \/>\n<meta name=\"twitter:card\" content=\"summary_large_image\" \/>\n<meta name=\"twitter:label1\" content=\"Est. tempo de leitura\" \/>\n\t<meta name=\"twitter:data1\" content=\"1 minuto\" \/>\n<script type=\"application\/ld+json\" class=\"yoast-schema-graph\">{\"@context\":\"https:\/\/schema.org\",\"@graph\":[{\"@type\":\"WebPage\",\"@id\":\"https:\/\/glovesup.com.br\/index.php\/as-melhores-marcas-do-mercado\/\",\"url\":\"https:\/\/glovesup.com.br\/index.php\/as-melhores-marcas-do-mercado\/\",\"name\":\"NOSSAS REDES - GLOVES&#039;UP\",\"isPartOf\":{\"@id\":\"https:\/\/glovesup.com.br\/#website\"},\"datePublished\":\"2024-04-09T00:25:28+00:00\",\"dateModified\":\"2024-08-05T15:38:47+00:00\",\"breadcrumb\":{\"@id\":\"https:\/\/glovesup.com.br\/index.php\/as-melhores-marcas-do-mercado\/#breadcrumb\"},\"inLanguage\":\"pt-BR\",\"potentialAction\":[{\"@type\":\"ReadAction\",\"target\":[\"https:\/\/glovesup.com.br\/index.php\/as-melhores-marcas-do-mercado\/\"]}]},{\"@type\":\"BreadcrumbList\",\"@id\":\"https:\/\/glovesup.com.br\/index.php\/as-melhores-marcas-do-mercado\/#breadcrumb\",\"itemListElement\":[{\"@type\":\"ListItem\",\"position\":1,\"name\":\"In\u00edcio\",\"item\":\"https:\/\/glovesup.com.br\/\"},{\"@type\":\"ListItem\",\"position\":2,\"name\":\"NOSSAS REDES\"}]},{\"@type\":\"WebSite\",\"@id\":\"https:\/\/glovesup.com.br\/#website\",\"url\":\"https:\/\/glovesup.com.br\/\",\"name\":\"Gloves\\\"UP_Conhe\u00e7a Nossos Produto!\",\"description\":\"As Melhores Marcas de Luvas do Mercado para Voc\u00ea! QUALIDADE\/CUSTO BENEF\u00cdCIO S\u00d3 AQUI!!\",\"publisher\":{\"@id\":\"https:\/\/glovesup.com.br\/#organization\"},\"alternateName\":\"Gloves\\\"UP_Conhe\u00e7a Nossos Produto!\",\"potentialAction\":[{\"@type\":\"SearchAction\",\"target\":{\"@type\":\"EntryPoint\",\"urlTemplate\":\"https:\/\/glovesup.com.br\/?s={search_term_string}\"},\"query-input\":{\"@type\":\"PropertyValueSpecification\",\"valueRequired\":true,\"valueName\":\"search_term_string\"}}],\"inLanguage\":\"pt-BR\"},{\"@type\":\"Organization\",\"@id\":\"https:\/\/glovesup.com.br\/#organization\",\"name\":\"GLOVESUP\",\"url\":\"https:\/\/glovesup.com.br\/\",\"logo\":{\"@type\":\"ImageObject\",\"inLanguage\":\"pt-BR\",\"@id\":\"https:\/\/glovesup.com.br\/#\/schema\/logo\/image\/\",\"url\":\"https:\/\/glovesup.com.br\/wp-content\/uploads\/2024\/05\/cropped-WhatsApp-Image-2024-05-12-at-21.29.57-2.jpeg\",\"contentUrl\":\"https:\/\/glovesup.com.br\/wp-content\/uploads\/2024\/05\/cropped-WhatsApp-Image-2024-05-12-at-21.29.57-2.jpeg\",\"width\":55,\"height\":55,\"caption\":\"GLOVESUP\"},\"image\":{\"@id\":\"https:\/\/glovesup.com.br\/#\/schema\/logo\/image\/\"},\"sameAs\":[\"https:\/\/www.instagram.com\/glovesup.distribuidora\/\"]}]}<\/script>\n<!-- \/ Yoast SEO plugin. -->","yoast_head_json":{"title":"NOSSAS REDES - GLOVES&#039;UP","robots":{"index":"index","follow":"follow","max-snippet":"max-snippet:-1","max-image-preview":"max-image-preview:large","max-video-preview":"max-video-preview:-1"},"canonical":"https:\/\/glovesup.com.br\/index.php\/as-melhores-marcas-do-mercado\/","og_locale":"pt_BR","og_type":"article","og_title":"NOSSAS REDES - GLOVES&#039;UP","og_url":"https:\/\/glovesup.com.br\/index.php\/as-melhores-marcas-do-mercado\/","og_site_name":"GLOVES&#039;UP","article_modified_time":"2024-08-05T15:38:47+00:00","og_image":[{"width":540,"height":540,"url":"https:\/\/glovesup.com.br\/wp-content\/uploads\/2024\/08\/logo-canva.png","type":"image\/png"}],"twitter_card":"summary_large_image","twitter_misc":{"Est. tempo de leitura":"1 minuto"},"schema":{"@context":"https:\/\/schema.org","@graph":[{"@type":"WebPage","@id":"https:\/\/glovesup.com.br\/index.php\/as-melhores-marcas-do-mercado\/","url":"https:\/\/glovesup.com.br\/index.php\/as-melhores-marcas-do-mercado\/","name":"NOSSAS REDES - GLOVES&#039;UP","isPartOf":{"@id":"https:\/\/glovesup.com.br\/#website"},"datePublished":"2024-04-09T00:25:28+00:00","dateModified":"2024-08-05T15:38:47+00:00","breadcrumb":{"@id":"https:\/\/glovesup.com.br\/index.php\/as-melhores-marcas-do-mercado\/#breadcrumb"},"inLanguage":"pt-BR","potentialAction":[{"@type":"ReadAction","target":["https:\/\/glovesup.com.br\/index.php\/as-melhores-marcas-do-mercado\/"]}]},{"@type":"BreadcrumbList","@id":"https:\/\/glovesup.com.br\/index.php\/as-melhores-marcas-do-mercado\/#breadcrumb","itemListElement":[{"@type":"ListItem","position":1,"name":"In\u00edcio","item":"https:\/\/glovesup.com.br\/"},{"@type":"ListItem","position":2,"name":"NOSSAS REDES"}]},{"@type":"WebSite","@id":"https:\/\/glovesup.com.br\/#website","url":"https:\/\/glovesup.com.br\/","name":"Gloves\"UP_Conhe\u00e7a Nossos Produto!","description":"As Melhores Marcas de Luvas do Mercado para Voc\u00ea! QUALIDADE\/CUSTO BENEF\u00cdCIO S\u00d3 AQUI!!","publisher":{"@id":"https:\/\/glovesup.com.br\/#organization"},"alternateName":"Gloves\"UP_Conhe\u00e7a Nossos Produto!","potentialAction":[{"@type":"SearchAction","target":{"@type":"EntryPoint","urlTemplate":"https:\/\/glovesup.com.br\/?s={search_term_string}"},"query-input":{"@type":"PropertyValueSpecification","valueRequired":true,"valueName":"search_term_string"}}],"inLanguage":"pt-BR"},{"@type":"Organization","@id":"https:\/\/glovesup.com.br\/#organization","name":"GLOVESUP","url":"https:\/\/glovesup.com.br\/","logo":{"@type":"ImageObject","inLanguage":"pt-BR","@id":"https:\/\/glovesup.com.br\/#\/schema\/logo\/image\/","url":"https:\/\/glovesup.com.br\/wp-content\/uploads\/2024\/05\/cropped-WhatsApp-Image-2024-05-12-at-21.29.57-2.jpeg","contentUrl":"https:\/\/glovesup.com.br\/wp-content\/uploads\/2024\/05\/cropped-WhatsApp-Image-2024-05-12-at-21.29.57-2.jpeg","width":55,"height":55,"caption":"GLOVESUP"},"image":{"@id":"https:\/\/glovesup.com.br\/#\/schema\/logo\/image\/"},"sameAs":["https:\/\/www.instagram.com\/glovesup.distribuidora\/"]}]}},"jetpack_sharing_enabled":true,"_links":{"self":[{"href":"https:\/\/glovesup.com.br\/index.php\/wp-json\/wp\/v2\/pages\/624","targetHints":{"allow":["GET"]}}],"collection":[{"href":"https:\/\/glovesup.com.br\/index.php\/wp-json\/wp\/v2\/pages"}],"about":[{"href":"https:\/\/glovesup.com.br\/index.php\/wp-json\/wp\/v2\/types\/page"}],"author":[{"embeddable":true,"href":"https:\/\/glovesup.com.br\/index.php\/wp-json\/wp\/v2\/users\/1"}],"replies":[{"embeddable":true,"href":"https:\/\/glovesup.com.br\/index.php\/wp-json\/wp\/v2\/comments?post=624"}],"version-history":[{"count":2,"href":"https:\/\/glovesup.com.br\/index.php\/wp-json\/wp\/v2\/pages\/624\/revisions"}],"predecessor-version":[{"id":627,"href":"https:\/\/glovesup.com.br\/index.php\/wp-json\/wp\/v2\/pages\/624\/revisions\/627"}],"wp:attachment":[{"href":"https:\/\/glovesup.com.br\/index.php\/wp-json\/wp\/v2\/media?parent=624"}],"curies":[{"name":"wp","href":"https:\/\/api.w.org\/{rel}","templated":true}]}}